{"id":29989,"date":"2022-03-24T10:58:47","date_gmt":"2022-03-24T09:58:47","guid":{"rendered":"https:\/\/vsa-aas.ch\/archives-suisses\/droit-et-ethique\/"},"modified":"2022-06-23T13:32:33","modified_gmt":"2022-06-23T12:32:33","slug":"droit-et-ethique","status":"publish","type":"page","link":"https:\/\/vsa-aas.ch\/fr\/archives-suisses\/droit-et-ethique\/","title":{"rendered":"Droit et \u00e9thique"},"content":{"rendered":"\t\t<div data-elementor-type=\"wp-page\" data-elementor-id=\"29989\" class=\"elementor elementor-29989 elementor-26252\" data-elementor-post-type=\"page\">\n\t\t\t\t\t\t<section class=\"elementor-section elementor-top-section elementor-element elementor-element-37e1ea5d elementor-section-boxed elementor-section-height-default elementor-section-height-default\" data-id=\"37e1ea5d\" data-element_type=\"section\" data-e-type=\"section\">\n\t\t\t\t\t\t<div class=\"elementor-container elementor-column-gap-default\">\n\t\t\t\t\t<div class=\"elementor-column elementor-col-100 elementor-top-column elementor-element elementor-element-12d635be\" data-id=\"12d635be\" data-element_type=\"column\" data-e-type=\"column\">\n\t\t\t<div class=\"elementor-widget-wrap elementor-element-populated\">\n\t\t\t\t\t\t<div class=\"elementor-element elementor-element-6fac90f5 elementor-widget elementor-widget-text-editor\" data-id=\"6fac90f5\" data-element_type=\"widget\" data-e-type=\"widget\" data-widget_type=\"text-editor.default\">\n\t\t\t\t<div class=\"elementor-widget-container\">\n\t\t\t\t\t\t\t\t\t<h2><strong>Au plan national : le droit archivistique<\/strong><\/h2><p>Un \u00c9tat de droit lib\u00e9ral et d\u00e9mocratique doit garantir \u00e0 ses citoyen\u00b7nes la possibilit\u00e9 de comprendre et de critiquer l\u2019action des pouvoirs publics. Les Archives jouent ici un grand r\u00f4le.<\/p><p>En Suisse, le droit archivistique est organis\u00e9 de mani\u00e8re f\u00e9d\u00e9raliste : la <a href=\"https:\/\/www.fedlex.admin.ch\/eli\/cc\/1999\/354\/fr\" target=\"_blank\" rel=\"noopener\">loi f\u00e9d\u00e9rale sur l\u2019archivage (LAr) du 26 juin 1998<\/a> r\u00e9git uniquement les t\u00e2ches des Archives f\u00e9d\u00e9rales et des archives de l\u2019administration f\u00e9d\u00e9rale. Dans le recueil syst\u00e9matique du droit f\u00e9d\u00e9ral, la LAr trouve sa place \u00e0 la rubrique \u00ab Libert\u00e9s d\u2019opinion et d\u2019information \u00bb. Toutes les autres archives publiques suisses sont soumises aux l\u00e9gislations cantonales. Il existe sur Wikip\u00e9dia une <a href=\"https:\/\/fr.wikipedia.org\/wiki\/Droit_archivistique_en_Suisse\" target=\"_blank\" rel=\"noopener\">liste des lois et des ordonnances f\u00e9d\u00e9rales et cantonales relatives aux archives<\/a>. Les lois concernant les archives sont g\u00e9n\u00e9ralement associ\u00e9es \u00e0 des sujets de droit \u00ab apparent\u00e9s \u00bb : lois sur le principe de transparence, la protection des donn\u00e9es et la r\u00e9glementation de proc\u00e9dures administratives.<\/p><p>Les activit\u00e9s des archives publiques sont r\u00e9gies par des lois, des ordonnances ou des r\u00e8glements. Ces bases l\u00e9gales ont plusieurs fonctions : elles d\u00e9finissent la mission des Archives, assignent un cadre \u00e0 la constitution de fonds et d\u00e9terminent la valeur archivistique ainsi que les conditions d\u2019accessibilit\u00e9 et d\u2019utilisation des documents.<\/p><p>Les services d&rsquo;archives priv\u00e9es (p. ex. archives d\u2019associations ou d\u2019entreprises) et les archives internationales (p. ex. Archives de l\u2019ONU) tracent elles-m\u00eames les contours de leur sph\u00e8re d\u2019activit\u00e9. L\u2019AAS s\u2019engage pour que ces archives soient elles aussi pr\u00e9serv\u00e9es.<\/p><h2><strong>Au plan international : \u00e9thique et valeurs fondamentales<\/strong><\/h2><p>Le travail des archivistes suisses se conforme \u00e0 des dispositions internationales. Celles-ci formulent des principes \u00e9thiques et apportent des r\u00e9ponses aux questions relatives \u00e0 la responsabilit\u00e9 en mati\u00e8re d\u2019archivage. L\u2019AAS s\u2019engage avec d\u2019autres organisations (par exemple le Conseil international des archives\/CIA) pour l\u2019\u00e9laboration de normes et standards universels, qu\u2019elle adapte au contexte suisse.<\/p><p>Le <a href=\"https:\/\/vsa-aas.ch\/wp-content\/uploads\/2015\/03\/Dokument-Kodex-ethischer-Grundsaetze-VSA-Publikation-d2cf2ci2ce.pdf\">Code \u00e9thique des archivistes<\/a> pose la base de l\u2019engagement moral des archivistes en Suisse.<\/p><p>Ses principes portent sur ces valeurs :<\/p><ul><li>assurer l\u2019int\u00e9grit\u00e9 et l\u2019authenticit\u00e9 des documents archiv\u00e9s, qui ne doivent subir aucune alt\u00e9ration.<\/li><li>respecter le principe de provenance et l\u2019ordonnancement initial des documents<\/li><li>les pr\u00e9server de fa\u00e7on \u00e0 ce qu\u2019ils restent utilisables continuellement<\/li><li>en user impartialement vis-\u00e0-vis de tous les partenaires et tiers int\u00e9ress\u00e9s<\/li><\/ul><p>La <a href=\"https:\/\/www.ica.org\/fr\/declaration-universelle-sur-les-archives-dua\" target=\"_blank\" rel=\"noopener\">d\u00e9claration universelle sur les archives (Universal Declaration on Archives UDA)<\/a> reconna\u00eet la diversit\u00e9 et le caract\u00e8re unique et irrempla\u00e7able des archives, le r\u00f4le des archivistes et la responsabilit\u00e9 de la soci\u00e9t\u00e9 dans la conservation de ces sources d\u2019information. Vous pouvez manifester votre soutien \u00e0 l\u2019UDA en signant <a href=\"https:\/\/www.ica.org\/fr\/get-involved\/apportez-votre-soutien-a-la-declaration-universelle-des-archives\" target=\"_blank\" rel=\"noopener\">la liste de soutien<\/a> en ligne.<\/p><p>a<\/p>\t\t\t\t\t\t\t\t<\/div>\n\t\t\t\t<\/div>\n\t\t\t\t\t<\/div>\n\t\t<\/div>\n\t\t\t\t\t<\/div>\n\t\t<\/section>\n\t\t\t\t<section class=\"elementor-section elementor-top-section elementor-element elementor-element-d4fd07e elementor-section-boxed elementor-section-height-default elementor-section-height-default\" data-id=\"d4fd07e\" data-element_type=\"section\" data-e-type=\"section\">\n\t\t\t\t\t\t<div class=\"elementor-container elementor-column-gap-default\">\n\t\t\t\t\t<div class=\"elementor-column elementor-col-100 elementor-top-column elementor-element elementor-element-324b2f3\" data-id=\"324b2f3\" data-element_type=\"column\" data-e-type=\"column\">\n\t\t\t<div class=\"elementor-widget-wrap elementor-element-populated\">\n\t\t\t\t\t\t<div class=\"elementor-element elementor-element-a062328 elementor-widget elementor-widget-shortcode\" data-id=\"a062328\" data-element_type=\"widget\" data-e-type=\"widget\" data-widget_type=\"shortcode.default\">\n\t\t\t\t<div class=\"elementor-widget-container\">\n\t\t\t\t\t\t\t<div class=\"elementor-shortcode\">\t\t<div data-elementor-type=\"section\" data-elementor-id=\"31185\" class=\"elementor elementor-31185 elementor-28803 elementor-28803\" data-elementor-post-type=\"elementor_library\">\n\t\t\t\t\t<section class=\"elementor-section elementor-top-section elementor-element elementor-element-0597ab5 three-buttons elementor-section-boxed elementor-section-height-default elementor-section-height-default\" data-id=\"0597ab5\" data-element_type=\"section\" data-e-type=\"section\">\n\t\t\t\t\t\t<div class=\"elementor-container elementor-column-gap-extended\">\n\t\t\t\t\t<div class=\"elementor-column elementor-col-33 elementor-top-column elementor-element elementor-element-22ad2ce\" data-id=\"22ad2ce\" data-element_type=\"column\" data-e-type=\"column\">\n\t\t\t<div class=\"elementor-widget-wrap elementor-element-populated\">\n\t\t\t\t\t\t<div class=\"elementor-element elementor-element-ea08859 elementor-position-left elementor-vertical-align-middle elementor-widget elementor-widget-image-box\" data-id=\"ea08859\" data-element_type=\"widget\" data-e-type=\"widget\" data-widget_type=\"image-box.default\">\n\t\t\t\t<div class=\"elementor-widget-container\">\n\t\t\t\t\t<div class=\"elementor-image-box-wrapper\"><figure class=\"elementor-image-box-img\"><a href=\"https:\/\/vsa-aas.ch\/fr\/profession-archiviste\/\" tabindex=\"-1\"><img decoding=\"async\" width=\"135\" height=\"135\" src=\"https:\/\/vsa-aas.ch\/wp-content\/uploads\/2022\/03\/Quicklink-Beruf.png\" class=\"attachment-full size-full wp-image-26207\" alt=\"\" \/><\/a><\/figure><div class=\"elementor-image-box-content\"><h5 class=\"elementor-image-box-title\"><a href=\"https:\/\/vsa-aas.ch\/fr\/profession-archiviste\/\">Le m\u00e9tier d'archiviste<\/a><\/h5><p class=\"elementor-image-box-description\">Archiviste professionnel\u00b7le ? Quelles formations ?  <\/p><\/div><\/div>\t\t\t\t<\/div>\n\t\t\t\t<\/div>\n\t\t\t\t\t<\/div>\n\t\t<\/div>\n\t\t\t\t<div class=\"elementor-column elementor-col-33 elementor-top-column elementor-element elementor-element-dffffe2\" data-id=\"dffffe2\" data-element_type=\"column\" data-e-type=\"column\">\n\t\t\t<div class=\"elementor-widget-wrap elementor-element-populated\">\n\t\t\t\t\t\t<div class=\"elementor-element elementor-element-3d79621 elementor-position-left elementor-vertical-align-middle elementor-widget elementor-widget-image-box\" data-id=\"3d79621\" data-element_type=\"widget\" data-e-type=\"widget\" data-widget_type=\"image-box.default\">\n\t\t\t\t<div class=\"elementor-widget-container\">\n\t\t\t\t\t<div class=\"elementor-image-box-wrapper\"><figure class=\"elementor-image-box-img\"><a href=\"https:\/\/vsa-aas.ch\/fr\/association\/\" tabindex=\"-1\"><img decoding=\"async\" width=\"135\" height=\"135\" src=\"https:\/\/vsa-aas.ch\/wp-content\/uploads\/2022\/03\/Quicklink-Verein.png\" class=\"attachment-full size-full wp-image-26206\" alt=\"\" \/><\/a><\/figure><div class=\"elementor-image-box-content\"><h5 class=\"elementor-image-box-title\"><a href=\"https:\/\/vsa-aas.ch\/fr\/association\/\">L'association VSA-AAS<\/a><\/h5><p class=\"elementor-image-box-description\">L'AAS met en r\u00e9seau et d\u00e9veloppe des ressources<\/p><\/div><\/div>\t\t\t\t<\/div>\n\t\t\t\t<\/div>\n\t\t\t\t\t<\/div>\n\t\t<\/div>\n\t\t\t\t<div class=\"elementor-column elementor-col-33 elementor-top-column elementor-element elementor-element-222a6d8\" data-id=\"222a6d8\" data-element_type=\"column\" data-e-type=\"column\">\n\t\t\t<div class=\"elementor-widget-wrap elementor-element-populated\">\n\t\t\t\t\t\t<div class=\"elementor-element elementor-element-3bbc824 elementor-position-left elementor-vertical-align-middle elementor-widget elementor-widget-image-box\" data-id=\"3bbc824\" data-element_type=\"widget\" data-e-type=\"widget\" data-widget_type=\"image-box.default\">\n\t\t\t\t<div class=\"elementor-widget-container\">\n\t\t\t\t\t<div class=\"elementor-image-box-wrapper\"><figure class=\"elementor-image-box-img\"><a href=\"https:\/\/vsa-aas.ch\/fr\/nouveautes\/\" tabindex=\"-1\"><img decoding=\"async\" width=\"135\" height=\"135\" src=\"https:\/\/vsa-aas.ch\/wp-content\/uploads\/2022\/03\/Quicklink-News.png\" class=\"attachment-full size-full wp-image-26205\" alt=\"\" \/><\/a><\/figure><div class=\"elementor-image-box-content\"><h5 class=\"elementor-image-box-title\"><a href=\"https:\/\/vsa-aas.ch\/fr\/nouveautes\/\">Actualit\u00e9s<\/a><\/h5><p class=\"elementor-image-box-description\">Retrouvez les offres d'emploi, \u00e9v\u00e9nements et actualit\u00e9s <\/p><\/div><\/div>\t\t\t\t<\/div>\n\t\t\t\t<\/div>\n\t\t\t\t\t<\/div>\n\t\t<\/div>\n\t\t\t\t\t<\/div>\n\t\t<\/section>\n\t\t\t\t<\/div>\n\t\t<\/div>\n\t\t\t\t\t\t<\/div>\n\t\t\t\t<\/div>\n\t\t\t\t\t<\/div>\n\t\t<\/div>\n\t\t\t\t\t<\/div>\n\t\t<\/section>\n\t\t\t\t<\/div>\n\t\t","protected":false},"excerpt":{"rendered":"<p>Au plan national : le droit archivistique Un \u00c9tat de droit lib\u00e9ral et d\u00e9mocratique doit garantir \u00e0 ses citoyen\u00b7nes la possibilit\u00e9 de comprendre et de critiquer l\u2019action des pouvoirs publics.&hellip;&nbsp;<a href=\"https:\/\/vsa-aas.ch\/fr\/archives-suisses\/droit-et-ethique\/\" rel=\"bookmark\">Read More &raquo;<span class=\"screen-reader-text\">Droit et \u00e9thique<\/span><\/a><\/p>\n","protected":false},"author":5,"featured_media":0,"parent":29979,"menu_order":0,"comment_status":"closed","ping_status":"closed","template":"","meta":{"neve_meta_sidebar":"","neve_meta_container":"","neve_meta_enable_content_width":"","neve_meta_content_width":0,"neve_meta_title_alignment":"","neve_meta_author_avatar":"","neve_post_elements_order":"","neve_meta_disable_header":"","neve_meta_disable_footer":"","neve_meta_disable_title":"","neve_meta_reading_time":"","_price":"","_stock":"","_tribe_ticket_header":"","_tribe_default_ticket_provider":"","_tribe_ticket_capacity":"0","_ticket_start_date":"","_ticket_end_date":"","_tribe_ticket_show_description":"","_tribe_ticket_show_not_going":false,"_tribe_ticket_use_global_stock":"","_tribe_ticket_global_stock_level":"","_global_stock_mode":"","_global_stock_cap":"","_tribe_rsvp_for_event":"","_tribe_ticket_going_count":"","_tribe_ticket_not_going_count":"","_tribe_tickets_list":"[]","_tribe_ticket_has_attendee_info_fields":false,"footnotes":"","_tec_slr_enabled":"","_tec_slr_layout":""},"folder":[153],"class_list":["post-29989","page","type-page","status-publish","hentry"],"ticketed":false,"_links":{"self":[{"href":"https:\/\/vsa-aas.ch\/fr\/wp-json\/wp\/v2\/pages\/29989","targetHints":{"allow":["GET"]}}],"collection":[{"href":"https:\/\/vsa-aas.ch\/fr\/wp-json\/wp\/v2\/pages"}],"about":[{"href":"https:\/\/vsa-aas.ch\/fr\/wp-json\/wp\/v2\/types\/page"}],"author":[{"embeddable":true,"href":"https:\/\/vsa-aas.ch\/fr\/wp-json\/wp\/v2\/users\/5"}],"replies":[{"embeddable":true,"href":"https:\/\/vsa-aas.ch\/fr\/wp-json\/wp\/v2\/comments?post=29989"}],"version-history":[{"count":5,"href":"https:\/\/vsa-aas.ch\/fr\/wp-json\/wp\/v2\/pages\/29989\/revisions"}],"predecessor-version":[{"id":32757,"href":"https:\/\/vsa-aas.ch\/fr\/wp-json\/wp\/v2\/pages\/29989\/revisions\/32757"}],"up":[{"embeddable":true,"href":"https:\/\/vsa-aas.ch\/fr\/wp-json\/wp\/v2\/pages\/29979"}],"wp:attachment":[{"href":"https:\/\/vsa-aas.ch\/fr\/wp-json\/wp\/v2\/media?parent=29989"}],"wp:term":[{"taxonomy":"folder","embeddable":true,"href":"https:\/\/vsa-aas.ch\/fr\/wp-json\/wp\/v2\/folder?post=29989"}],"curies":[{"name":"wp","href":"https:\/\/api.w.org\/{rel}","templated":true}]}}