{"id":30022,"date":"2022-05-11T13:58:21","date_gmt":"2022-05-11T11:58:21","guid":{"rendered":"https:\/\/vsa-aas.ch\/covid-19\/"},"modified":"2023-04-12T11:58:48","modified_gmt":"2023-04-12T09:58:48","slug":"covid-19","status":"publish","type":"page","link":"https:\/\/vsa-aas.ch\/fr\/covid-19\/","title":{"rendered":"Covid-19"},"content":{"rendered":"\t\t<div data-elementor-type=\"wp-page\" data-elementor-id=\"30022\" class=\"elementor elementor-30022 elementor-27283\" data-elementor-post-type=\"page\">\n\t\t\t\t\t\t<section class=\"elementor-section elementor-top-section elementor-element elementor-element-4f3817a elementor-section-boxed elementor-section-height-default elementor-section-height-default\" data-id=\"4f3817a\" data-element_type=\"section\" data-e-type=\"section\">\n\t\t\t\t\t\t<div class=\"elementor-container elementor-column-gap-default\">\n\t\t\t\t\t<div class=\"elementor-column elementor-col-100 elementor-top-column elementor-element elementor-element-eebe05e\" data-id=\"eebe05e\" data-element_type=\"column\" data-e-type=\"column\">\n\t\t\t<div class=\"elementor-widget-wrap elementor-element-populated\">\n\t\t\t\t\t\t<div class=\"elementor-element elementor-element-af5bfe7 elementor-widget elementor-widget-shortcode\" data-id=\"af5bfe7\" data-element_type=\"widget\" data-e-type=\"widget\" data-widget_type=\"shortcode.default\">\n\t\t\t\t<div class=\"elementor-widget-container\">\n\t\t\t\t\t\t\t<div class=\"elementor-shortcode\"><nav aria-label=\"breadcrumbs\" class=\"rank-math-breadcrumb\"><p><span class=\"last\">VSA-AAS<\/span><\/p><\/nav><\/div>\n\t\t\t\t\t\t<\/div>\n\t\t\t\t<\/div>\n\t\t\t\t<div class=\"elementor-element elementor-element-d90c24f elementor-widget elementor-widget-heading\" data-id=\"d90c24f\" data-element_type=\"widget\" data-e-type=\"widget\" data-widget_type=\"heading.default\">\n\t\t\t\t<div class=\"elementor-widget-container\">\n\t\t\t\t\t<h1 class=\"elementor-heading-title elementor-size-default\">Covid-19<\/h1>\t\t\t\t<\/div>\n\t\t\t\t<\/div>\n\t\t\t\t<div class=\"elementor-element elementor-element-c99207d elementor-widget elementor-widget-text-editor\" data-id=\"c99207d\" data-element_type=\"widget\" data-e-type=\"widget\" data-widget_type=\"text-editor.default\">\n\t\t\t\t<div class=\"elementor-widget-container\">\n\t\t\t\t\t\t\t\t\tDepuis le 17 f\u00e9vrier 2022, les Archives sont \u00e0 nouveau accessibles sans restriction. Certaines d\u2019entre elles ont \u00e9labor\u00e9 leur propre concept de protection et continuent \u00e0 appliquer quelques mesures, notamment l\u2019obligation de port du masque \u00e0 l\u2019int\u00e9rieur de leurs locaux.\n\nLes informations relatives au Covid-19 sont publi\u00e9es sur cette page.\t\t\t\t\t\t\t\t<\/div>\n\t\t\t\t<\/div>\n\t\t\t\t\t<\/div>\n\t\t<\/div>\n\t\t\t\t\t<\/div>\n\t\t<\/section>\n\t\t\t\t<\/div>\n\t\t","protected":false},"excerpt":{"rendered":"<p>Covid-19 Depuis le 17 f\u00e9vrier 2022, les Archives sont \u00e0 nouveau accessibles sans restriction. Certaines d\u2019entre elles ont \u00e9labor\u00e9 leur propre concept de protection et continuent \u00e0 appliquer quelques mesures,&hellip;&nbsp;<a href=\"https:\/\/vsa-aas.ch\/fr\/covid-19\/\" rel=\"bookmark\">Read More &raquo;<span class=\"screen-reader-text\">Covid-19<\/span><\/a><\/p>\n","protected":false},"author":5,"featured_media":35822,"parent":0,"menu_order":0,"comment_status":"closed","ping_status":"closed","template":"page-templates\/template-pagebuilder-full-width.php","meta":{"neve_meta_sidebar":"","neve_meta_container":"","neve_meta_enable_content_width":"","neve_meta_content_width":0,"neve_meta_title_alignment":"","neve_meta_author_avatar":"","neve_post_elements_order":"","neve_meta_disable_header":"","neve_meta_disable_footer":"","neve_meta_disable_title":"","neve_meta_reading_time":"","_price":"","_stock":"","_tribe_ticket_header":"","_tribe_default_ticket_provider":"","_tribe_ticket_capacity":"0","_ticket_start_date":"","_ticket_end_date":"","_tribe_ticket_show_description":"","_tribe_ticket_show_not_going":false,"_tribe_ticket_use_global_stock":"","_tribe_ticket_global_stock_level":"","_global_stock_mode":"","_global_stock_cap":"","_tribe_rsvp_for_event":"","_tribe_ticket_going_count":"","_tribe_ticket_not_going_count":"","_tribe_tickets_list":"[]","_tribe_ticket_has_attendee_info_fields":false,"footnotes":"","_tec_slr_enabled":"","_tec_slr_layout":""},"folder":[164],"class_list":["post-30022","page","type-page","status-publish","has-post-thumbnail","hentry"],"ticketed":false,"_links":{"self":[{"href":"https:\/\/vsa-aas.ch\/fr\/wp-json\/wp\/v2\/pages\/30022","targetHints":{"allow":["GET"]}}],"collection":[{"href":"https:\/\/vsa-aas.ch\/fr\/wp-json\/wp\/v2\/pages"}],"about":[{"href":"https:\/\/vsa-aas.ch\/fr\/wp-json\/wp\/v2\/types\/page"}],"author":[{"embeddable":true,"href":"https:\/\/vsa-aas.ch\/fr\/wp-json\/wp\/v2\/users\/5"}],"replies":[{"embeddable":true,"href":"https:\/\/vsa-aas.ch\/fr\/wp-json\/wp\/v2\/comments?post=30022"}],"version-history":[{"count":5,"href":"https:\/\/vsa-aas.ch\/fr\/wp-json\/wp\/v2\/pages\/30022\/revisions"}],"predecessor-version":[{"id":35826,"href":"https:\/\/vsa-aas.ch\/fr\/wp-json\/wp\/v2\/pages\/30022\/revisions\/35826"}],"wp:featuredmedia":[{"embeddable":true,"href":"https:\/\/vsa-aas.ch\/fr\/wp-json\/wp\/v2\/media\/35822"}],"wp:attachment":[{"href":"https:\/\/vsa-aas.ch\/fr\/wp-json\/wp\/v2\/media?parent=30022"}],"wp:term":[{"taxonomy":"folder","embeddable":true,"href":"https:\/\/vsa-aas.ch\/fr\/wp-json\/wp\/v2\/folder?post=30022"}],"curies":[{"name":"wp","href":"https:\/\/api.w.org\/{rel}","templated":true}]}}