{"id":30131,"date":"2021-09-23T15:24:35","date_gmt":"2021-09-23T13:24:35","guid":{"rendered":"https:\/\/vsa-aas.ch\/nouveautes\/"},"modified":"2025-02-26T10:05:57","modified_gmt":"2025-02-26T09:05:57","slug":"nouveautes","status":"publish","type":"page","link":"https:\/\/vsa-aas.ch\/fr\/nouveautes\/","title":{"rendered":"Actualit\u00e9s"},"content":{"rendered":"\t\t<div data-elementor-type=\"wp-page\" data-elementor-id=\"30131\" class=\"elementor elementor-30131 elementor-25310\" data-elementor-post-type=\"page\">\n\t\t\t\t\t\t<section class=\"elementor-section elementor-top-section elementor-element elementor-element-83ac773 elementor-section-boxed elementor-section-height-default elementor-section-height-default\" data-id=\"83ac773\" data-element_type=\"section\" data-e-type=\"section\" data-settings=\"{&quot;background_background&quot;:&quot;classic&quot;}\">\n\t\t\t\t\t\t<div class=\"elementor-container elementor-column-gap-default\">\n\t\t\t\t\t<div class=\"elementor-column elementor-col-50 elementor-top-column elementor-element elementor-element-d35e256\" data-id=\"d35e256\" data-element_type=\"column\" data-e-type=\"column\">\n\t\t\t<div class=\"elementor-widget-wrap elementor-element-populated\">\n\t\t\t\t\t\t<div class=\"elementor-element elementor-element-44cd402 elementor-widget elementor-widget-heading\" data-id=\"44cd402\" data-element_type=\"widget\" data-e-type=\"widget\" data-widget_type=\"heading.default\">\n\t\t\t\t<div class=\"elementor-widget-container\">\n\t\t\t\t\t<h1 class=\"elementor-heading-title elementor-size-default\">Actualit\u00e9s et informations<\/h1>\t\t\t\t<\/div>\n\t\t\t\t<\/div>\n\t\t\t\t\t<\/div>\n\t\t<\/div>\n\t\t\t\t<div class=\"elementor-column elementor-col-25 elementor-top-column elementor-element elementor-element-d71fa28\" data-id=\"d71fa28\" data-element_type=\"column\" data-e-type=\"column\">\n\t\t\t<div class=\"elementor-widget-wrap elementor-element-populated\">\n\t\t\t\t\t\t<div class=\"elementor-element elementor-element-abc5747 elementor-align-justify elementor-widget elementor-widget-button\" data-id=\"abc5747\" data-element_type=\"widget\" data-e-type=\"widget\" data-widget_type=\"button.default\">\n\t\t\t\t<div class=\"elementor-widget-container\">\n\t\t\t\t\t\t\t\t\t<div class=\"elementor-button-wrapper\">\n\t\t\t\t\t<a class=\"elementor-button elementor-button-link elementor-size-sm\" href=\"https:\/\/vsa-aas.ch\/agenda\">\n\t\t\t\t\t\t<span class=\"elementor-button-content-wrapper\">\n\t\t\t\t\t\t\t\t\t<span class=\"elementor-button-text\">Manifestations<\/span>\n\t\t\t\t\t<\/span>\n\t\t\t\t\t<\/a>\n\t\t\t\t<\/div>\n\t\t\t\t\t\t\t\t<\/div>\n\t\t\t\t<\/div>\n\t\t\t\t\t<\/div>\n\t\t<\/div>\n\t\t\t\t<div class=\"elementor-column elementor-col-25 elementor-top-column elementor-element elementor-element-3be7788\" data-id=\"3be7788\" data-element_type=\"column\" data-e-type=\"column\">\n\t\t\t<div class=\"elementor-widget-wrap elementor-element-populated\">\n\t\t\t\t\t\t<div class=\"elementor-element elementor-element-c76d5ca elementor-align-justify elementor-widget elementor-widget-button\" data-id=\"c76d5ca\" data-element_type=\"widget\" data-e-type=\"widget\" data-widget_type=\"button.default\">\n\t\t\t\t<div class=\"elementor-widget-container\">\n\t\t\t\t\t\t\t\t\t<div class=\"elementor-button-wrapper\">\n\t\t\t\t\t<a class=\"elementor-button elementor-button-link elementor-size-sm\" href=\"https:\/\/vsa-aas.ch\/fr\/emplois\/\">\n\t\t\t\t\t\t<span class=\"elementor-button-content-wrapper\">\n\t\t\t\t\t\t\t\t\t<span class=\"elementor-button-text\">Emplois<\/span>\n\t\t\t\t\t<\/span>\n\t\t\t\t\t<\/a>\n\t\t\t\t<\/div>\n\t\t\t\t\t\t\t\t<\/div>\n\t\t\t\t<\/div>\n\t\t\t\t\t<\/div>\n\t\t<\/div>\n\t\t\t\t\t<\/div>\n\t\t<\/section>\n\t\t\t\t<section class=\"elementor-section elementor-top-section elementor-element elementor-element-a5eb6cb elementor-section-boxed elementor-section-height-default elementor-section-height-default\" data-id=\"a5eb6cb\" data-element_type=\"section\" data-e-type=\"section\">\n\t\t\t\t\t\t<div class=\"elementor-container elementor-column-gap-default\">\n\t\t\t\t\t<div class=\"elementor-column elementor-col-100 elementor-top-column elementor-element elementor-element-829e9fc\" data-id=\"829e9fc\" data-element_type=\"column\" data-e-type=\"column\">\n\t\t\t<div class=\"elementor-widget-wrap elementor-element-populated\">\n\t\t\t\t\t\t<div class=\"elementor-element elementor-element-93d7e16 elementor-grid-1 elementor-posts--thumbnail-left elementor-grid-tablet-1 elementor-grid-mobile-1 elementor-widget elementor-widget-posts\" data-id=\"93d7e16\" data-element_type=\"widget\" data-e-type=\"widget\" data-settings=\"{&quot;classic_columns&quot;:&quot;1&quot;,&quot;pagination_type&quot;:&quot;numbers&quot;,&quot;classic_columns_tablet&quot;:&quot;1&quot;,&quot;classic_row_gap&quot;:{&quot;unit&quot;:&quot;px&quot;,&quot;size&quot;:&quot;&quot;,&quot;sizes&quot;:[]},&quot;classic_columns_mobile&quot;:&quot;1&quot;,&quot;classic_row_gap_tablet&quot;:{&quot;unit&quot;:&quot;px&quot;,&quot;size&quot;:&quot;&quot;,&quot;sizes&quot;:[]},&quot;classic_row_gap_mobile&quot;:{&quot;unit&quot;:&quot;px&quot;,&quot;size&quot;:&quot;&quot;,&quot;sizes&quot;:[]}}\" data-widget_type=\"posts.classic\">\n\t\t\t\t<div class=\"elementor-widget-container\">\n\t\t\t\t\t\t\t<div class=\"elementor-posts-container elementor-posts elementor-posts--skin-classic elementor-grid\" role=\"list\">\n\t\t\t\t<article class=\"elementor-post elementor-grid-item post-36462 post type-post status-publish format-standard has-post-thumbnail hentry category-evaluation\" role=\"listitem\">\n\t\t\t\t<a class=\"elementor-post__thumbnail__link\" href=\"https:\/\/vsa-aas.ch\/fr\/ressources\/evaluation\/systemes-dinformation-reliant-la-confederation-et-les-cantons\/\" tabindex=\"-1\">\n\t\t\t<div class=\"elementor-post__thumbnail\"><img fetchpriority=\"high\" decoding=\"async\" width=\"568\" height=\"379\" src=\"https:\/\/vsa-aas.ch\/wp-content\/uploads\/2022\/05\/Bewerung_Informationssysteme.png\" class=\"attachment-full size-full wp-image-29886\" alt=\"\" srcset=\"https:\/\/vsa-aas.ch\/wp-content\/uploads\/2022\/05\/Bewerung_Informationssysteme.png 568w, https:\/\/vsa-aas.ch\/wp-content\/uploads\/2022\/05\/Bewerung_Informationssysteme-300x200.png 300w\" sizes=\"(max-width: 568px) 100vw, 568px\" \/><\/div>\n\t\t<\/a>\n\t\t\t\t<div class=\"elementor-post__text\">\n\t\t\t\t<h2 class=\"elementor-post__title\">\n\t\t\t<a href=\"https:\/\/vsa-aas.ch\/fr\/ressources\/evaluation\/systemes-dinformation-reliant-la-confederation-et-les-cantons\/\">\n\t\t\t\tSyst\u00e8mes d\u2019information reliant la Conf\u00e9d\u00e9ration et les cantons\t\t\t<\/a>\n\t\t<\/h2>\n\t\t\t\t<div class=\"elementor-post__meta-data\">\n\t\t\t\t\t<span class=\"elementor-post-date\">\n\t\t\t3 mars 2026\t\t<\/span>\n\t\t\t\t<\/div>\n\t\t\t\t<div class=\"elementor-post__excerpt\">\n\t\t\t<p>Lien vers la liste du CECO (en allemand): kost-ceco | Alle Systeme | Liste aller ebenen\u00fcbergreifenden Informationssysteme Le groupe de travail \u00c9valuation de l\u2019AAS ne m\u00e8ne plus aucune activit\u00e9 concernant les syst\u00e8mes d&rsquo;information transversaux . Toutes les informations actuelles sont disponibles aupr\u00e8s du CECO. Dans le cadre de l&rsquo;ex\u00e9cution de<\/p>\n\t\t<\/div>\n\t\t\n\t\t<a class=\"elementor-post__read-more\" href=\"https:\/\/vsa-aas.ch\/fr\/ressources\/evaluation\/systemes-dinformation-reliant-la-confederation-et-les-cantons\/\" aria-label=\"En savoir plus sur Syst\u00e8mes d\u2019information reliant la Conf\u00e9d\u00e9ration et les cantons\" tabindex=\"-1\">\n\t\t\tEn savoir plus\t\t<\/a>\n\n\t\t\t\t<\/div>\n\t\t\t\t<\/article>\n\t\t\t\t<article class=\"elementor-post elementor-grid-item post-31364 post type-post status-publish format-standard has-post-thumbnail hentry category-offres-de-formation-de-laas tag-featured-fr\" role=\"listitem\">\n\t\t\t\t<a class=\"elementor-post__thumbnail__link\" href=\"https:\/\/vsa-aas.ch\/fr\/offres-de-formation-de-laas\/cycle-pratique-archivistique-suisse\/\" tabindex=\"-1\">\n\t\t\t<div class=\"elementor-post__thumbnail\"><img decoding=\"async\" width=\"568\" height=\"379\" src=\"https:\/\/vsa-aas.ch\/wp-content\/uploads\/2022\/03\/Angebote-VSA-Zyklus-Archivpraxis-Schweiz.png\" class=\"attachment-full size-full wp-image-26521\" alt=\"\" srcset=\"https:\/\/vsa-aas.ch\/wp-content\/uploads\/2022\/03\/Angebote-VSA-Zyklus-Archivpraxis-Schweiz.png 568w, https:\/\/vsa-aas.ch\/wp-content\/uploads\/2022\/03\/Angebote-VSA-Zyklus-Archivpraxis-Schweiz-300x200.png 300w\" sizes=\"(max-width: 568px) 100vw, 568px\" \/><\/div>\n\t\t<\/a>\n\t\t\t\t<div class=\"elementor-post__text\">\n\t\t\t\t<h2 class=\"elementor-post__title\">\n\t\t\t<a href=\"https:\/\/vsa-aas.ch\/fr\/offres-de-formation-de-laas\/cycle-pratique-archivistique-suisse\/\">\n\t\t\t\tCycle \u00ab Pratique archivistique suisse \u00bb\t\t\t<\/a>\n\t\t<\/h2>\n\t\t\t\t<div class=\"elementor-post__meta-data\">\n\t\t\t\t\t<span class=\"elementor-post-date\">\n\t\t\t17 f\u00e9vrier 2026\t\t<\/span>\n\t\t\t\t<\/div>\n\t\t\t\t<div class=\"elementor-post__excerpt\">\n\t\t\t<p>Les modules du cycle \u00ab Pratique archivistique suisse \u00bb sont organis\u00e9s en \u00e9troite collaboration avec les centres d\u2019archives et donc tr\u00e8s ax\u00e9s sur le terrain. Cette s\u00e9rie de rencontres a lieu tous les deux ans et vise \u00e0 offrir une formation continue pour les collaborateur\u00b7ricesdes centres d\u2019archives de tous niveaux.<\/p>\n\t\t<\/div>\n\t\t\n\t\t<a class=\"elementor-post__read-more\" href=\"https:\/\/vsa-aas.ch\/fr\/offres-de-formation-de-laas\/cycle-pratique-archivistique-suisse\/\" aria-label=\"En savoir plus sur Cycle \u00ab Pratique archivistique suisse \u00bb\" tabindex=\"-1\">\n\t\t\tEn savoir plus\t\t<\/a>\n\n\t\t\t\t<\/div>\n\t\t\t\t<\/article>\n\t\t\t\t<article class=\"elementor-post elementor-grid-item post-72259 post type-post status-publish format-standard has-post-thumbnail hentry category-offres-de-formation-de-laas tag-featured-fr\" role=\"listitem\">\n\t\t\t\t<a class=\"elementor-post__thumbnail__link\" href=\"https:\/\/vsa-aas.ch\/fr\/offres-de-formation-de-laas\/co-direction-pour-son-cours-de-base\/\" tabindex=\"-1\">\n\t\t\t<div class=\"elementor-post__thumbnail\"><img decoding=\"async\" width=\"568\" height=\"379\" src=\"https:\/\/vsa-aas.ch\/wp-content\/uploads\/2022\/03\/Grundkurs.png\" class=\"attachment-full size-full wp-image-26523\" alt=\"\" srcset=\"https:\/\/vsa-aas.ch\/wp-content\/uploads\/2022\/03\/Grundkurs.png 568w, https:\/\/vsa-aas.ch\/wp-content\/uploads\/2022\/03\/Grundkurs-300x200.png 300w\" sizes=\"(max-width: 568px) 100vw, 568px\" \/><\/div>\n\t\t<\/a>\n\t\t\t\t<div class=\"elementor-post__text\">\n\t\t\t\t<h2 class=\"elementor-post__title\">\n\t\t\t<a href=\"https:\/\/vsa-aas.ch\/fr\/offres-de-formation-de-laas\/co-direction-pour-son-cours-de-base\/\">\n\t\t\t\tCo-direction pour son cours de base\t\t\t<\/a>\n\t\t<\/h2>\n\t\t\t\t<div class=\"elementor-post__meta-data\">\n\t\t\t\t\t<span class=\"elementor-post-date\">\n\t\t\t26 novembre 2025\t\t<\/span>\n\t\t\t\t<\/div>\n\t\t\t\t<div class=\"elementor-post__excerpt\">\n\t\t\t<p>L\u2019AAS recherche une Co-direction pour son cours de base pour l\u2019organisation et la co-direction du cours de base de l\u2019AAS d\u00e8s 2026. Pour plus d&rsquo;informations, veuillez consulter le PDF.<\/p>\n\t\t<\/div>\n\t\t\n\t\t<a class=\"elementor-post__read-more\" href=\"https:\/\/vsa-aas.ch\/fr\/offres-de-formation-de-laas\/co-direction-pour-son-cours-de-base\/\" aria-label=\"En savoir plus sur Co-direction pour son cours de base\" tabindex=\"-1\">\n\t\t\tEn savoir plus\t\t<\/a>\n\n\t\t\t\t<\/div>\n\t\t\t\t<\/article>\n\t\t\t\t<article class=\"elementor-post elementor-grid-item post-59990 post type-post status-publish format-standard has-post-thumbnail hentry category-association tag-featured-fr\" role=\"listitem\">\n\t\t\t\t<a class=\"elementor-post__thumbnail__link\" href=\"https:\/\/vsa-aas.ch\/fr\/association\/102e-assemblee-generale-de-laaschangement-a-la-presidence-et-nouveaux-membres-du-comite\/\" tabindex=\"-1\">\n\t\t\t<div class=\"elementor-post__thumbnail\"><img loading=\"lazy\" decoding=\"async\" width=\"577\" height=\"384\" src=\"https:\/\/vsa-aas.ch\/wp-content\/uploads\/2022\/03\/Angebote-VSA-Weitere-Angebote-der-SVA.png\" class=\"attachment-full size-full wp-image-26519\" alt=\"\" srcset=\"https:\/\/vsa-aas.ch\/wp-content\/uploads\/2022\/03\/Angebote-VSA-Weitere-Angebote-der-SVA.png 577w, https:\/\/vsa-aas.ch\/wp-content\/uploads\/2022\/03\/Angebote-VSA-Weitere-Angebote-der-SVA-300x200.png 300w\" sizes=\"(max-width: 577px) 100vw, 577px\" \/><\/div>\n\t\t<\/a>\n\t\t\t\t<div class=\"elementor-post__text\">\n\t\t\t\t<h2 class=\"elementor-post__title\">\n\t\t\t<a href=\"https:\/\/vsa-aas.ch\/fr\/association\/102e-assemblee-generale-de-laaschangement-a-la-presidence-et-nouveaux-membres-du-comite\/\">\n\t\t\t\t102e Assembl\u00e9e g\u00e9n\u00e9rale de l\u2019AAS<br>Changement \u00e0 la pr\u00e9sidence et nouveaux membres du comit\u00e9\t\t\t<\/a>\n\t\t<\/h2>\n\t\t\t\t<div class=\"elementor-post__meta-data\">\n\t\t\t\t\t<span class=\"elementor-post-date\">\n\t\t\t8 octobre 2025\t\t<\/span>\n\t\t\t\t<\/div>\n\t\t\t\t<div class=\"elementor-post__excerpt\">\n\t\t\t<p>Le 18 septembre 2025 s\u2019est tenue la 102e assembl\u00e9e g\u00e9n\u00e9rale de l\u2019Association des archivistes suisses (AAS) dans le Canton de B\u00e2le-Campagne. La r\u00e9union, organis\u00e9e dans le cadre spectaculaire de la Haute \u00e9cole sp\u00e9cialis\u00e9e du Nord-Ouest de la Suisse FHNW \u00e0 Muttenz, a r\u00e9uni 194 membres \u2013 un nouveau record qui<\/p>\n\t\t<\/div>\n\t\t\n\t\t<a class=\"elementor-post__read-more\" href=\"https:\/\/vsa-aas.ch\/fr\/association\/102e-assemblee-generale-de-laaschangement-a-la-presidence-et-nouveaux-membres-du-comite\/\" aria-label=\"En savoir plus sur 102e Assembl\u00e9e g\u00e9n\u00e9rale de l\u2019AAS&lt;br&gt;Changement \u00e0 la pr\u00e9sidence et nouveaux membres du comit\u00e9\" tabindex=\"-1\">\n\t\t\tEn savoir plus\t\t<\/a>\n\n\t\t\t\t<\/div>\n\t\t\t\t<\/article>\n\t\t\t\t<article class=\"elementor-post elementor-grid-item post-38639 post type-post status-publish format-standard has-post-thumbnail hentry category-colloque\" role=\"listitem\">\n\t\t\t\t<a class=\"elementor-post__thumbnail__link\" href=\"https:\/\/vsa-aas.ch\/fr\/colloque\/assemblee-generale-journee-professionnelle\/\" tabindex=\"-1\">\n\t\t\t<div class=\"elementor-post__thumbnail\"><img loading=\"lazy\" decoding=\"async\" width=\"577\" height=\"384\" src=\"https:\/\/vsa-aas.ch\/wp-content\/uploads\/2022\/03\/Angebote-VSA-Weitere-Angebote-der-SVA.png\" class=\"attachment-full size-full wp-image-26519\" alt=\"\" srcset=\"https:\/\/vsa-aas.ch\/wp-content\/uploads\/2022\/03\/Angebote-VSA-Weitere-Angebote-der-SVA.png 577w, https:\/\/vsa-aas.ch\/wp-content\/uploads\/2022\/03\/Angebote-VSA-Weitere-Angebote-der-SVA-300x200.png 300w\" sizes=\"(max-width: 577px) 100vw, 577px\" \/><\/div>\n\t\t<\/a>\n\t\t\t\t<div class=\"elementor-post__text\">\n\t\t\t\t<h2 class=\"elementor-post__title\">\n\t\t\t<a href=\"https:\/\/vsa-aas.ch\/fr\/colloque\/assemblee-generale-journee-professionnelle\/\">\n\t\t\t\tassembl\u00e9e g\u00e9n\u00e9rale &#8211; journ\u00e9e professionnelle\t\t\t<\/a>\n\t\t<\/h2>\n\t\t\t\t<div class=\"elementor-post__meta-data\">\n\t\t\t\t\t<span class=\"elementor-post-date\">\n\t\t\t23 septembre 2025\t\t<\/span>\n\t\t\t\t<\/div>\n\t\t\t\t<div class=\"elementor-post__excerpt\">\n\t\t\t<p>La 103e assembl\u00e9e annuelle et le congr\u00e8s professionnel auront lieu les 17 et 18 septembre 2026 \u00e0 Stans.<\/p>\n\t\t<\/div>\n\t\t\n\t\t<a class=\"elementor-post__read-more\" href=\"https:\/\/vsa-aas.ch\/fr\/colloque\/assemblee-generale-journee-professionnelle\/\" aria-label=\"En savoir plus sur assembl\u00e9e g\u00e9n\u00e9rale &#8211; journ\u00e9e professionnelle\" tabindex=\"-1\">\n\t\t\tEn savoir plus\t\t<\/a>\n\n\t\t\t\t<\/div>\n\t\t\t\t<\/article>\n\t\t\t\t<article class=\"elementor-post elementor-grid-item post-59951 post type-post status-publish format-standard hentry category-colloque\" role=\"listitem\">\n\t\t\t\t<div class=\"elementor-post__text\">\n\t\t\t\t<h2 class=\"elementor-post__title\">\n\t\t\t<a href=\"https:\/\/vsa-aas.ch\/fr\/colloque\/les-archives-comme-troisieme-lieu-idees-experiences-et-perspectives\/\">\n\t\t\t\t\u00ab\u00a0Les Archives comme Troisi\u00e8me lieu ? Id\u00e9es, exp\u00e9riences et perspectives\u00a0\u00bb\t\t\t<\/a>\n\t\t<\/h2>\n\t\t\t\t<div class=\"elementor-post__meta-data\">\n\t\t\t\t\t<span class=\"elementor-post-date\">\n\t\t\t19 septembre 2025\t\t<\/span>\n\t\t\t\t<\/div>\n\t\t\t\t<div class=\"elementor-post__excerpt\">\n\t\t\t<p>Le 19 septembre 2025, la journ\u00e9e professionelle de l&rsquo;AAS s\u2019est tenue \u00e0 l\u2019aula de la FHNW \u00e0 Muttenz. Sous le titre \u00abLes Archives comme Troisi\u00e8me lieu? Id\u00e9es, exp\u00e9riences et perspectives\u00bb, des sp\u00e9cialistes des archives, biblioth\u00e8ques et mus\u00e9es ont \u00e9chang\u00e9 sur la mani\u00e8re dont les institutions de m\u00e9moire peuvent devenir des<\/p>\n\t\t<\/div>\n\t\t\n\t\t<a class=\"elementor-post__read-more\" href=\"https:\/\/vsa-aas.ch\/fr\/colloque\/les-archives-comme-troisieme-lieu-idees-experiences-et-perspectives\/\" aria-label=\"En savoir plus sur \u00ab\u00a0Les Archives comme Troisi\u00e8me lieu ? Id\u00e9es, exp\u00e9riences et perspectives\u00a0\u00bb\" tabindex=\"-1\">\n\t\t\tEn savoir plus\t\t<\/a>\n\n\t\t\t\t<\/div>\n\t\t\t\t<\/article>\n\t\t\t\t<\/div>\n\t\t\n\t\t\t\t<div class=\"e-load-more-anchor\" data-page=\"1\" data-max-page=\"2\" data-next-page=\"https:\/\/vsa-aas.ch\/fr\/wp-json\/wp\/v2\/pages\/30131\/page\/2\/\"><\/div>\n\t\t\t\t<nav class=\"elementor-pagination\" aria-label=\"Pagination\">\n\t\t\t<span aria-current=\"page\" class=\"page-numbers current\"><span class=\"elementor-screen-only\">Page<\/span>1<\/span>\n<a class=\"page-numbers\" href=\"https:\/\/vsa-aas.ch\/fr\/wp-json\/wp\/v2\/pages\/30131\/page\/2\/\"><span class=\"elementor-screen-only\">Page<\/span>2<\/a>\t\t<\/nav>\n\t\t\t\t\t\t<\/div>\n\t\t\t\t<\/div>\n\t\t\t\t\t<\/div>\n\t\t<\/div>\n\t\t\t\t\t<\/div>\n\t\t<\/section>\n\t\t\t\t<section class=\"elementor-section elementor-top-section elementor-element elementor-element-f120907 elementor-section-boxed elementor-section-height-default elementor-section-height-default\" data-id=\"f120907\" data-element_type=\"section\" data-e-type=\"section\">\n\t\t\t\t\t\t<div class=\"elementor-container elementor-column-gap-default\">\n\t\t\t\t\t<div class=\"elementor-column elementor-col-100 elementor-top-column elementor-element elementor-element-4fa9309\" data-id=\"4fa9309\" data-element_type=\"column\" data-e-type=\"column\">\n\t\t\t<div class=\"elementor-widget-wrap elementor-element-populated\">\n\t\t\t\t\t\t<div class=\"elementor-element elementor-element-8abbb70 elementor-widget elementor-widget-shortcode\" data-id=\"8abbb70\" data-element_type=\"widget\" data-e-type=\"widget\" data-widget_type=\"shortcode.default\">\n\t\t\t\t<div class=\"elementor-widget-container\">\n\t\t\t\t\t\t\t<div class=\"elementor-shortcode\">\t\t<div data-elementor-type=\"section\" data-elementor-id=\"31193\" class=\"elementor elementor-31193 elementor-28795 elementor-28795\" data-elementor-post-type=\"elementor_library\">\n\t\t\t\t\t<section class=\"elementor-section elementor-top-section elementor-element elementor-element-fdd86c1 three-buttons elementor-section-boxed elementor-section-height-default elementor-section-height-default\" data-id=\"fdd86c1\" data-element_type=\"section\" data-e-type=\"section\">\n\t\t\t\t\t\t<div class=\"elementor-container elementor-column-gap-extended\">\n\t\t\t\t\t<div class=\"elementor-column elementor-col-33 elementor-top-column elementor-element elementor-element-0054a38\" data-id=\"0054a38\" data-element_type=\"column\" data-e-type=\"column\">\n\t\t\t<div class=\"elementor-widget-wrap elementor-element-populated\">\n\t\t\t\t\t\t<div class=\"elementor-element elementor-element-62c2893 elementor-position-left elementor-vertical-align-middle elementor-widget elementor-widget-image-box\" data-id=\"62c2893\" data-element_type=\"widget\" data-e-type=\"widget\" data-widget_type=\"image-box.default\">\n\t\t\t\t<div class=\"elementor-widget-container\">\n\t\t\t\t\t<div class=\"elementor-image-box-wrapper\"><figure class=\"elementor-image-box-img\"><a href=\"https:\/\/vsa-aas.ch\/fr\/archives-suisses\/\" tabindex=\"-1\"><img loading=\"lazy\" decoding=\"async\" width=\"135\" height=\"135\" src=\"https:\/\/vsa-aas.ch\/wp-content\/uploads\/2022\/05\/Quicklink_Archive-Schweiz.png\" class=\"attachment-full size-full wp-image-28744\" alt=\"\" \/><\/a><\/figure><div class=\"elementor-image-box-content\"><h5 class=\"elementor-image-box-title\"><a href=\"https:\/\/vsa-aas.ch\/fr\/archives-suisses\/\">Archives suisses<\/a><\/h5><p class=\"elementor-image-box-description\">Vue d'ensemble des archives suisses<\/p><\/div><\/div>\t\t\t\t<\/div>\n\t\t\t\t<\/div>\n\t\t\t\t\t<\/div>\n\t\t<\/div>\n\t\t\t\t<div class=\"elementor-column elementor-col-33 elementor-top-column elementor-element elementor-element-7d8e063\" data-id=\"7d8e063\" data-element_type=\"column\" data-e-type=\"column\">\n\t\t\t<div class=\"elementor-widget-wrap elementor-element-populated\">\n\t\t\t\t\t\t<div class=\"elementor-element elementor-element-ce20cba elementor-position-left elementor-vertical-align-middle elementor-widget elementor-widget-image-box\" data-id=\"ce20cba\" data-element_type=\"widget\" data-e-type=\"widget\" data-widget_type=\"image-box.default\">\n\t\t\t\t<div class=\"elementor-widget-container\">\n\t\t\t\t\t<div class=\"elementor-image-box-wrapper\"><figure class=\"elementor-image-box-img\"><a href=\"https:\/\/vsa-aas.ch\/fr\/profession-archiviste\/\" tabindex=\"-1\"><img loading=\"lazy\" decoding=\"async\" width=\"135\" height=\"135\" src=\"https:\/\/vsa-aas.ch\/wp-content\/uploads\/2022\/03\/Quicklink-Beruf.png\" class=\"attachment-full size-full wp-image-26207\" alt=\"\" \/><\/a><\/figure><div class=\"elementor-image-box-content\"><h5 class=\"elementor-image-box-title\"><a href=\"https:\/\/vsa-aas.ch\/fr\/profession-archiviste\/\">Le m\u00e9tier d'archiviste<\/a><\/h5><p class=\"elementor-image-box-description\">Archiviste professionnel\u00b7le ? Quelles formations ?  <\/p><\/div><\/div>\t\t\t\t<\/div>\n\t\t\t\t<\/div>\n\t\t\t\t\t<\/div>\n\t\t<\/div>\n\t\t\t\t<div class=\"elementor-column elementor-col-33 elementor-top-column elementor-element elementor-element-54bd45c\" data-id=\"54bd45c\" data-element_type=\"column\" data-e-type=\"column\">\n\t\t\t<div class=\"elementor-widget-wrap elementor-element-populated\">\n\t\t\t\t\t\t<div class=\"elementor-element elementor-element-ed75bce elementor-position-left elementor-vertical-align-middle elementor-widget elementor-widget-image-box\" data-id=\"ed75bce\" data-element_type=\"widget\" data-e-type=\"widget\" data-widget_type=\"image-box.default\">\n\t\t\t\t<div class=\"elementor-widget-container\">\n\t\t\t\t\t<div class=\"elementor-image-box-wrapper\"><figure class=\"elementor-image-box-img\"><a href=\"https:\/\/vsa-aas.ch\/fr\/association\/\" tabindex=\"-1\"><img loading=\"lazy\" decoding=\"async\" width=\"135\" height=\"135\" src=\"https:\/\/vsa-aas.ch\/wp-content\/uploads\/2022\/03\/Quicklink-Verein.png\" class=\"attachment-full size-full wp-image-26206\" alt=\"\" \/><\/a><\/figure><div class=\"elementor-image-box-content\"><h5 class=\"elementor-image-box-title\"><a href=\"https:\/\/vsa-aas.ch\/fr\/association\/\">L'association VSA-AAS<\/a><\/h5><p class=\"elementor-image-box-description\">L'AAS met en r\u00e9seau et d\u00e9veloppe des ressources<\/p><\/div><\/div>\t\t\t\t<\/div>\n\t\t\t\t<\/div>\n\t\t\t\t\t<\/div>\n\t\t<\/div>\n\t\t\t\t\t<\/div>\n\t\t<\/section>\n\t\t\t\t<\/div>\n\t\t<\/div>\n\t\t\t\t\t\t<\/div>\n\t\t\t\t<\/div>\n\t\t\t\t\t<\/div>\n\t\t<\/div>\n\t\t\t\t\t<\/div>\n\t\t<\/section>\n\t\t\t\t<\/div>\n\t\t","protected":false},"excerpt":{"rendered":"<p>Actualit\u00e9s et informations Manifestations Emplois<\/p>\n","protected":false},"author":5,"featured_media":0,"parent":0,"menu_order":0,"comment_status":"closed","ping_status":"closed","template":"page-templates\/template-pagebuilder-full-width.php","meta":{"neve_meta_sidebar":"","neve_meta_container":"","neve_meta_enable_content_width":"","neve_meta_content_width":0,"neve_meta_title_alignment":"","neve_meta_author_avatar":"","neve_post_elements_order":"","neve_meta_disable_header":"","neve_meta_disable_footer":"","neve_meta_disable_title":"","neve_meta_reading_time":"","_price":"","_stock":"","_tribe_ticket_header":"","_tribe_default_ticket_provider":"","_tribe_ticket_capacity":"0","_ticket_start_date":"","_ticket_end_date":"","_tribe_ticket_show_description":"","_tribe_ticket_show_not_going":false,"_tribe_ticket_use_global_stock":"","_tribe_ticket_global_stock_level":"","_global_stock_mode":"","_global_stock_cap":"","_tribe_rsvp_for_event":"","_tribe_ticket_going_count":"","_tribe_ticket_not_going_count":"","_tribe_tickets_list":"[]","_tribe_ticket_has_attendee_info_fields":false,"footnotes":"","_tec_slr_enabled":"","_tec_slr_layout":""},"folder":[152],"class_list":["post-30131","page","type-page","status-publish","hentry"],"ticketed":false,"_links":{"self":[{"href":"https:\/\/vsa-aas.ch\/fr\/wp-json\/wp\/v2\/pages\/30131","targetHints":{"allow":["GET"]}}],"collection":[{"href":"https:\/\/vsa-aas.ch\/fr\/wp-json\/wp\/v2\/pages"}],"about":[{"href":"https:\/\/vsa-aas.ch\/fr\/wp-json\/wp\/v2\/types\/page"}],"author":[{"embeddable":true,"href":"https:\/\/vsa-aas.ch\/fr\/wp-json\/wp\/v2\/users\/5"}],"replies":[{"embeddable":true,"href":"https:\/\/vsa-aas.ch\/fr\/wp-json\/wp\/v2\/comments?post=30131"}],"version-history":[{"count":5,"href":"https:\/\/vsa-aas.ch\/fr\/wp-json\/wp\/v2\/pages\/30131\/revisions"}],"predecessor-version":[{"id":58038,"href":"https:\/\/vsa-aas.ch\/fr\/wp-json\/wp\/v2\/pages\/30131\/revisions\/58038"}],"wp:attachment":[{"href":"https:\/\/vsa-aas.ch\/fr\/wp-json\/wp\/v2\/media?parent=30131"}],"wp:term":[{"taxonomy":"folder","embeddable":true,"href":"https:\/\/vsa-aas.ch\/fr\/wp-json\/wp\/v2\/folder?post=30131"}],"curies":[{"name":"wp","href":"https:\/\/api.w.org\/{rel}","templated":true}]}}