{"id":30194,"date":"2022-05-09T14:09:51","date_gmt":"2022-05-09T13:09:51","guid":{"rendered":"https:\/\/vsa-aas.ch\/ressources\/numerisation-et-sauvegarde-des-donnees-analogiques\/"},"modified":"2022-06-30T08:35:33","modified_gmt":"2022-06-30T07:35:33","slug":"numerisation-et-sauvegarde-des-donnees-analogiques","status":"publish","type":"page","link":"https:\/\/vsa-aas.ch\/fr\/ressources\/numerisation-et-sauvegarde-des-donnees-analogiques\/","title":{"rendered":"Num\u00e9risation et sauvegarde des donn\u00e9es analogiques"},"content":{"rendered":"\t\t<div data-elementor-type=\"wp-page\" data-elementor-id=\"30194\" class=\"elementor elementor-30194 elementor-27237\" data-elementor-post-type=\"page\">\n\t\t\t\t\t\t<section class=\"elementor-section elementor-top-section elementor-element elementor-element-884c02a elementor-section-boxed elementor-section-height-default elementor-section-height-default\" data-id=\"884c02a\" data-element_type=\"section\" data-e-type=\"section\">\n\t\t\t\t\t\t<div class=\"elementor-container elementor-column-gap-default\">\n\t\t\t\t\t<div class=\"elementor-column elementor-col-50 elementor-top-column elementor-element elementor-element-3ca09f3\" data-id=\"3ca09f3\" data-element_type=\"column\" data-e-type=\"column\">\n\t\t\t<div class=\"elementor-widget-wrap elementor-element-populated\">\n\t\t\t\t\t\t<div class=\"elementor-element elementor-element-9ed1585 elementor-widget elementor-widget-shortcode\" data-id=\"9ed1585\" data-element_type=\"widget\" data-e-type=\"widget\" data-widget_type=\"shortcode.default\">\n\t\t\t\t<div class=\"elementor-widget-container\">\n\t\t\t\t\t\t\t<div class=\"elementor-shortcode\"><nav aria-label=\"breadcrumbs\" class=\"rank-math-breadcrumb\"><p><span class=\"last\">VSA-AAS<\/span><\/p><\/nav><\/div>\n\t\t\t\t\t\t<\/div>\n\t\t\t\t<\/div>\n\t\t\t\t<div class=\"elementor-element elementor-element-206eb70 elementor-widget elementor-widget-heading\" data-id=\"206eb70\" data-element_type=\"widget\" data-e-type=\"widget\" data-widget_type=\"heading.default\">\n\t\t\t\t<div class=\"elementor-widget-container\">\n\t\t\t\t\t<h1 class=\"elementor-heading-title elementor-size-default\">Num\u00e9risation et sauvegarde des donn\u00e9es analogiques<\/h1>\t\t\t\t<\/div>\n\t\t\t\t<\/div>\n\t\t\t\t<div class=\"elementor-element elementor-element-5eecd9c elementor-widget elementor-widget-text-editor\" data-id=\"5eecd9c\" data-element_type=\"widget\" data-e-type=\"widget\" data-widget_type=\"text-editor.default\">\n\t\t\t\t<div class=\"elementor-widget-container\">\n\t\t\t\t\t\t\t\t\t<p>Le groupe de travail \u00ab Archivage des documents \u00bb est l&rsquo;interlocuteur de choix pour r\u00e9pondre aux questions concernant l&rsquo;enregistrement num\u00e9rique. Celui-ci comprend par exemple la reproduction 2D classique ou la photogramm\u00e9trie 3D.<\/p>\t\t\t\t\t\t\t\t<\/div>\n\t\t\t\t<\/div>\n\t\t\t\t\t<\/div>\n\t\t<\/div>\n\t\t\t\t<div class=\"elementor-column elementor-col-50 elementor-top-column elementor-element elementor-element-311da69\" data-id=\"311da69\" data-element_type=\"column\" data-e-type=\"column\">\n\t\t\t<div class=\"elementor-widget-wrap elementor-element-populated\">\n\t\t\t\t\t\t<div class=\"elementor-element elementor-element-59f5c86 elementor-widget elementor-widget-image\" data-id=\"59f5c86\" data-element_type=\"widget\" data-e-type=\"widget\" data-widget_type=\"image.default\">\n\t\t\t\t<div class=\"elementor-widget-container\">\n\t\t\t\t\t\t\t\t\t\t\t\t\t\t\t<img fetchpriority=\"high\" decoding=\"async\" width=\"568\" height=\"379\" src=\"https:\/\/vsa-aas.ch\/wp-content\/uploads\/2022\/06\/Ressourcen-Digitalisierung-und-Analoge-Sicherung-DASI.png\" class=\"attachment-large size-large wp-image-29953\" alt=\"\" srcset=\"https:\/\/vsa-aas.ch\/wp-content\/uploads\/2022\/06\/Ressourcen-Digitalisierung-und-Analoge-Sicherung-DASI.png 568w, https:\/\/vsa-aas.ch\/wp-content\/uploads\/2022\/06\/Ressourcen-Digitalisierung-und-Analoge-Sicherung-DASI-300x200.png 300w\" sizes=\"(max-width: 568px) 100vw, 568px\" \/>\t\t\t\t\t\t\t\t\t\t\t\t\t\t\t<\/div>\n\t\t\t\t<\/div>\n\t\t\t\t\t<\/div>\n\t\t<\/div>\n\t\t\t\t\t<\/div>\n\t\t<\/section>\n\t\t\t\t<section class=\"elementor-section elementor-top-section elementor-element elementor-element-8d89eb7 elementor-section-boxed elementor-section-height-default elementor-section-height-default\" data-id=\"8d89eb7\" data-element_type=\"section\" data-e-type=\"section\">\n\t\t\t\t\t\t<div class=\"elementor-container elementor-column-gap-default\">\n\t\t\t\t\t<div class=\"elementor-column elementor-col-100 elementor-top-column elementor-element elementor-element-d7cdeb5\" data-id=\"d7cdeb5\" data-element_type=\"column\" data-e-type=\"column\">\n\t\t\t<div class=\"elementor-widget-wrap elementor-element-populated\">\n\t\t\t\t\t\t\t<\/div>\n\t\t<\/div>\n\t\t\t\t\t<\/div>\n\t\t<\/section>\n\t\t\t\t<\/div>\n\t\t","protected":false},"excerpt":{"rendered":"<p>Num\u00e9risation et sauvegarde des donn\u00e9es analogiques Le groupe de travail \u00ab Archivage des documents \u00bb est l&rsquo;interlocuteur de choix pour r\u00e9pondre aux questions concernant l&rsquo;enregistrement num\u00e9rique. Celui-ci comprend par exemple&hellip;&nbsp;<a href=\"https:\/\/vsa-aas.ch\/fr\/ressources\/numerisation-et-sauvegarde-des-donnees-analogiques\/\" rel=\"bookmark\">Read More &raquo;<span class=\"screen-reader-text\">Num\u00e9risation et sauvegarde des donn\u00e9es analogiques<\/span><\/a><\/p>\n","protected":false},"author":5,"featured_media":0,"parent":30161,"menu_order":0,"comment_status":"closed","ping_status":"closed","template":"page-templates\/template-pagebuilder-full-width.php","meta":{"neve_meta_sidebar":"","neve_meta_container":"","neve_meta_enable_content_width":"","neve_meta_content_width":0,"neve_meta_title_alignment":"","neve_meta_author_avatar":"","neve_post_elements_order":"","neve_meta_disable_header":"","neve_meta_disable_footer":"","neve_meta_disable_title":"","neve_meta_reading_time":"","_price":"","_stock":"","_tribe_ticket_header":"","_tribe_default_ticket_provider":"","_tribe_ticket_capacity":"0","_ticket_start_date":"","_ticket_end_date":"","_tribe_ticket_show_description":"","_tribe_ticket_show_not_going":false,"_tribe_ticket_use_global_stock":"","_tribe_ticket_global_stock_level":"","_global_stock_mode":"","_global_stock_cap":"","_tribe_rsvp_for_event":"","_tribe_ticket_going_count":"","_tribe_ticket_not_going_count":"","_tribe_tickets_list":"[]","_tribe_ticket_has_attendee_info_fields":false,"footnotes":"","_tec_slr_enabled":"","_tec_slr_layout":""},"folder":[164],"class_list":["post-30194","page","type-page","status-publish","hentry"],"ticketed":false,"_links":{"self":[{"href":"https:\/\/vsa-aas.ch\/fr\/wp-json\/wp\/v2\/pages\/30194","targetHints":{"allow":["GET"]}}],"collection":[{"href":"https:\/\/vsa-aas.ch\/fr\/wp-json\/wp\/v2\/pages"}],"about":[{"href":"https:\/\/vsa-aas.ch\/fr\/wp-json\/wp\/v2\/types\/page"}],"author":[{"embeddable":true,"href":"https:\/\/vsa-aas.ch\/fr\/wp-json\/wp\/v2\/users\/5"}],"replies":[{"embeddable":true,"href":"https:\/\/vsa-aas.ch\/fr\/wp-json\/wp\/v2\/comments?post=30194"}],"version-history":[{"count":5,"href":"https:\/\/vsa-aas.ch\/fr\/wp-json\/wp\/v2\/pages\/30194\/revisions"}],"predecessor-version":[{"id":32944,"href":"https:\/\/vsa-aas.ch\/fr\/wp-json\/wp\/v2\/pages\/30194\/revisions\/32944"}],"up":[{"embeddable":true,"href":"https:\/\/vsa-aas.ch\/fr\/wp-json\/wp\/v2\/pages\/30161"}],"wp:attachment":[{"href":"https:\/\/vsa-aas.ch\/fr\/wp-json\/wp\/v2\/media?parent=30194"}],"wp:term":[{"taxonomy":"folder","embeddable":true,"href":"https:\/\/vsa-aas.ch\/fr\/wp-json\/wp\/v2\/folder?post=30194"}],"curies":[{"name":"wp","href":"https:\/\/api.w.org\/{rel}","templated":true}]}}