{"id":30200,"date":"2022-05-02T14:10:24","date_gmt":"2022-05-02T13:10:24","guid":{"rendered":"https:\/\/vsa-aas.ch\/ressources\/ensemen\/"},"modified":"2022-06-02T15:31:54","modified_gmt":"2022-06-02T14:31:54","slug":"ensemen","status":"publish","type":"page","link":"https:\/\/vsa-aas.ch\/fr\/ressources\/ensemen\/","title":{"rendered":"ENSEMEN"},"content":{"rendered":"\t\t<div data-elementor-type=\"wp-page\" data-elementor-id=\"30200\" class=\"elementor elementor-30200 elementor-26932\" data-elementor-post-type=\"page\">\n\t\t\t\t\t\t<section class=\"elementor-section elementor-top-section elementor-element elementor-element-00fd330 elementor-section-boxed elementor-section-height-default elementor-section-height-default\" data-id=\"00fd330\" data-element_type=\"section\" data-e-type=\"section\">\n\t\t\t\t\t\t<div class=\"elementor-container elementor-column-gap-default\">\n\t\t\t\t\t<div class=\"elementor-column elementor-col-50 elementor-top-column elementor-element elementor-element-9bc9dbb\" data-id=\"9bc9dbb\" data-element_type=\"column\" data-e-type=\"column\">\n\t\t\t<div class=\"elementor-widget-wrap elementor-element-populated\">\n\t\t\t\t\t\t<div class=\"elementor-element elementor-element-208ccf7 elementor-widget elementor-widget-shortcode\" data-id=\"208ccf7\" data-element_type=\"widget\" data-e-type=\"widget\" data-widget_type=\"shortcode.default\">\n\t\t\t\t<div class=\"elementor-widget-container\">\n\t\t\t\t\t\t\t<div class=\"elementor-shortcode\"><nav aria-label=\"breadcrumbs\" class=\"rank-math-breadcrumb\"><p><span class=\"last\">VSA-AAS<\/span><\/p><\/nav><\/div>\n\t\t\t\t\t\t<\/div>\n\t\t\t\t<\/div>\n\t\t\t\t<div class=\"elementor-element elementor-element-493761e elementor-widget elementor-widget-heading\" data-id=\"493761e\" data-element_type=\"widget\" data-e-type=\"widget\" data-widget_type=\"heading.default\">\n\t\t\t\t<div class=\"elementor-widget-container\">\n\t\t\t\t\t<h1 class=\"elementor-heading-title elementor-size-default\">ENSEMEN<\/h1>\t\t\t\t<\/div>\n\t\t\t\t<\/div>\n\t\t\t\t<div class=\"elementor-element elementor-element-a271239 elementor-widget elementor-widget-text-editor\" data-id=\"a271239\" data-element_type=\"widget\" data-e-type=\"widget\" data-widget_type=\"text-editor.default\">\n\t\t\t\t<div class=\"elementor-widget-container\">\n\t\t\t\t\t\t\t\t\tVous trouverez ici les documents produits par le groupe de projet ENSEMEN de 2019 \u00e0 2022 ainsi que les pr\u00e9sentations des \u00e9v\u00e9nements organis\u00e9s durant cette p\u00e9riode. Les t\u00e2ches op\u00e9rationnelles du groupe de projet ENSEMEN ont \u00e9t\u00e9 reprises par le groupe de travail Normes et standards.\t\t\t\t\t\t\t\t<\/div>\n\t\t\t\t<\/div>\n\t\t\t\t\t<\/div>\n\t\t<\/div>\n\t\t\t\t<div class=\"elementor-column elementor-col-50 elementor-top-column elementor-element elementor-element-919dfcf\" data-id=\"919dfcf\" data-element_type=\"column\" data-e-type=\"column\">\n\t\t\t<div class=\"elementor-widget-wrap elementor-element-populated\">\n\t\t\t\t\t\t<div class=\"elementor-element elementor-element-c31ca7e elementor-widget elementor-widget-image\" data-id=\"c31ca7e\" data-element_type=\"widget\" data-e-type=\"widget\" data-widget_type=\"image.default\">\n\t\t\t\t<div class=\"elementor-widget-container\">\n\t\t\t\t\t\t\t\t\t\t\t\t\t\t\t<img fetchpriority=\"high\" decoding=\"async\" width=\"577\" height=\"384\" src=\"https:\/\/vsa-aas.ch\/wp-content\/uploads\/2022\/05\/ENSEMEN_Veranstaltungen.png\" class=\"attachment-large size-large wp-image-29928\" alt=\"\" srcset=\"https:\/\/vsa-aas.ch\/wp-content\/uploads\/2022\/05\/ENSEMEN_Veranstaltungen.png 577w, https:\/\/vsa-aas.ch\/wp-content\/uploads\/2022\/05\/ENSEMEN_Veranstaltungen-300x200.png 300w\" sizes=\"(max-width: 577px) 100vw, 577px\" \/>\t\t\t\t\t\t\t\t\t\t\t\t\t\t\t<\/div>\n\t\t\t\t<\/div>\n\t\t\t\t\t<\/div>\n\t\t<\/div>\n\t\t\t\t\t<\/div>\n\t\t<\/section>\n\t\t\t\t<section class=\"elementor-section elementor-top-section elementor-element elementor-element-6bc9099 elementor-section-boxed elementor-section-height-default elementor-section-height-default\" data-id=\"6bc9099\" data-element_type=\"section\" data-e-type=\"section\">\n\t\t\t\t\t\t<div class=\"elementor-container elementor-column-gap-default\">\n\t\t\t\t\t<div class=\"elementor-column elementor-col-100 elementor-top-column elementor-element elementor-element-998e8a6\" data-id=\"998e8a6\" data-element_type=\"column\" data-e-type=\"column\">\n\t\t\t<div class=\"elementor-widget-wrap elementor-element-populated\">\n\t\t\t\t\t\t\t<\/div>\n\t\t<\/div>\n\t\t\t\t\t<\/div>\n\t\t<\/section>\n\t\t\t\t<\/div>\n\t\t","protected":false},"excerpt":{"rendered":"<p>ENSEMEN Vous trouverez ici les documents produits par le groupe de projet ENSEMEN de 2019 \u00e0 2022 ainsi que les pr\u00e9sentations des \u00e9v\u00e9nements organis\u00e9s durant cette p\u00e9riode. Les t\u00e2ches op\u00e9rationnelles&hellip;&nbsp;<a href=\"https:\/\/vsa-aas.ch\/fr\/ressources\/ensemen\/\" rel=\"bookmark\">Read More &raquo;<span class=\"screen-reader-text\">ENSEMEN<\/span><\/a><\/p>\n","protected":false},"author":5,"featured_media":0,"parent":30161,"menu_order":0,"comment_status":"closed","ping_status":"closed","template":"page-templates\/template-pagebuilder-full-width.php","meta":{"neve_meta_sidebar":"","neve_meta_container":"","neve_meta_enable_content_width":"","neve_meta_content_width":0,"neve_meta_title_alignment":"","neve_meta_author_avatar":"","neve_post_elements_order":"","neve_meta_disable_header":"","neve_meta_disable_footer":"","neve_meta_disable_title":"","neve_meta_reading_time":"","_price":"","_stock":"","_tribe_ticket_header":"","_tribe_default_ticket_provider":"","_tribe_ticket_capacity":"0","_ticket_start_date":"","_ticket_end_date":"","_tribe_ticket_show_description":"","_tribe_ticket_show_not_going":false,"_tribe_ticket_use_global_stock":"","_tribe_ticket_global_stock_level":"","_global_stock_mode":"","_global_stock_cap":"","_tribe_rsvp_for_event":"","_tribe_ticket_going_count":"","_tribe_ticket_not_going_count":"","_tribe_tickets_list":"[]","_tribe_ticket_has_attendee_info_fields":false,"footnotes":"","_tec_slr_enabled":"","_tec_slr_layout":""},"folder":[164],"class_list":["post-30200","page","type-page","status-publish","hentry"],"ticketed":false,"_links":{"self":[{"href":"https:\/\/vsa-aas.ch\/fr\/wp-json\/wp\/v2\/pages\/30200","targetHints":{"allow":["GET"]}}],"collection":[{"href":"https:\/\/vsa-aas.ch\/fr\/wp-json\/wp\/v2\/pages"}],"about":[{"href":"https:\/\/vsa-aas.ch\/fr\/wp-json\/wp\/v2\/types\/page"}],"author":[{"embeddable":true,"href":"https:\/\/vsa-aas.ch\/fr\/wp-json\/wp\/v2\/users\/5"}],"replies":[{"embeddable":true,"href":"https:\/\/vsa-aas.ch\/fr\/wp-json\/wp\/v2\/comments?post=30200"}],"version-history":[{"count":1,"href":"https:\/\/vsa-aas.ch\/fr\/wp-json\/wp\/v2\/pages\/30200\/revisions"}],"predecessor-version":[{"id":30202,"href":"https:\/\/vsa-aas.ch\/fr\/wp-json\/wp\/v2\/pages\/30200\/revisions\/30202"}],"up":[{"embeddable":true,"href":"https:\/\/vsa-aas.ch\/fr\/wp-json\/wp\/v2\/pages\/30161"}],"wp:attachment":[{"href":"https:\/\/vsa-aas.ch\/fr\/wp-json\/wp\/v2\/media?parent=30200"}],"wp:term":[{"taxonomy":"folder","embeddable":true,"href":"https:\/\/vsa-aas.ch\/fr\/wp-json\/wp\/v2\/folder?post=30200"}],"curies":[{"name":"wp","href":"https:\/\/api.w.org\/{rel}","templated":true}]}}