{"id":30222,"date":"2022-05-02T14:22:01","date_gmt":"2022-05-02T13:22:01","guid":{"rendered":"https:\/\/vsa-aas.ch\/ressources\/acces-et-communication\/"},"modified":"2022-06-30T08:26:27","modified_gmt":"2022-06-30T07:26:27","slug":"acces-et-communication","status":"publish","type":"page","link":"https:\/\/vsa-aas.ch\/fr\/ressources\/acces-et-communication\/","title":{"rendered":"Acc\u00e8s et communication"},"content":{"rendered":"\t\t<div data-elementor-type=\"wp-page\" data-elementor-id=\"30222\" class=\"elementor elementor-30222 elementor-26949\" data-elementor-post-type=\"page\">\n\t\t\t\t\t\t<section class=\"elementor-section elementor-top-section elementor-element elementor-element-04594cc elementor-section-boxed elementor-section-height-default elementor-section-height-default\" data-id=\"04594cc\" data-element_type=\"section\" data-e-type=\"section\">\n\t\t\t\t\t\t<div class=\"elementor-container elementor-column-gap-default\">\n\t\t\t\t\t<div class=\"elementor-column elementor-col-50 elementor-top-column elementor-element elementor-element-935473d\" data-id=\"935473d\" data-element_type=\"column\" data-e-type=\"column\">\n\t\t\t<div class=\"elementor-widget-wrap elementor-element-populated\">\n\t\t\t\t\t\t<div class=\"elementor-element elementor-element-18e8951 elementor-widget elementor-widget-shortcode\" data-id=\"18e8951\" data-element_type=\"widget\" data-e-type=\"widget\" data-widget_type=\"shortcode.default\">\n\t\t\t\t<div class=\"elementor-widget-container\">\n\t\t\t\t\t\t\t<div class=\"elementor-shortcode\"><nav aria-label=\"breadcrumbs\" class=\"rank-math-breadcrumb\"><p><span class=\"last\">VSA-AAS<\/span><\/p><\/nav><\/div>\n\t\t\t\t\t\t<\/div>\n\t\t\t\t<\/div>\n\t\t\t\t<div class=\"elementor-element elementor-element-7f0f3de elementor-widget elementor-widget-heading\" data-id=\"7f0f3de\" data-element_type=\"widget\" data-e-type=\"widget\" data-widget_type=\"heading.default\">\n\t\t\t\t<div class=\"elementor-widget-container\">\n\t\t\t\t\t<h1 class=\"elementor-heading-title elementor-size-default\">Acc\u00e8s et communication<\/h1>\t\t\t\t<\/div>\n\t\t\t\t<\/div>\n\t\t\t\t<div class=\"elementor-element elementor-element-c8c2855 elementor-widget elementor-widget-text-editor\" data-id=\"c8c2855\" data-element_type=\"widget\" data-e-type=\"widget\" data-widget_type=\"text-editor.default\">\n\t\t\t\t<div class=\"elementor-widget-container\">\n\t\t\t\t\t\t\t\t\t<p>Le groupe de travail \u00ab Acc\u00e8s et communication \u00bb conseille et soutient le comit\u00e9 de l\u2019AAS par des recommandations, des strat\u00e9gies et des livres blancs. Il pr\u00e9pare leur mise en \u0153uvre et s\u2019implique activement dans celle-ci. Il encourage le partage des connaissances, favorise les \u00e9changes d\u2019id\u00e9es et rend ces nouvelles ressources accessibles.<\/p>\t\t\t\t\t\t\t\t<\/div>\n\t\t\t\t<\/div>\n\t\t\t\t\t<\/div>\n\t\t<\/div>\n\t\t\t\t<div class=\"elementor-column elementor-col-50 elementor-top-column elementor-element elementor-element-71c42b8\" data-id=\"71c42b8\" data-element_type=\"column\" data-e-type=\"column\">\n\t\t\t<div class=\"elementor-widget-wrap elementor-element-populated\">\n\t\t\t\t\t\t<div class=\"elementor-element elementor-element-d8d4b2c elementor-widget elementor-widget-image\" data-id=\"d8d4b2c\" data-element_type=\"widget\" data-e-type=\"widget\" data-widget_type=\"image.default\">\n\t\t\t\t<div class=\"elementor-widget-container\">\n\t\t\t\t\t\t\t\t\t\t\t\t\t\t\t<img fetchpriority=\"high\" decoding=\"async\" width=\"576\" height=\"385\" src=\"https:\/\/vsa-aas.ch\/wp-content\/uploads\/2022\/06\/Ressourcen-Zugang-und-Vermittlung.png\" class=\"attachment-large size-large wp-image-29959\" alt=\"\" srcset=\"https:\/\/vsa-aas.ch\/wp-content\/uploads\/2022\/06\/Ressourcen-Zugang-und-Vermittlung.png 576w, https:\/\/vsa-aas.ch\/wp-content\/uploads\/2022\/06\/Ressourcen-Zugang-und-Vermittlung-300x201.png 300w\" sizes=\"(max-width: 576px) 100vw, 576px\" \/>\t\t\t\t\t\t\t\t\t\t\t\t\t\t\t<\/div>\n\t\t\t\t<\/div>\n\t\t\t\t\t<\/div>\n\t\t<\/div>\n\t\t\t\t\t<\/div>\n\t\t<\/section>\n\t\t\t\t<section class=\"elementor-section elementor-top-section elementor-element elementor-element-3924e31 elementor-section-boxed elementor-section-height-default elementor-section-height-default\" data-id=\"3924e31\" data-element_type=\"section\" data-e-type=\"section\">\n\t\t\t\t\t\t<div class=\"elementor-container elementor-column-gap-default\">\n\t\t\t\t\t<div class=\"elementor-column elementor-col-100 elementor-top-column elementor-element elementor-element-0ffd8cd\" data-id=\"0ffd8cd\" data-element_type=\"column\" data-e-type=\"column\">\n\t\t\t<div class=\"elementor-widget-wrap elementor-element-populated\">\n\t\t\t\t\t\t\t<\/div>\n\t\t<\/div>\n\t\t\t\t\t<\/div>\n\t\t<\/section>\n\t\t\t\t<\/div>\n\t\t","protected":false},"excerpt":{"rendered":"<p>Acc\u00e8s et communication Le groupe de travail \u00ab Acc\u00e8s et communication \u00bb conseille et soutient le comit\u00e9 de l\u2019AAS par des recommandations, des strat\u00e9gies et des livres blancs. Il pr\u00e9pare&hellip;&nbsp;<a href=\"https:\/\/vsa-aas.ch\/fr\/ressources\/acces-et-communication\/\" rel=\"bookmark\">Read More &raquo;<span class=\"screen-reader-text\">Acc\u00e8s et communication<\/span><\/a><\/p>\n","protected":false},"author":5,"featured_media":0,"parent":30161,"menu_order":0,"comment_status":"closed","ping_status":"closed","template":"page-templates\/template-pagebuilder-full-width.php","meta":{"neve_meta_sidebar":"","neve_meta_container":"","neve_meta_enable_content_width":"","neve_meta_content_width":0,"neve_meta_title_alignment":"","neve_meta_author_avatar":"","neve_post_elements_order":"","neve_meta_disable_header":"","neve_meta_disable_footer":"","neve_meta_disable_title":"","neve_meta_reading_time":"","_price":"","_stock":"","_tribe_ticket_header":"","_tribe_default_ticket_provider":"","_tribe_ticket_capacity":"0","_ticket_start_date":"","_ticket_end_date":"","_tribe_ticket_show_description":"","_tribe_ticket_show_not_going":false,"_tribe_ticket_use_global_stock":"","_tribe_ticket_global_stock_level":"","_global_stock_mode":"","_global_stock_cap":"","_tribe_rsvp_for_event":"","_tribe_ticket_going_count":"","_tribe_ticket_not_going_count":"","_tribe_tickets_list":"[]","_tribe_ticket_has_attendee_info_fields":false,"footnotes":"","_tec_slr_enabled":"","_tec_slr_layout":""},"folder":[164],"class_list":["post-30222","page","type-page","status-publish","hentry"],"ticketed":false,"_links":{"self":[{"href":"https:\/\/vsa-aas.ch\/fr\/wp-json\/wp\/v2\/pages\/30222","targetHints":{"allow":["GET"]}}],"collection":[{"href":"https:\/\/vsa-aas.ch\/fr\/wp-json\/wp\/v2\/pages"}],"about":[{"href":"https:\/\/vsa-aas.ch\/fr\/wp-json\/wp\/v2\/types\/page"}],"author":[{"embeddable":true,"href":"https:\/\/vsa-aas.ch\/fr\/wp-json\/wp\/v2\/users\/5"}],"replies":[{"embeddable":true,"href":"https:\/\/vsa-aas.ch\/fr\/wp-json\/wp\/v2\/comments?post=30222"}],"version-history":[{"count":5,"href":"https:\/\/vsa-aas.ch\/fr\/wp-json\/wp\/v2\/pages\/30222\/revisions"}],"predecessor-version":[{"id":32902,"href":"https:\/\/vsa-aas.ch\/fr\/wp-json\/wp\/v2\/pages\/30222\/revisions\/32902"}],"up":[{"embeddable":true,"href":"https:\/\/vsa-aas.ch\/fr\/wp-json\/wp\/v2\/pages\/30161"}],"wp:attachment":[{"href":"https:\/\/vsa-aas.ch\/fr\/wp-json\/wp\/v2\/media?parent=30222"}],"wp:term":[{"taxonomy":"folder","embeddable":true,"href":"https:\/\/vsa-aas.ch\/fr\/wp-json\/wp\/v2\/folder?post=30222"}],"curies":[{"name":"wp","href":"https:\/\/api.w.org\/{rel}","templated":true}]}}