{"id":30236,"date":"2022-05-02T12:55:24","date_gmt":"2022-05-02T10:55:24","guid":{"rendered":"https:\/\/vsa-aas.ch\/association\/centenaire-de-laas\/"},"modified":"2023-04-12T15:50:15","modified_gmt":"2023-04-12T13:50:15","slug":"centenaire-de-laas","status":"publish","type":"page","link":"https:\/\/vsa-aas.ch\/fr\/association\/centenaire-de-laas\/","title":{"rendered":"Centenaire de l\u2019AAS"},"content":{"rendered":"\n<p>Der Verein Schweizerische Archivar:innen wurde am 4. September 1922 gegr\u00fcndet und feiert 2022 sein 100-j\u00e4hriges Jubil\u00e4um. Pour notre communaut\u00e9 professionnelle, il s\u2019agit non seulement de f\u00eater dignement ce cap important, mais surtout de r\u00e9affirmer haut et fort le r\u00f4le essentiel des archives pour l\u2019\u00c9tat de droit et la d\u00e9mocratie, en tant que m\u00e9moire culturelle et historique, mais aussi point n\u00e9vralgique de la soci\u00e9t\u00e9 de l\u2019information. Toute une s\u00e9rie de manifestations est pr\u00e9vue durant l\u2019ann\u00e9e. Parmi celles-ci :<\/p>\n\n<ul class=\"wp-block-list\">\n<li><a style=\"mso-comment-reference: JM_1; mso-comment-date: 20220329T1423;\" href=\"https:\/\/vsa-aas.ch\/fr\/association\/centenaire-de-laas\/archive-on-tour-une-boite-darchives-en-tournee\/\"><strong>\u00ab Archive on tour \u00bb<\/strong><\/a>, une bo\u00eete d\u2019archives qui sillonne la Suisse et le Liechtenstein du 4 f\u00e9vrier au 15 septembre 2022 \u00e0 la rencontre d\u2019un paysage archivistique riche et dense ;<\/li>\n\n\n\n<li><strong><a style=\"mso-comment-reference: JM_2; mso-comment-date: 20220329T1423;\" href=\"https:\/\/vsa-aas.ch\/fr\/association\/centenaire-de-laas\/archives-pour-tous-semaine-et-journee-des-archives-2022\/\"><u>\u00ab Archives pour tous \u00bb<\/u><\/a><\/strong>, une op\u00e9ration qui doit tout d\u2019abord permettre aux Archives et aux archivistes de sortir de leurs murs et d\u2019aller \u00e0 la rencontre du public durant la Semaine internationale des archives (6-11 juin 2022), avant de l\u2019accueillir celui-ci dans leurs locaux lors de la Journ\u00e9e des Archives (11 juin 2022) ;<\/li>\n\n\n\n<li><u><a href=\"https:\/\/vsa-aas.ch\/fr\/association\/travail-de-comite\/assemblee-generale\/\" data-type=\"URL\" data-id=\"https:\/\/vsa-aas.ch\/verein\/vereinsarbeit\/jahresversammlung\/\"><strong>L\u2019assembl\u00e9e g\u00e9n\u00e9rale<\/strong><\/a><\/u>, qui se tiendra le 15 septembre 2022 \u00e0 Berne, ainsi que la journ\u00e9e professionnelle d\u00e9di\u00e9e, fix\u00e9e le 16 septembre et consacr\u00e9e aux d\u00e9fis de notre profession.<\/li>\n\n\n\n<li><a href=\"https:\/\/vsa-aas.ch\/fr\/association\/centenaire-de-laas\/le-corps-archive\/\" data-type=\"post\" data-id=\"34116\"><strong>\u00ab Le Corps Archive \u00bb<\/strong><\/a>, un film de Robin Harsch, d\u2019apr\u00e8s une proposition chor\u00e9graphique de Manon Hotte<br\/>Production Association des archivistes suisses et Archives d\u2019Etat de Gen\u00e8ve<\/li>\n<\/ul>\n\n<p>Pour \u00eatre toujours au courant de nos manifestations et de nos actualit\u00e9s, suivez-nous sur les r\u00e9seaux sociaux Twitter et Instagram (@vsa_aas ou #archivCH).<\/p>\n\t\t<div data-elementor-type=\"section\" data-elementor-id=\"31172\" class=\"elementor elementor-31172 elementor-28843\" data-elementor-post-type=\"elementor_library\">\n\t\t\t\t\t<section class=\"elementor-section elementor-top-section elementor-element elementor-element-8d1d14a three-buttons elementor-section-boxed elementor-section-height-default elementor-section-height-default\" data-id=\"8d1d14a\" data-element_type=\"section\" data-e-type=\"section\">\n\t\t\t\t\t\t<div class=\"elementor-container elementor-column-gap-extended\">\n\t\t\t\t\t<div class=\"elementor-column elementor-col-33 elementor-top-column elementor-element elementor-element-eb98737\" data-id=\"eb98737\" data-element_type=\"column\" data-e-type=\"column\">\n\t\t\t<div class=\"elementor-widget-wrap elementor-element-populated\">\n\t\t\t\t\t\t<div class=\"elementor-element elementor-element-2eaab69 elementor-position-left elementor-vertical-align-middle elementor-widget elementor-widget-image-box\" data-id=\"2eaab69\" data-element_type=\"widget\" data-e-type=\"widget\" data-widget_type=\"image-box.default\">\n\t\t\t\t<div class=\"elementor-widget-container\">\n\t\t\t\t\t<div class=\"elementor-image-box-wrapper\"><figure class=\"elementor-image-box-img\"><a href=\"https:\/\/vsa-aas.ch\/fr\/archives-suisses\/\" tabindex=\"-1\"><img decoding=\"async\" width=\"135\" height=\"135\" src=\"https:\/\/vsa-aas.ch\/wp-content\/uploads\/2022\/05\/Quicklink_Archive-Schweiz.png\" class=\"attachment-full size-full wp-image-28744\" alt=\"\" \/><\/a><\/figure><div class=\"elementor-image-box-content\"><h5 class=\"elementor-image-box-title\"><a href=\"https:\/\/vsa-aas.ch\/fr\/archives-suisses\/\">Archives suisses<\/a><\/h5><p class=\"elementor-image-box-description\">Vue d'ensemble des archives et des portails suisses<\/p><\/div><\/div>\t\t\t\t<\/div>\n\t\t\t\t<\/div>\n\t\t\t\t\t<\/div>\n\t\t<\/div>\n\t\t\t\t<div class=\"elementor-column elementor-col-33 elementor-top-column elementor-element elementor-element-8376f68\" data-id=\"8376f68\" data-element_type=\"column\" data-e-type=\"column\">\n\t\t\t<div class=\"elementor-widget-wrap elementor-element-populated\">\n\t\t\t\t\t\t<div class=\"elementor-element elementor-element-09420f4 elementor-position-left elementor-vertical-align-middle elementor-widget elementor-widget-image-box\" data-id=\"09420f4\" data-element_type=\"widget\" data-e-type=\"widget\" data-widget_type=\"image-box.default\">\n\t\t\t\t<div class=\"elementor-widget-container\">\n\t\t\t\t\t<div class=\"elementor-image-box-wrapper\"><figure class=\"elementor-image-box-img\"><a href=\"https:\/\/vsa-aas.ch\/fr\/profession-archiviste\/\" tabindex=\"-1\"><img decoding=\"async\" width=\"135\" height=\"135\" src=\"https:\/\/vsa-aas.ch\/wp-content\/uploads\/2022\/03\/Quicklink-Beruf.png\" class=\"attachment-full size-full wp-image-26207\" alt=\"\" \/><\/a><\/figure><div class=\"elementor-image-box-content\"><h5 class=\"elementor-image-box-title\"><a href=\"https:\/\/vsa-aas.ch\/fr\/profession-archiviste\/\">Le m\u00e9tier d'archiviste<\/a><\/h5><p class=\"elementor-image-box-description\">Archiviste professionnel\u00b7le ? Quelles formations ?  <\/p><\/div><\/div>\t\t\t\t<\/div>\n\t\t\t\t<\/div>\n\t\t\t\t\t<\/div>\n\t\t<\/div>\n\t\t\t\t<div class=\"elementor-column elementor-col-33 elementor-top-column elementor-element elementor-element-91fa023\" data-id=\"91fa023\" data-element_type=\"column\" data-e-type=\"column\">\n\t\t\t<div class=\"elementor-widget-wrap elementor-element-populated\">\n\t\t\t\t\t\t<div class=\"elementor-element elementor-element-5fdae78 elementor-position-left elementor-vertical-align-middle elementor-widget elementor-widget-image-box\" data-id=\"5fdae78\" data-element_type=\"widget\" data-e-type=\"widget\" data-widget_type=\"image-box.default\">\n\t\t\t\t<div class=\"elementor-widget-container\">\n\t\t\t\t\t<div class=\"elementor-image-box-wrapper\"><figure class=\"elementor-image-box-img\"><a href=\"https:\/\/vsa-aas.ch\/fr\/nouveautes\/\" tabindex=\"-1\"><img decoding=\"async\" width=\"135\" height=\"135\" src=\"https:\/\/vsa-aas.ch\/wp-content\/uploads\/2022\/03\/Quicklink-News.png\" class=\"attachment-full size-full wp-image-26205\" alt=\"\" \/><\/a><\/figure><div class=\"elementor-image-box-content\"><h5 class=\"elementor-image-box-title\"><a href=\"https:\/\/vsa-aas.ch\/fr\/nouveautes\/\">Actualit\u00e9s<\/a><\/h5><p class=\"elementor-image-box-description\">Retrouvez les offres d'emploi, \u00e9v\u00e9nements et actualit\u00e9s <\/p><\/div><\/div>\t\t\t\t<\/div>\n\t\t\t\t<\/div>\n\t\t\t\t\t<\/div>\n\t\t<\/div>\n\t\t\t\t\t<\/div>\n\t\t<\/section>\n\t\t\t\t<\/div>\n\t\t\n","protected":false},"excerpt":{"rendered":"<p>Der Verein Schweizerische Archivar:innen wurde am 4. September 1922 gegr\u00fcndet und feiert 2022 sein 100-j\u00e4hriges Jubil\u00e4um. Pour notre communaut\u00e9 professionnelle, il s\u2019agit non seulement de f\u00eater dignement ce cap important,&hellip;&nbsp;<a href=\"https:\/\/vsa-aas.ch\/fr\/association\/centenaire-de-laas\/\" rel=\"bookmark\">Read More &raquo;<span class=\"screen-reader-text\">Centenaire de l\u2019AAS<\/span><\/a><\/p>\n","protected":false},"author":5,"featured_media":0,"parent":30232,"menu_order":0,"comment_status":"closed","ping_status":"closed","template":"","meta":{"neve_meta_sidebar":"","neve_meta_container":"","neve_meta_enable_content_width":"","neve_meta_content_width":0,"neve_meta_title_alignment":"","neve_meta_author_avatar":"","neve_post_elements_order":"","neve_meta_disable_header":"","neve_meta_disable_footer":"","neve_meta_disable_title":"","neve_meta_reading_time":"","_price":"","_stock":"","_tribe_ticket_header":"","_tribe_default_ticket_provider":"","_tribe_ticket_capacity":"0","_ticket_start_date":"","_ticket_end_date":"","_tribe_ticket_show_description":"","_tribe_ticket_show_not_going":false,"_tribe_ticket_use_global_stock":"","_tribe_ticket_global_stock_level":"","_global_stock_mode":"","_global_stock_cap":"","_tribe_rsvp_for_event":"","_tribe_ticket_going_count":"","_tribe_ticket_not_going_count":"","_tribe_tickets_list":"[]","_tribe_ticket_has_attendee_info_fields":false,"footnotes":"","_tec_slr_enabled":"","_tec_slr_layout":""},"folder":[151],"class_list":["post-30236","page","type-page","status-publish","hentry"],"ticketed":false,"_links":{"self":[{"href":"https:\/\/vsa-aas.ch\/fr\/wp-json\/wp\/v2\/pages\/30236","targetHints":{"allow":["GET"]}}],"collection":[{"href":"https:\/\/vsa-aas.ch\/fr\/wp-json\/wp\/v2\/pages"}],"about":[{"href":"https:\/\/vsa-aas.ch\/fr\/wp-json\/wp\/v2\/types\/page"}],"author":[{"embeddable":true,"href":"https:\/\/vsa-aas.ch\/fr\/wp-json\/wp\/v2\/users\/5"}],"replies":[{"embeddable":true,"href":"https:\/\/vsa-aas.ch\/fr\/wp-json\/wp\/v2\/comments?post=30236"}],"version-history":[{"count":5,"href":"https:\/\/vsa-aas.ch\/fr\/wp-json\/wp\/v2\/pages\/30236\/revisions"}],"predecessor-version":[{"id":35862,"href":"https:\/\/vsa-aas.ch\/fr\/wp-json\/wp\/v2\/pages\/30236\/revisions\/35862"}],"up":[{"embeddable":true,"href":"https:\/\/vsa-aas.ch\/fr\/wp-json\/wp\/v2\/pages\/30232"}],"wp:attachment":[{"href":"https:\/\/vsa-aas.ch\/fr\/wp-json\/wp\/v2\/media?parent=30236"}],"wp:term":[{"taxonomy":"folder","embeddable":true,"href":"https:\/\/vsa-aas.ch\/fr\/wp-json\/wp\/v2\/folder?post=30236"}],"curies":[{"name":"wp","href":"https:\/\/api.w.org\/{rel}","templated":true}]}}