{"id":30922,"date":"2022-05-11T15:10:21","date_gmt":"2022-05-11T14:10:21","guid":{"rendered":"https:\/\/vsa-aas.ch\/association\/cooperation\/"},"modified":"2022-06-03T14:21:26","modified_gmt":"2022-06-03T13:21:26","slug":"cooperation","status":"publish","type":"page","link":"https:\/\/vsa-aas.ch\/fr\/association\/cooperation\/","title":{"rendered":"Coop\u00e9ration"},"content":{"rendered":"\t\t<div data-elementor-type=\"wp-page\" data-elementor-id=\"30922\" class=\"elementor elementor-30922 elementor-27380\" data-elementor-post-type=\"page\">\n\t\t\t\t\t\t<section class=\"elementor-section elementor-top-section elementor-element elementor-element-f9a4d7d elementor-section-boxed elementor-section-height-default elementor-section-height-default\" data-id=\"f9a4d7d\" data-element_type=\"section\" data-e-type=\"section\" data-settings=\"{&quot;background_background&quot;:&quot;classic&quot;}\">\n\t\t\t\t\t\t<div class=\"elementor-container elementor-column-gap-default\">\n\t\t\t\t\t<div class=\"elementor-column elementor-col-33 elementor-top-column elementor-element elementor-element-c35768e\" data-id=\"c35768e\" data-element_type=\"column\" data-e-type=\"column\">\n\t\t\t<div class=\"elementor-widget-wrap elementor-element-populated\">\n\t\t\t\t\t\t<div class=\"elementor-element elementor-element-81b7b37 elementor-widget elementor-widget-shortcode\" data-id=\"81b7b37\" data-element_type=\"widget\" data-e-type=\"widget\" data-widget_type=\"shortcode.default\">\n\t\t\t\t<div class=\"elementor-widget-container\">\n\t\t\t\t\t\t\t<div class=\"elementor-shortcode\"><nav aria-label=\"breadcrumbs\" class=\"rank-math-breadcrumb\"><p><span class=\"last\">VSA-AAS<\/span><\/p><\/nav><\/div>\n\t\t\t\t\t\t<\/div>\n\t\t\t\t<\/div>\n\t\t\t\t<div class=\"elementor-element elementor-element-c966f71 elementor-widget elementor-widget-heading\" data-id=\"c966f71\" data-element_type=\"widget\" data-e-type=\"widget\" data-widget_type=\"heading.default\">\n\t\t\t\t<div class=\"elementor-widget-container\">\n\t\t\t\t\t<h1 class=\"elementor-heading-title elementor-size-default\">Coop\u00e9ration<\/h1>\t\t\t\t<\/div>\n\t\t\t\t<\/div>\n\t\t\t\t<div class=\"elementor-element elementor-element-2143acd elementor-widget elementor-widget-text-editor\" data-id=\"2143acd\" data-element_type=\"widget\" data-e-type=\"widget\" data-widget_type=\"text-editor.default\">\n\t\t\t\t<div class=\"elementor-widget-container\">\n\t\t\t\t\t\t\t\t\t<p>L\u2019AAS entretient des relations et collabore avec diverses institutions en Suisse. Elle cultive \u00e9galement des liens avec les soci\u00e9t\u00e9s homologues des pays voisins. Elle est repr\u00e9sent\u00e9e aupr\u00e8s d\u2019organisations suisses et internationales, notamment dans le cadre du <a href=\"https:\/\/www.ica.org\/en\" target=\"_blank\" rel=\"noopener\">Conseil International des Archives (ICA)<\/a>.<\/p>\t\t\t\t\t\t\t\t<\/div>\n\t\t\t\t<\/div>\n\t\t\t\t\t<\/div>\n\t\t<\/div>\n\t\t\t\t<div class=\"elementor-column elementor-col-66 elementor-top-column elementor-element elementor-element-8f82acc\" data-id=\"8f82acc\" data-element_type=\"column\" data-e-type=\"column\">\n\t\t\t<div class=\"elementor-widget-wrap elementor-element-populated\">\n\t\t\t\t\t\t<div class=\"elementor-element elementor-element-d562daf elementor-widget elementor-widget-image\" data-id=\"d562daf\" data-element_type=\"widget\" data-e-type=\"widget\" data-widget_type=\"image.default\">\n\t\t\t\t<div class=\"elementor-widget-container\">\n\t\t\t\t\t\t\t\t\t\t\t\t\t\t\t<img fetchpriority=\"high\" decoding=\"async\" width=\"574\" height=\"410\" src=\"https:\/\/vsa-aas.ch\/wp-content\/uploads\/2022\/03\/Unterseite-Zusammenarbeit.png\" class=\"attachment-large size-large wp-image-26511\" alt=\"\" srcset=\"https:\/\/vsa-aas.ch\/wp-content\/uploads\/2022\/03\/Unterseite-Zusammenarbeit.png 574w, https:\/\/vsa-aas.ch\/wp-content\/uploads\/2022\/03\/Unterseite-Zusammenarbeit-300x214.png 300w\" sizes=\"(max-width: 574px) 100vw, 574px\" \/>\t\t\t\t\t\t\t\t\t\t\t\t\t\t\t<\/div>\n\t\t\t\t<\/div>\n\t\t\t\t\t<\/div>\n\t\t<\/div>\n\t\t\t\t\t<\/div>\n\t\t<\/section>\n\t\t\t\t<section class=\"elementor-section elementor-top-section elementor-element elementor-element-75eabcb elementor-section-boxed elementor-section-height-default elementor-section-height-default\" data-id=\"75eabcb\" data-element_type=\"section\" data-e-type=\"section\">\n\t\t\t\t\t\t<div class=\"elementor-container elementor-column-gap-default\">\n\t\t\t\t\t<div class=\"elementor-column elementor-col-100 elementor-top-column elementor-element elementor-element-744c909\" data-id=\"744c909\" data-element_type=\"column\" data-e-type=\"column\">\n\t\t\t<div class=\"elementor-widget-wrap elementor-element-populated\">\n\t\t\t\t\t\t<div class=\"elementor-element elementor-element-c484398 elementor-widget elementor-widget-text-editor\" data-id=\"c484398\" data-element_type=\"widget\" data-e-type=\"widget\" data-widget_type=\"text-editor.default\">\n\t\t\t\t<div class=\"elementor-widget-container\">\n\t\t\t\t\t\t\t\t\t<p>Des repr\u00e9sentants des d\u00e9l\u00e9gations et mandats officiels se retrouvent au moins une fois par an au sein de la Commission Politique et relations publiques de l\u2019AAS. La Commission alimente l\u2019association en informations pertinentes, par exemple sur les projets de loi dans le domaine des archives, de l\u2019information ou du traitement des donn\u00e9es ; elle contribue \u00e0 la formation d\u2019une opinion \u00e0 l\u2019int\u00e9rieur de l\u2019association et fait valoir les int\u00e9r\u00eats de celle-ci dans les processus politiques.<\/p><p>Le mandat de la Commission est d\u00e9crit en d\u00e9tail dans le document suivant : <a href=\"https:\/\/vsa-aas.ch\/wp-content\/uploads\/2022\/05\/2017-05-09_Mandat_KommissionPolitikundO%CC%88ffentlichkeitsarbeit.pdf\">mandat de la commission \u00ab Lobbying et Public Affairs \u00bb de VSA AAS<\/a>.<\/p>\t\t\t\t\t\t\t\t<\/div>\n\t\t\t\t<\/div>\n\t\t\t\t\t<\/div>\n\t\t<\/div>\n\t\t\t\t\t<\/div>\n\t\t<\/section>\n\t\t\t\t<section class=\"elementor-section elementor-top-section elementor-element elementor-element-fe3d175 elementor-section-boxed elementor-section-height-default elementor-section-height-default\" data-id=\"fe3d175\" data-element_type=\"section\" data-e-type=\"section\">\n\t\t\t\t\t\t<div class=\"elementor-container elementor-column-gap-default\">\n\t\t\t\t\t<div class=\"elementor-column elementor-col-100 elementor-top-column elementor-element elementor-element-621339e\" data-id=\"621339e\" data-element_type=\"column\" data-e-type=\"column\">\n\t\t\t<div class=\"elementor-widget-wrap elementor-element-populated\">\n\t\t\t\t\t\t\t<\/div>\n\t\t<\/div>\n\t\t\t\t\t<\/div>\n\t\t<\/section>\n\t\t\t\t<\/div>\n\t\t","protected":false},"excerpt":{"rendered":"<p>Coop\u00e9ration L\u2019AAS entretient des relations et collabore avec diverses institutions en Suisse. Elle cultive \u00e9galement des liens avec les soci\u00e9t\u00e9s homologues des pays voisins. Elle est repr\u00e9sent\u00e9e aupr\u00e8s d\u2019organisations suisses&hellip;&nbsp;<a href=\"https:\/\/vsa-aas.ch\/fr\/association\/cooperation\/\" rel=\"bookmark\">Read More &raquo;<span class=\"screen-reader-text\">Coop\u00e9ration<\/span><\/a><\/p>\n","protected":false},"author":5,"featured_media":0,"parent":30232,"menu_order":0,"comment_status":"closed","ping_status":"closed","template":"page-templates\/template-pagebuilder-full-width.php","meta":{"neve_meta_sidebar":"","neve_meta_container":"","neve_meta_enable_content_width":"","neve_meta_content_width":0,"neve_meta_title_alignment":"","neve_meta_author_avatar":"","neve_post_elements_order":"","neve_meta_disable_header":"","neve_meta_disable_footer":"","neve_meta_disable_title":"","neve_meta_reading_time":"","_price":"","_stock":"","_tribe_ticket_header":"","_tribe_default_ticket_provider":"","_tribe_ticket_capacity":"0","_ticket_start_date":"","_ticket_end_date":"","_tribe_ticket_show_description":"","_tribe_ticket_show_not_going":false,"_tribe_ticket_use_global_stock":"","_tribe_ticket_global_stock_level":"","_global_stock_mode":"","_global_stock_cap":"","_tribe_rsvp_for_event":"","_tribe_ticket_going_count":"","_tribe_ticket_not_going_count":"","_tribe_tickets_list":"[]","_tribe_ticket_has_attendee_info_fields":false,"footnotes":"","_tec_slr_enabled":"","_tec_slr_layout":""},"folder":[],"class_list":["post-30922","page","type-page","status-publish","hentry"],"ticketed":false,"_links":{"self":[{"href":"https:\/\/vsa-aas.ch\/fr\/wp-json\/wp\/v2\/pages\/30922","targetHints":{"allow":["GET"]}}],"collection":[{"href":"https:\/\/vsa-aas.ch\/fr\/wp-json\/wp\/v2\/pages"}],"about":[{"href":"https:\/\/vsa-aas.ch\/fr\/wp-json\/wp\/v2\/types\/page"}],"author":[{"embeddable":true,"href":"https:\/\/vsa-aas.ch\/fr\/wp-json\/wp\/v2\/users\/5"}],"replies":[{"embeddable":true,"href":"https:\/\/vsa-aas.ch\/fr\/wp-json\/wp\/v2\/comments?post=30922"}],"version-history":[{"count":4,"href":"https:\/\/vsa-aas.ch\/fr\/wp-json\/wp\/v2\/pages\/30922\/revisions"}],"predecessor-version":[{"id":31191,"href":"https:\/\/vsa-aas.ch\/fr\/wp-json\/wp\/v2\/pages\/30922\/revisions\/31191"}],"up":[{"embeddable":true,"href":"https:\/\/vsa-aas.ch\/fr\/wp-json\/wp\/v2\/pages\/30232"}],"wp:attachment":[{"href":"https:\/\/vsa-aas.ch\/fr\/wp-json\/wp\/v2\/media?parent=30922"}],"wp:term":[{"taxonomy":"folder","embeddable":true,"href":"https:\/\/vsa-aas.ch\/fr\/wp-json\/wp\/v2\/folder?post=30922"}],"curies":[{"name":"wp","href":"https:\/\/api.w.org\/{rel}","templated":true}]}}