{"id":31808,"date":"2022-05-24T14:51:09","date_gmt":"2022-05-24T12:51:09","guid":{"rendered":"https:\/\/vsa-aas.ch\/impressum\/"},"modified":"2026-01-13T08:38:30","modified_gmt":"2026-01-13T07:38:30","slug":"impressum","status":"publish","type":"page","link":"https:\/\/vsa-aas.ch\/fr\/impressum\/","title":{"rendered":"Impressum"},"content":{"rendered":"\n<p><strong>Editeur<\/strong><br\/>Association des archivistes suisses (AAS)<br\/>Effingerstrasse 2<br\/>CH-3011 Bern<br\/><a href=\"mailto:info@vsa-aas.ch\">info@vsa-aas.ch<\/a><\/p>\n\n<p><strong>R\u00e9daction<\/strong><br\/>Fr\u00e9d\u00e9ric Noyer<br\/><a href=\"mailto:redaktion@vsa-aas.ch\">redaktion@vsa-aas.ch<\/a><\/p>\n\n<p><strong>Webmaster<\/strong><br\/>AAS bureau administratif<br\/><a href=\"mailto:info@vsa-aas.ch\">info@vsa-aas.ch<\/a><\/p>\n\n<div class=\"wp-block-columns is-layout-flex wp-container-core-columns-is-layout-9d6595d7 wp-block-columns-is-layout-flex\">\n<div class=\"wp-block-column is-layout-flow wp-block-column-is-layout-flow\">\n<p><strong>Texte<\/strong><br\/>Jos\u00e9phine M\u00e9traux <br\/>3007 Bern<br\/><a href=\"mailto:info@metrauxund.ch\">info@metrauxund.ch<\/a><\/p>\n<\/div>\n\n\n\n<div class=\"wp-block-column is-layout-flow wp-block-column-is-layout-flow\">\n<p><strong>Design<\/strong><br\/>Luzian Meier<br\/>8004 Z\u00fcrich<br\/><a href=\"mailto:info@luzianmeier.ch\">info@luzianmeier.ch<\/a><\/p>\n<\/div>\n\n\n\n<div class=\"wp-block-column is-layout-flow wp-block-column-is-layout-flow\">\n<p><strong>Programmation<\/strong><br\/>Chris Rohrer<br\/>4053 Basel<br\/><a href=\"mailto:info@mediaparx.ch\" target=\"_blank\" rel=\"noreferrer noopener\">info@chrisrohrer.dev<\/a><\/p>\n<\/div>\n<\/div>\n\n<p><strong>Droits d&rsquo;usage<\/strong><br\/><strong>Responsabilit\u00e9s<\/strong><br\/>L\u2019Association des archivistes suisses (AAS) veille avec tout le soin voulu \u00e0 la qualit\u00e9 des informations publi\u00e9es. Toutefois, elle ne saurait \u00eatre tenue pour responsable d\u2019\u00e9ventuelles lacunes concernant leur exactitude, leur exhaustivit\u00e9 et leur actualit\u00e9. L\u2019AAS se r\u00e9serve express\u00e9ment le droit de modifier en partie ou en totalit\u00e9 le contenu de ce site, de le supprimer ou d\u2019en suspendre temporairement l\u2019acc\u00e8s, et ce \u00e0 tout moment et sans avertissement pr\u00e9alable.<br\/>L\u2019AAS ne saurait \u00eatre tenu pour responsable des dommages mat\u00e9riels ou immat\u00e9riels qui pourraient \u00eatre caus\u00e9s par l\u2019acc\u00e8s aux informations diffus\u00e9es ou par leur utilisation ou non, par un mauvais usage de la connexion ou par des probl\u00e8mes techniques. L\u2019AAS d\u00e9cline toute responsabilit\u00e9 pour les contenus de sites de tiers, auxquels se r\u00e9f\u00e8rent les liens et les renvois ici pr\u00e9sents.   <\/p>\n\n<p><strong>Droits d\u2019auteur<\/strong><br\/>L\u2019ensemble des informations publi\u00e9es sur le site de l\u2019AAS est prot\u00e9g\u00e9 par le droit d\u2019auteur et celles-ci ne doivent \u00eatre copi\u00e9es ou imprim\u00e9es que pour un usage priv\u00e9 ou scientifique, non commercial. Le t\u00e9l\u00e9chargement ou la copie de textes, d\u2019illustrations, de photographies ou d\u2019autres donn\u00e9es n\u2019entra\u00eene aucun transfert de droits sur les contenus. La reproduction n\u00e9cessite un accord \u00e9crit pr\u00e9alable des ayants droit.<br\/>La citation des informations en indiquant correctement la source et le r\u00e9f\u00e9rencement du site AAS par des liens sont express\u00e9ment permis.  <\/p>\n\n<p><strong>Protection des donn\u00e9es<\/strong><br\/>Toutes les donn\u00e9es, et notamment les donn\u00e9es personnelles sensibles, que vous transmettez \u00e0 l\u2019AAS, par exemple via un formulaire ou via e-mail, sont trait\u00e9es par celles-ci de mani\u00e8re confidentielle et uniquement dans le contexte d\u00e9fini. Veuillez n\u00e9anmoins tenir compte du fait que la transmission n\u2019est pas s\u00e9curis\u00e9e et que les donn\u00e9es peuvent potentiellement \u00eatre intercept\u00e9es par des tiers (hackers).  <\/p>\n\n<p>&gt; <a href=\"https:\/\/vsa-aas.ch\/fr\/politique-de-confidentialite\/\" data-type=\"page\" data-id=\"26006\">D\u00e9claration de protection des donn\u00e9es<\/a><\/p>\n\n<p>Images d&rsquo;archives utilis\u00e9es dans la navigation<\/p>\n\n<p>Les compositions d&rsquo;images de ce site web sont le fruit d&rsquo;une collaboration entre les membres des archives et l&rsquo;\u00e9quipe de cr\u00e9ation. Vous trouverez ici les r\u00e9f\u00e9rences des images de navigation trait\u00e9es :<\/p>\n\n<div class=\"wp-block-columns is-layout-flex wp-container-core-columns-is-layout-9d6595d7 wp-block-columns-is-layout-flex\">\n<div class=\"wp-block-column is-layout-flow wp-block-column-is-layout-flow\">\n<figure class=\"wp-block-image\"><img decoding=\"async\" src=\"https:\/\/vsa-aas.ch\/wp-content\/uploads\/2022\/05\/02-RBA1-1-11823_9.jpg\" alt=\"\"\/><figcaption class=\"wp-element-caption\"><strong>Bibliothek und Archiv Aargau \u2013 Staatsarchiv<br\/><\/strong>02-RBA1-1-11823_9<br\/>Pletscher \u00a9 StAAG\/RBA1-1-11823_9<br\/>Zuchtstierreihen und Besucher am Zuchtstiermarkt in Zug, 5.9.1962<\/figcaption><\/figure>\n<\/div>\n\n\n\n<div class=\"wp-block-column is-layout-flow wp-block-column-is-layout-flow\">\n<figure class=\"wp-block-image\"><img decoding=\"async\" src=\"https:\/\/vsa-aas.ch\/wp-content\/uploads\/2022\/05\/SAS_P_010.06.07.236.01.jpg\" alt=\"\"\/><figcaption class=\"wp-element-caption\"><strong>Stadtarchiv Sursee<br\/><\/strong>SAS_P_010.06.07.23 6 Schnyder [Schneider], K\u2002serei, Egolzwil 1957<\/figcaption><\/figure>\n<\/div>\n\n\n\n<div class=\"wp-block-column is-layout-flow wp-block-column-is-layout-flow\">\n<figure class=\"wp-block-image\"><img decoding=\"async\" src=\"https:\/\/vsa-aas.ch\/wp-content\/uploads\/2022\/05\/ATECO_07_PTT-Archiv_DK-0385.jpg\" alt=\"\"\/><figcaption class=\"wp-element-caption\"><strong>PTT-Archiv<br\/><\/strong>ATECO_07_PTT-Archiv_DK-0385<\/figcaption><\/figure>\n<\/div>\n\n\n\n<div class=\"wp-block-column is-layout-flow wp-block-column-is-layout-flow\">\n<figure class=\"wp-block-image\"><img decoding=\"async\" src=\"https:\/\/vsa-aas.ch\/wp-content\/uploads\/2022\/05\/222100-Schiessstand-Knabenschiessen.jpg\" alt=\"\"\/><figcaption class=\"wp-element-caption\"><strong>Stadtarchiv Zuerich <br\/><\/strong>222100 Schiessstand Knabenschiessen<\/figcaption><\/figure>\n<\/div>\n<\/div>\n\n<div class=\"wp-block-columns is-layout-flex wp-container-core-columns-is-layout-9d6595d7 wp-block-columns-is-layout-flex\">\n<div class=\"wp-block-column is-layout-flow wp-block-column-is-layout-flow\">\n<figure class=\"wp-block-image\"><img decoding=\"async\" src=\"https:\/\/vsa-aas.ch\/wp-content\/uploads\/2022\/05\/F_104_13614.jpg\" alt=\"\"\/><figcaption class=\"wp-element-caption\"><strong>SBB Historic<\/strong><br\/>F_104_13614<\/figcaption><\/figure>\n<\/div>\n\n\n\n<div class=\"wp-block-column is-layout-flow wp-block-column-is-layout-flow\">\n<figure class=\"wp-block-image\"><img decoding=\"async\" src=\"https:\/\/vsa-aas.ch\/wp-content\/uploads\/2022\/05\/PA-1283_13.29.jpg\" alt=\"\"\/><figcaption class=\"wp-element-caption\"><strong>Staatsarchiv Luzern<\/strong><br\/>PA 1283\/13.29, unbekannt, Emma auf dem Rigi, ca. 1920<\/figcaption><\/figure>\n<\/div>\n\n\n\n<div class=\"wp-block-column is-layout-flow wp-block-column-is-layout-flow\">\n<figure class=\"wp-block-image\"><img decoding=\"async\" src=\"https:\/\/vsa-aas.ch\/wp-content\/uploads\/2022\/05\/F_104_18650.jpg\" alt=\"\"\/><figcaption class=\"wp-element-caption\"><strong>SBB Historic<br\/><\/strong>F_104_18650<\/figcaption><\/figure>\n<\/div>\n\n\n\n<div class=\"wp-block-column is-layout-flow wp-block-column-is-layout-flow\">\n<figure class=\"wp-block-image\"><img decoding=\"async\" src=\"https:\/\/vsa-aas.ch\/wp-content\/uploads\/2022\/05\/FDC-102_250.26.jpg\" alt=\"\"\/><figcaption class=\"wp-element-caption\"><strong> <strong>Staatsarchiv Luzern<\/strong> <br\/><\/strong>FDC 102\/250.26, Lisa Meyerlist, Kinder im Wagen, M\u00fctter- und Kinderheim Alpenblick, Hergiswil, 1940<\/figcaption><\/figure>\n<\/div>\n<\/div>\n\n<div class=\"wp-block-columns is-layout-flex wp-container-core-columns-is-layout-9d6595d7 wp-block-columns-is-layout-flex\">\n<div class=\"wp-block-column is-layout-flow wp-block-column-is-layout-flow\">\n<figure class=\"wp-block-image\"><img decoding=\"async\" src=\"https:\/\/vsa-aas.ch\/wp-content\/uploads\/2022\/05\/PTT-Archiv_RL_07_3_12.jpg\" alt=\"\"\/><figcaption class=\"wp-element-caption\"><strong>PTT-Archiv<\/strong><br\/>PTT-Archiv_RL_07_3_12<\/figcaption><\/figure>\n<\/div>\n\n\n\n<div class=\"wp-block-column is-layout-flow wp-block-column-is-layout-flow\">\n<figure class=\"wp-block-image\"><img decoding=\"async\" src=\"https:\/\/vsa-aas.ch\/wp-content\/uploads\/2022\/05\/SAS_P_010.06.07.176.01.jpg\" alt=\"\"\/><figcaption class=\"wp-element-caption\"><strong>Stadtarchiv Sursee<\/strong><br\/>SAS_P_010.06.07.17 6 Bucher, Tanzlehrer, Sursee 1969<\/figcaption><\/figure>\n<\/div>\n\n\n\n<div class=\"wp-block-column is-layout-flow wp-block-column-is-layout-flow\">\n<figure class=\"wp-block-image\"><img decoding=\"async\" src=\"https:\/\/vsa-aas.ch\/wp-content\/uploads\/2022\/05\/03-RBA1-1-17801_2.jpg\" alt=\"\"\/><figcaption class=\"wp-element-caption\"><strong> <strong>Bibliothek und Archiv Aargau \u2013 Staatsarchiv<\/strong> <\/strong><br\/>03-RBA1-1-17801_2<br\/>Walter Rutishauser \u00a9 StAAG\/RBA1-1-17801_2<br\/>Ringier Bilderdienst Z\u00fcrich, Juni 1963<\/figcaption><\/figure>\n<\/div>\n\n\n\n<div class=\"wp-block-column is-layout-flow wp-block-column-is-layout-flow\">\n<figure class=\"wp-block-image\"><img decoding=\"async\" src=\"https:\/\/vsa-aas.ch\/wp-content\/uploads\/2022\/05\/00-RBA1-1-2121_41.jpg\" alt=\"\"\/><figcaption class=\"wp-element-caption\"><strong> <strong> <strong>Bibliothek und Archiv Aargau \u2013 Staatsarchiv<\/strong> <\/strong> <\/strong><br\/>00-RBA1-1-2121_4=1<br\/>Bj\u00f6rn Eric Lindroos \u00a9 StAAG\/RBA1-1-2121_4<br\/>Taxichauffeuse beim Auto tanken, August 1945<\/figcaption><\/figure>\n<\/div>\n<\/div>\n\n<div class=\"wp-block-columns is-layout-flex wp-container-core-columns-is-layout-9d6595d7 wp-block-columns-is-layout-flex\">\n<div class=\"wp-block-column is-layout-flow wp-block-column-is-layout-flow\">\n<figure class=\"wp-block-image\"><img decoding=\"async\" src=\"https:\/\/vsa-aas.ch\/wp-content\/uploads\/2022\/05\/fbb_n18x24_clients_00932_07.jpg\" alt=\"\"\/><figcaption class=\"wp-element-caption\"><strong>Biblioth\u00e8que de Gen\u00e8ve<\/strong><br\/>fbb_n18x24_clients_00932_07<\/figcaption><\/figure>\n<\/div>\n\n\n\n<div class=\"wp-block-column is-layout-flow wp-block-column-is-layout-flow\">\n<figure class=\"wp-block-image\"><img decoding=\"async\" src=\"https:\/\/vsa-aas.ch\/wp-content\/uploads\/2022\/05\/phot29p_usine_gaz_05.jpg\" alt=\"\"\/><figcaption class=\"wp-element-caption\"><strong>Biblioth\u00e8que de Gen\u00e8ve<\/strong><br\/>phot29p_usine_gaz_05<\/figcaption><\/figure>\n<\/div>\n\n\n\n<div class=\"wp-block-column is-layout-flow wp-block-column-is-layout-flow\">\n<figure class=\"wp-block-image\"><img decoding=\"async\" src=\"https:\/\/vsa-aas.ch\/wp-content\/uploads\/2022\/05\/E.0140.5.027.jpg\" alt=\"\"\/><figcaption class=\"wp-element-caption\"><strong>Staatskanzlei Obwalden<\/strong><br\/>E.0140.5.027 Papstbesuch, Kameramann Datierung 15.06.1984 Urheber unbekannt Provenienz: Staatliche Ablieferung<\/figcaption><\/figure>\n<\/div>\n\n\n\n<div class=\"wp-block-column is-layout-flow wp-block-column-is-layout-flow\">\n<figure class=\"wp-block-image\"><img decoding=\"async\" src=\"https:\/\/vsa-aas.ch\/wp-content\/uploads\/2022\/05\/F_108_01_03223.jpg\" alt=\"\"\/><figcaption class=\"wp-element-caption\"><strong> <strong>SBB Historic<\/strong> <\/strong><br\/>F_108_01_03223<\/figcaption><\/figure>\n<\/div>\n<\/div>\n\n<div class=\"wp-block-columns is-layout-flex wp-container-core-columns-is-layout-9d6595d7 wp-block-columns-is-layout-flex\">\n<div class=\"wp-block-column is-layout-flow wp-block-column-is-layout-flow\">\n<figure class=\"wp-block-image\"><img decoding=\"async\" src=\"https:\/\/vsa-aas.ch\/wp-content\/uploads\/2022\/05\/SAS_P_010.08.02.01.001.jpg\" alt=\"\"\/><figcaption class=\"wp-element-caption\"><strong>Stadtarchiv Sursee<br\/><\/strong>SAS_P_010.08.02.01. 001 Kind, Tochter der Familie Foto Friebel, drapiert Puppe vor Kamera 1910 &#8211; 1920<\/figcaption><\/figure>\n<\/div>\n\n\n\n<div class=\"wp-block-column is-layout-flow wp-block-column-is-layout-flow\">\n<figure class=\"wp-block-image\"><img decoding=\"async\" src=\"https:\/\/vsa-aas.ch\/wp-content\/uploads\/2022\/05\/08-Bild_9.jpg\" alt=\"\"\/><figcaption class=\"wp-element-caption\"><strong>Staatsarchiv Zug<br\/><\/strong>08-Bild_9<br\/>P 162, Theaterauff\u00fchrung am Jugendfest, Zug, 1904<\/figcaption><\/figure>\n<\/div>\n<\/div>\n","protected":false},"excerpt":{"rendered":"<p>EditeurAssociation des archivistes suisses (AAS)Effingerstrasse 2CH-3011 Berninfo@vsa-aas.ch R\u00e9dactionFr\u00e9d\u00e9ric Noyerredaktion@vsa-aas.ch WebmasterAAS bureau administratifinfo@vsa-aas.ch TexteJos\u00e9phine M\u00e9traux 3007 Berninfo@metrauxund.ch DesignLuzian Meier8004 Z\u00fcrichinfo@luzianmeier.ch ProgrammationChris Rohrer4053 Baselinfo@chrisrohrer.dev Droits d&rsquo;usageResponsabilit\u00e9sL\u2019Association des archivistes suisses (AAS) veille avec&hellip;&nbsp;<a href=\"https:\/\/vsa-aas.ch\/fr\/impressum\/\" rel=\"bookmark\">Read More &raquo;<span class=\"screen-reader-text\">Impressum<\/span><\/a><\/p>\n","protected":false},"author":5,"featured_media":0,"parent":0,"menu_order":0,"comment_status":"closed","ping_status":"closed","template":"","meta":{"neve_meta_sidebar":"","neve_meta_container":"","neve_meta_enable_content_width":"","neve_meta_content_width":0,"neve_meta_title_alignment":"","neve_meta_author_avatar":"","neve_post_elements_order":"","neve_meta_disable_header":"","neve_meta_disable_footer":"","neve_meta_disable_title":"","neve_meta_reading_time":"","_price":"","_stock":"","_tribe_ticket_header":"","_tribe_default_ticket_provider":"","_tribe_ticket_capacity":"0","_ticket_start_date":"","_ticket_end_date":"","_tribe_ticket_show_description":"","_tribe_ticket_show_not_going":false,"_tribe_ticket_use_global_stock":"","_tribe_ticket_global_stock_level":"","_global_stock_mode":"","_global_stock_cap":"","_tribe_rsvp_for_event":"","_tribe_ticket_going_count":"","_tribe_ticket_not_going_count":"","_tribe_tickets_list":"[]","_tribe_ticket_has_attendee_info_fields":false,"footnotes":"","_tec_slr_enabled":"","_tec_slr_layout":""},"folder":[],"class_list":["post-31808","page","type-page","status-publish","hentry"],"ticketed":false,"_links":{"self":[{"href":"https:\/\/vsa-aas.ch\/fr\/wp-json\/wp\/v2\/pages\/31808","targetHints":{"allow":["GET"]}}],"collection":[{"href":"https:\/\/vsa-aas.ch\/fr\/wp-json\/wp\/v2\/pages"}],"about":[{"href":"https:\/\/vsa-aas.ch\/fr\/wp-json\/wp\/v2\/types\/page"}],"author":[{"embeddable":true,"href":"https:\/\/vsa-aas.ch\/fr\/wp-json\/wp\/v2\/users\/5"}],"replies":[{"embeddable":true,"href":"https:\/\/vsa-aas.ch\/fr\/wp-json\/wp\/v2\/comments?post=31808"}],"version-history":[{"count":8,"href":"https:\/\/vsa-aas.ch\/fr\/wp-json\/wp\/v2\/pages\/31808\/revisions"}],"predecessor-version":[{"id":72509,"href":"https:\/\/vsa-aas.ch\/fr\/wp-json\/wp\/v2\/pages\/31808\/revisions\/72509"}],"wp:attachment":[{"href":"https:\/\/vsa-aas.ch\/fr\/wp-json\/wp\/v2\/media?parent=31808"}],"wp:term":[{"taxonomy":"folder","embeddable":true,"href":"https:\/\/vsa-aas.ch\/fr\/wp-json\/wp\/v2\/folder?post=31808"}],"curies":[{"name":"wp","href":"https:\/\/api.w.org\/{rel}","templated":true}]}}