{"id":58248,"date":"2025-04-04T18:19:12","date_gmt":"2025-04-04T16:19:12","guid":{"rendered":"https:\/\/vsa-aas.ch\/commission-a-la-formation-id\/"},"modified":"2025-10-09T11:36:45","modified_gmt":"2025-10-09T09:36:45","slug":"commission-a-la-formation-id","status":"publish","type":"page","link":"https:\/\/vsa-aas.ch\/fr\/commission-a-la-formation-id\/","title":{"rendered":"Commission \u00e0 la formation I+D"},"content":{"rendered":"\n<p>La commission \u00e0 la formation est compos\u00e9e de repr\u00e9sentant(e)s de la <a href=\"https:\/\/vsa-aas.ch\/fr\/\" target=\"_blank\" rel=\"noreferrer noopener\">VSA-AAS<\/a>, de <a href=\"https:\/\/www.bibliosuisse.ch\/\" target=\"_blank\" rel=\"noopener\">Bibliosuisse<\/a>, de la <a href=\"https:\/\/www.ausbildung-id.ch\/organisation\/ausbildungsdelegation\" target=\"_blank\" rel=\"noopener\">d\u00e9l\u00e9gation \u00e0 la formation<\/a> et des hautes \u00e9coles proposant des \u00e9tudes (bachelor, master, MAS\/CAS\/DAS) dans le domaine I+D. Ensemble, la commission veille \u00e0 ce que la formation r\u00e9ponde aux besoins actuels des archives, des biblioth\u00e8ques et des centres d&rsquo;information\/documentation. Les deux associations professionnelles, VSA-AAS et Bibliosuisse, forment ensemble l&rsquo;organisation du monde du travail (OrTra) pour la formation initiale d&rsquo;agent\/e en information documentaire CFC.  <\/p>\n\n<h2 class=\"wp-block-heading\"><strong>Les projets<\/strong><\/h2>\n\n<ul class=\"wp-block-list\">\n<li>Analyse des besoins<\/li>\n\n\n\n<li>Carte de la formation<\/li>\n\n\n\n<li>Formation continue<\/li>\n<\/ul>\n\n<h2 class=\"wp-block-heading\"><strong>Les membres<\/strong><\/h2>\n\n<ul class=\"wp-block-list\">\n<li><a href=\"mailto:natalia.eschmann@ag.ch\" target=\"_blank\" rel=\"noreferrer noopener\">Natalia Eschmann <\/a>(Comit\u00e9 VSA-AAS)<\/li>\n\n\n\n<li><a href=\"mailto:rudolf.mumenthaler@ub.uzh.ch\">Rudolf Mumenthaler<\/a> (Comit\u00e9 Bibliosuisse)<\/li>\n\n\n\n<li><a href=\"mailto:georg.buechler@unibe.ch\">Georg B\u00fcchler<\/a> (UniBE)<\/li>\n\n\n\n<li><a href=\"mailto:stefania.cimirro@ausbildung-id.ch\" data-type=\"link\" data-id=\"stefania.cimirro@ausbildung-id.ch\">Stefania Cimirro-Conte<\/a> (D\u00e9l\u00e9gation \u00e0 la formation I&amp;D)<\/li>\n\n\n\n<li><a href=\"mailto:Ornella.Monti@supsi.ch\">Ornella Monti<\/a> (Supsi)<\/li>\n\n\n\n<li><a href=\"mailto:rene.schneider@hesge.ch\">Rene Schneider<\/a> (HESGE)<\/li>\n\n\n\n<li><a href=\"mailto:simon.schultze@fhgr.ch\">Simon Schultze<\/a> (FHGR)<\/li>\n\n\n\n<li><a href=\"mailto:marija.simasek@bibliosuisse.ch\">Marija Simasek<\/a> (Responsable de la formation continue Bibliosuisse)<\/li>\n\n\n\n<li><a href=\"mailto:beatrice.krause@zb.uzh.ch\">Beatrice Krause<\/a> (Biblioth\u00e8que centrale de Zurich)<\/li>\n<\/ul>\n\n<h2 class=\"wp-block-heading\"><strong>Suggestions et id\u00e9es<\/strong><\/h2>\n\n<p>Ideen und Anregungen richten Sie gerne an <a href=\"mailto:h.bazak@mfk.ch\"><\/a><a href=\"mailto:natalia.eschmann@ag.ch\" target=\"_blank\" rel=\"noreferrer noopener\">Natalia Eschmann<\/a>, <a href=\"mailto:rudolf.mumenthaler@ub.uzh.ch\">Rudolf Mumenthaler<\/a> oder <a href=\"mailto:marija.simasek@bibliosuisse.ch\">Marija Simasek<\/a>.<\/p>\n\n<p><\/p>\n","protected":false},"excerpt":{"rendered":"<p>La commission \u00e0 la formation est compos\u00e9e de repr\u00e9sentant(e)s de la VSA-AAS, de Bibliosuisse, de la d\u00e9l\u00e9gation \u00e0 la formation et des hautes \u00e9coles proposant des \u00e9tudes (bachelor, master, MAS\/CAS\/DAS)&hellip;&nbsp;<a href=\"https:\/\/vsa-aas.ch\/fr\/commission-a-la-formation-id\/\" rel=\"bookmark\">Read More &raquo;<span class=\"screen-reader-text\">Commission \u00e0 la formation I+D<\/span><\/a><\/p>\n","protected":false},"author":5,"featured_media":0,"parent":0,"menu_order":0,"comment_status":"closed","ping_status":"closed","template":"","meta":{"neve_meta_sidebar":"","neve_meta_container":"","neve_meta_enable_content_width":"","neve_meta_content_width":0,"neve_meta_title_alignment":"","neve_meta_author_avatar":"","neve_post_elements_order":"","neve_meta_disable_header":"","neve_meta_disable_footer":"","neve_meta_disable_title":"","neve_meta_reading_time":"","_price":"","_stock":"","_tribe_ticket_header":"","_tribe_default_ticket_provider":"","_tribe_ticket_capacity":"0","_ticket_start_date":"","_ticket_end_date":"","_tribe_ticket_show_description":"","_tribe_ticket_show_not_going":false,"_tribe_ticket_use_global_stock":"","_tribe_ticket_global_stock_level":"","_global_stock_mode":"","_global_stock_cap":"","_tribe_rsvp_for_event":"","_tribe_ticket_going_count":"","_tribe_ticket_not_going_count":"","_tribe_tickets_list":"[]","_tribe_ticket_has_attendee_info_fields":false,"footnotes":"","_tec_slr_enabled":"","_tec_slr_layout":""},"folder":[],"class_list":["post-58248","page","type-page","status-publish","hentry"],"ticketed":false,"_links":{"self":[{"href":"https:\/\/vsa-aas.ch\/fr\/wp-json\/wp\/v2\/pages\/58248","targetHints":{"allow":["GET"]}}],"collection":[{"href":"https:\/\/vsa-aas.ch\/fr\/wp-json\/wp\/v2\/pages"}],"about":[{"href":"https:\/\/vsa-aas.ch\/fr\/wp-json\/wp\/v2\/types\/page"}],"author":[{"embeddable":true,"href":"https:\/\/vsa-aas.ch\/fr\/wp-json\/wp\/v2\/users\/5"}],"replies":[{"embeddable":true,"href":"https:\/\/vsa-aas.ch\/fr\/wp-json\/wp\/v2\/comments?post=58248"}],"version-history":[{"count":18,"href":"https:\/\/vsa-aas.ch\/fr\/wp-json\/wp\/v2\/pages\/58248\/revisions"}],"predecessor-version":[{"id":60065,"href":"https:\/\/vsa-aas.ch\/fr\/wp-json\/wp\/v2\/pages\/58248\/revisions\/60065"}],"wp:attachment":[{"href":"https:\/\/vsa-aas.ch\/fr\/wp-json\/wp\/v2\/media?parent=58248"}],"wp:term":[{"taxonomy":"folder","embeddable":true,"href":"https:\/\/vsa-aas.ch\/fr\/wp-json\/wp\/v2\/folder?post=58248"}],"curies":[{"name":"wp","href":"https:\/\/api.w.org\/{rel}","templated":true}]}}