{"id":30039,"date":"2022-04-06T09:18:24","date_gmt":"2022-04-06T08:18:24","guid":{"rendered":"https:\/\/vsa-aas.ch\/la-professione-di-archivista\/apprendistato\/"},"modified":"2022-06-03T15:18:15","modified_gmt":"2022-06-03T14:18:15","slug":"apprendistato","status":"publish","type":"page","link":"https:\/\/vsa-aas.ch\/it\/la-professione-di-archivista\/apprendistato\/","title":{"rendered":"Apprendistato"},"content":{"rendered":"\t\t<div data-elementor-type=\"wp-page\" data-elementor-id=\"30039\" class=\"elementor elementor-30039 elementor-26387\" data-elementor-post-type=\"page\">\n\t\t\t\t\t\t<section class=\"elementor-section elementor-top-section elementor-element elementor-element-a529bf1 elementor-reverse-mobile elementor-section-boxed elementor-section-height-default elementor-section-height-default\" data-id=\"a529bf1\" data-element_type=\"section\" data-e-type=\"section\">\n\t\t\t\t\t\t<div class=\"elementor-container elementor-column-gap-default\">\n\t\t\t\t\t<div class=\"elementor-column elementor-col-50 elementor-top-column elementor-element elementor-element-f926afd\" data-id=\"f926afd\" data-element_type=\"column\" data-e-type=\"column\">\n\t\t\t<div class=\"elementor-widget-wrap elementor-element-populated\">\n\t\t\t\t\t\t<div class=\"elementor-element elementor-element-e8ecc56 elementor-widget elementor-widget-shortcode\" data-id=\"e8ecc56\" data-element_type=\"widget\" data-e-type=\"widget\" data-widget_type=\"shortcode.default\">\n\t\t\t\t<div class=\"elementor-widget-container\">\n\t\t\t\t\t\t\t<div class=\"elementor-shortcode\"><nav aria-label=\"breadcrumbs\" class=\"rank-math-breadcrumb\"><p><span class=\"last\">VSA-AAS<\/span><\/p><\/nav><\/div>\n\t\t\t\t\t\t<\/div>\n\t\t\t\t<\/div>\n\t\t\t\t<div class=\"elementor-element elementor-element-07afc62 elementor-widget elementor-widget-heading\" data-id=\"07afc62\" data-element_type=\"widget\" data-e-type=\"widget\" data-widget_type=\"heading.default\">\n\t\t\t\t<div class=\"elementor-widget-container\">\n\t\t\t\t\t<h1 class=\"elementor-heading-title elementor-size-default\">Apprendistato<\/h1>\t\t\t\t<\/div>\n\t\t\t\t<\/div>\n\t\t\t\t<div class=\"elementor-element elementor-element-b96a2aa elementor-widget elementor-widget-text-editor\" data-id=\"b96a2aa\" data-element_type=\"widget\" data-e-type=\"widget\" data-widget_type=\"text-editor.default\">\n\t\t\t\t<div class=\"elementor-widget-container\">\n\t\t\t\t\t\t\t\t\t<p>L&#8217;obiettivo della delegazione alla formazione I+D \u00e8 di coordinare la formazione nei settori della biblioteca, della documentazione e degli archivi in Svizzera. \u00c8 il contatto per tutte le questioni riguardanti la formazione, specialmente la formazione professionale di base.<\/p>\t\t\t\t\t\t\t\t<\/div>\n\t\t\t\t<\/div>\n\t\t\t\t\t<\/div>\n\t\t<\/div>\n\t\t\t\t<div class=\"elementor-column elementor-col-50 elementor-top-column elementor-element elementor-element-749fbf9\" data-id=\"749fbf9\" data-element_type=\"column\" data-e-type=\"column\">\n\t\t\t<div class=\"elementor-widget-wrap elementor-element-populated\">\n\t\t\t\t\t\t<div class=\"elementor-element elementor-element-34e6e1f elementor-widget elementor-widget-image\" data-id=\"34e6e1f\" data-element_type=\"widget\" data-e-type=\"widget\" data-widget_type=\"image.default\">\n\t\t\t\t<div class=\"elementor-widget-container\">\n\t\t\t\t\t\t\t\t\t\t\t\t\t\t\t<img fetchpriority=\"high\" decoding=\"async\" width=\"568\" height=\"378\" src=\"https:\/\/vsa-aas.ch\/wp-content\/uploads\/2022\/03\/Unterseite-Aus_Weiterbildung.png\" class=\"attachment-large size-large wp-image-26494\" alt=\"\" srcset=\"https:\/\/vsa-aas.ch\/wp-content\/uploads\/2022\/03\/Unterseite-Aus_Weiterbildung.png 568w, https:\/\/vsa-aas.ch\/wp-content\/uploads\/2022\/03\/Unterseite-Aus_Weiterbildung-300x200.png 300w\" sizes=\"(max-width: 568px) 100vw, 568px\" \/>\t\t\t\t\t\t\t\t\t\t\t\t\t\t\t<\/div>\n\t\t\t\t<\/div>\n\t\t\t\t\t<\/div>\n\t\t<\/div>\n\t\t\t\t\t<\/div>\n\t\t<\/section>\n\t\t\t\t<section class=\"elementor-section elementor-top-section elementor-element elementor-element-2d82305d elementor-section-boxed elementor-section-height-default elementor-section-height-default\" data-id=\"2d82305d\" data-element_type=\"section\" data-e-type=\"section\">\n\t\t\t\t\t\t<div class=\"elementor-container elementor-column-gap-default\">\n\t\t\t\t\t<div class=\"elementor-column elementor-col-100 elementor-top-column elementor-element elementor-element-7a39548e\" data-id=\"7a39548e\" data-element_type=\"column\" data-e-type=\"column\">\n\t\t\t<div class=\"elementor-widget-wrap elementor-element-populated\">\n\t\t\t\t\t\t<div class=\"elementor-element elementor-element-b793a62 elementor-widget elementor-widget-heading\" data-id=\"b793a62\" data-element_type=\"widget\" data-e-type=\"widget\" data-widget_type=\"heading.default\">\n\t\t\t\t<div class=\"elementor-widget-container\">\n\t\t\t\t\t<h2 class=\"elementor-heading-title elementor-size-default\">Apprendistato (specialista I+D)<\/h2>\t\t\t\t<\/div>\n\t\t\t\t<\/div>\n\t\t\t\t<div class=\"elementor-element elementor-element-299255c elementor-widget elementor-widget-text-editor\" data-id=\"299255c\" data-element_type=\"widget\" data-e-type=\"widget\" data-widget_type=\"text-editor.default\">\n\t\t\t\t<div class=\"elementor-widget-container\">\n\t\t\t\t\t\t\t\t\t<p><span style=\"background-color: var(--nv-site-bg); color: var(--nv-text-color); font-size: var(--bodyfontsize); font-weight: var(--bodyfontweight); letter-spacing: var(--bodyletterspacing); text-transform: var(--bodytexttransform);\">Sotto la denominazione professioni I+D vengono raggruppati i precedenti titoli professionali di bibliotecario\/a, di archivista e di documentalista.<\/span><\/p><p>L&#8217;apprendistato di tre anni impartisce conoscenze in tutte e tre le aree professionali. Oltre a lavorare nelle aziende di formazione, gli apprendisti frequentano corsi interaziendali in varie localit\u00e0 della Svizzera. L&#8217;apprendistato si conclude con l\u2019ottenimento del titolo di \u00abgestore dell&#8217;informazione e della documentazione AFC\u00bb.<\/p><p>Parallelamente \u00e8 possibile preparare la maturit\u00e0 professionale. In questo modo sar\u00e0 poi possibile frequentare una scuola universitaria professionale \u2013 in ambito I+D ad esempio un Bachelor of Science in scienze dell\u2019informazione.<\/p><p>Informazioni aggiornate sulla professione, sulle aziende di formazione, sulle scuole e sugli eventi informativi possono essere trovate sul <a href=\"https:\/\/www.formazione-id.ch\/?ADMCMD_simTime=1537293599\" target=\"_blank\" rel=\"noopener\">sito internet della delegazione alla formazione I+D<\/a>.<\/p><p>Gli apprendisti sono impiegati in un&#8217;azienda di formazione (spesso una biblioteca), ma durante lo stage acquisiscono esperienza anche nelle altre aree I+D.\u00a0<\/p>\t\t\t\t\t\t\t\t<\/div>\n\t\t\t\t<\/div>\n\t\t\t\t\t<\/div>\n\t\t<\/div>\n\t\t\t\t\t<\/div>\n\t\t<\/section>\n\t\t\t\t<section class=\"elementor-section elementor-top-section elementor-element elementor-element-8221760 elementor-section-boxed elementor-section-height-default elementor-section-height-default\" data-id=\"8221760\" data-element_type=\"section\" data-e-type=\"section\">\n\t\t\t\t\t\t<div class=\"elementor-container elementor-column-gap-default\">\n\t\t\t\t\t<div class=\"elementor-column elementor-col-100 elementor-top-column elementor-element elementor-element-d27b6d5\" data-id=\"d27b6d5\" data-element_type=\"column\" data-e-type=\"column\">\n\t\t\t<div class=\"elementor-widget-wrap elementor-element-populated\">\n\t\t\t\t\t\t<div class=\"elementor-element elementor-element-703cc84 elementor-widget elementor-widget-shortcode\" data-id=\"703cc84\" data-element_type=\"widget\" data-e-type=\"widget\" data-widget_type=\"shortcode.default\">\n\t\t\t\t<div class=\"elementor-widget-container\">\n\t\t\t\t\t\t\t<div class=\"elementor-shortcode\">\t\t<div data-elementor-type=\"section\" data-elementor-id=\"31183\" class=\"elementor elementor-31183 elementor-28810 elementor-28810\" data-elementor-post-type=\"elementor_library\">\n\t\t\t\t\t<section class=\"elementor-section elementor-top-section elementor-element elementor-element-d8405b7 three-buttons elementor-section-boxed elementor-section-height-default elementor-section-height-default\" data-id=\"d8405b7\" data-element_type=\"section\" data-e-type=\"section\">\n\t\t\t\t\t\t<div class=\"elementor-container elementor-column-gap-extended\">\n\t\t\t\t\t<div class=\"elementor-column elementor-col-33 elementor-top-column elementor-element elementor-element-515cbdc\" data-id=\"515cbdc\" data-element_type=\"column\" data-e-type=\"column\">\n\t\t\t<div class=\"elementor-widget-wrap elementor-element-populated\">\n\t\t\t\t\t\t<div class=\"elementor-element elementor-element-779d49f elementor-position-left elementor-vertical-align-middle elementor-widget elementor-widget-image-box\" data-id=\"779d49f\" data-element_type=\"widget\" data-e-type=\"widget\" data-widget_type=\"image-box.default\">\n\t\t\t\t<div class=\"elementor-widget-container\">\n\t\t\t\t\t<div class=\"elementor-image-box-wrapper\"><figure class=\"elementor-image-box-img\"><a href=\"https:\/\/vsa-aas.ch\/it\/archivi-svizzeri\/\" tabindex=\"-1\"><img decoding=\"async\" width=\"135\" height=\"135\" src=\"https:\/\/vsa-aas.ch\/wp-content\/uploads\/2022\/05\/Quicklink_Archive-Schweiz.png\" class=\"attachment-full size-full wp-image-28744\" alt=\"\" \/><\/a><\/figure><div class=\"elementor-image-box-content\"><h5 class=\"elementor-image-box-title\"><a href=\"https:\/\/vsa-aas.ch\/it\/archivi-svizzeri\/\">Archivi svizzeri<\/a><\/h5><p class=\"elementor-image-box-description\">Panoramica degli archivi e dei portali online in Svizzera <\/p><\/div><\/div>\t\t\t\t<\/div>\n\t\t\t\t<\/div>\n\t\t\t\t\t<\/div>\n\t\t<\/div>\n\t\t\t\t<div class=\"elementor-column elementor-col-33 elementor-top-column elementor-element elementor-element-3eec423\" data-id=\"3eec423\" data-element_type=\"column\" data-e-type=\"column\">\n\t\t\t<div class=\"elementor-widget-wrap elementor-element-populated\">\n\t\t\t\t\t\t<div class=\"elementor-element elementor-element-cd89770 elementor-position-left elementor-vertical-align-middle elementor-widget elementor-widget-image-box\" data-id=\"cd89770\" data-element_type=\"widget\" data-e-type=\"widget\" data-widget_type=\"image-box.default\">\n\t\t\t\t<div class=\"elementor-widget-container\">\n\t\t\t\t\t<div class=\"elementor-image-box-wrapper\"><figure class=\"elementor-image-box-img\"><a href=\"https:\/\/vsa-aas.ch\/it\/associazione\/\" tabindex=\"-1\"><img decoding=\"async\" width=\"135\" height=\"135\" src=\"https:\/\/vsa-aas.ch\/wp-content\/uploads\/2022\/03\/Quicklink-Verein.png\" class=\"attachment-full size-full wp-image-26206\" alt=\"\" \/><\/a><\/figure><div class=\"elementor-image-box-content\"><h5 class=\"elementor-image-box-title\"><a href=\"https:\/\/vsa-aas.ch\/it\/associazione\/\">L'associazione VSA-AAS<\/a><\/h5><p class=\"elementor-image-box-description\">L'AAS mette in contatto e sviluppa risorse<\/p><\/div><\/div>\t\t\t\t<\/div>\n\t\t\t\t<\/div>\n\t\t\t\t\t<\/div>\n\t\t<\/div>\n\t\t\t\t<div class=\"elementor-column elementor-col-33 elementor-top-column elementor-element elementor-element-527a714\" data-id=\"527a714\" data-element_type=\"column\" data-e-type=\"column\">\n\t\t\t<div class=\"elementor-widget-wrap elementor-element-populated\">\n\t\t\t\t\t\t<div class=\"elementor-element elementor-element-42d0cbb elementor-position-left elementor-vertical-align-middle elementor-widget elementor-widget-image-box\" data-id=\"42d0cbb\" data-element_type=\"widget\" data-e-type=\"widget\" data-widget_type=\"image-box.default\">\n\t\t\t\t<div class=\"elementor-widget-container\">\n\t\t\t\t\t<div class=\"elementor-image-box-wrapper\"><figure class=\"elementor-image-box-img\"><a href=\"https:\/\/vsa-aas.ch\/it\/novita\/\" tabindex=\"-1\"><img loading=\"lazy\" decoding=\"async\" width=\"135\" height=\"135\" src=\"https:\/\/vsa-aas.ch\/wp-content\/uploads\/2022\/03\/Quicklink-News.png\" class=\"attachment-full size-full wp-image-26205\" alt=\"\" \/><\/a><\/figure><div class=\"elementor-image-box-content\"><h5 class=\"elementor-image-box-title\"><a href=\"https:\/\/vsa-aas.ch\/it\/novita\/\">Attualit\u00e0<\/a><\/h5><p class=\"elementor-image-box-description\">Le offerte d'impiego, gli eventi e le novit\u00e0 vengono pubblicati qui<\/p><\/div><\/div>\t\t\t\t<\/div>\n\t\t\t\t<\/div>\n\t\t\t\t\t<\/div>\n\t\t<\/div>\n\t\t\t\t\t<\/div>\n\t\t<\/section>\n\t\t\t\t<\/div>\n\t\t<\/div>\n\t\t\t\t\t\t<\/div>\n\t\t\t\t<\/div>\n\t\t\t\t\t<\/div>\n\t\t<\/div>\n\t\t\t\t\t<\/div>\n\t\t<\/section>\n\t\t\t\t<\/div>\n\t\t","protected":false},"excerpt":{"rendered":"<p>Apprendistato L&#8217;obiettivo della delegazione alla formazione I+D \u00e8 di coordinare la formazione nei settori della biblioteca, della documentazione e degli archivi in Svizzera. \u00c8 il contatto per tutte le questioni&hellip;&nbsp;<a href=\"https:\/\/vsa-aas.ch\/it\/la-professione-di-archivista\/apprendistato\/\" rel=\"bookmark\">Read More &raquo;<span class=\"screen-reader-text\">Apprendistato<\/span><\/a><\/p>\n","protected":false},"author":5,"featured_media":0,"parent":30032,"menu_order":0,"comment_status":"closed","ping_status":"closed","template":"page-templates\/template-pagebuilder-full-width.php","meta":{"neve_meta_sidebar":"","neve_meta_container":"","neve_meta_enable_content_width":"","neve_meta_content_width":0,"neve_meta_title_alignment":"","neve_meta_author_avatar":"","neve_post_elements_order":"","neve_meta_disable_header":"","neve_meta_disable_footer":"","neve_meta_disable_title":"","neve_meta_reading_time":"","_price":"","_stock":"","_tribe_ticket_header":"","_tribe_default_ticket_provider":"","_tribe_ticket_capacity":"0","_ticket_start_date":"","_ticket_end_date":"","_tribe_ticket_show_description":"","_tribe_ticket_show_not_going":false,"_tribe_ticket_use_global_stock":"","_tribe_ticket_global_stock_level":"","_global_stock_mode":"","_global_stock_cap":"","_tribe_rsvp_for_event":"","_tribe_ticket_going_count":"","_tribe_ticket_not_going_count":"","_tribe_tickets_list":"[]","_tribe_ticket_has_attendee_info_fields":false,"footnotes":"","_tec_slr_enabled":"","_tec_slr_layout":""},"folder":[154],"class_list":["post-30039","page","type-page","status-publish","hentry"],"ticketed":false,"_links":{"self":[{"href":"https:\/\/vsa-aas.ch\/it\/wp-json\/wp\/v2\/pages\/30039","targetHints":{"allow":["GET"]}}],"collection":[{"href":"https:\/\/vsa-aas.ch\/it\/wp-json\/wp\/v2\/pages"}],"about":[{"href":"https:\/\/vsa-aas.ch\/it\/wp-json\/wp\/v2\/types\/page"}],"author":[{"embeddable":true,"href":"https:\/\/vsa-aas.ch\/it\/wp-json\/wp\/v2\/users\/5"}],"replies":[{"embeddable":true,"href":"https:\/\/vsa-aas.ch\/it\/wp-json\/wp\/v2\/comments?post=30039"}],"version-history":[{"count":5,"href":"https:\/\/vsa-aas.ch\/it\/wp-json\/wp\/v2\/pages\/30039\/revisions"}],"predecessor-version":[{"id":31256,"href":"https:\/\/vsa-aas.ch\/it\/wp-json\/wp\/v2\/pages\/30039\/revisions\/31256"}],"up":[{"embeddable":true,"href":"https:\/\/vsa-aas.ch\/it\/wp-json\/wp\/v2\/pages\/30032"}],"wp:attachment":[{"href":"https:\/\/vsa-aas.ch\/it\/wp-json\/wp\/v2\/media?parent=30039"}],"wp:term":[{"taxonomy":"folder","embeddable":true,"href":"https:\/\/vsa-aas.ch\/it\/wp-json\/wp\/v2\/folder?post=30039"}],"curies":[{"name":"wp","href":"https:\/\/api.w.org\/{rel}","templated":true}]}}