{"id":30139,"date":"2021-09-23T15:24:35","date_gmt":"2021-09-23T13:24:35","guid":{"rendered":"https:\/\/vsa-aas.ch\/novita\/"},"modified":"2025-02-26T10:06:41","modified_gmt":"2025-02-26T09:06:41","slug":"novita","status":"publish","type":"page","link":"https:\/\/vsa-aas.ch\/it\/novita\/","title":{"rendered":"Novit\u00e0"},"content":{"rendered":"\t\t<div data-elementor-type=\"wp-page\" data-elementor-id=\"30139\" class=\"elementor elementor-30139 elementor-25310\" data-elementor-post-type=\"page\">\n\t\t\t\t\t\t<section class=\"elementor-section elementor-top-section elementor-element elementor-element-83ac773 elementor-section-boxed elementor-section-height-default elementor-section-height-default\" data-id=\"83ac773\" data-element_type=\"section\" data-e-type=\"section\" data-settings=\"{&quot;background_background&quot;:&quot;classic&quot;}\">\n\t\t\t\t\t\t<div class=\"elementor-container elementor-column-gap-default\">\n\t\t\t\t\t<div class=\"elementor-column elementor-col-50 elementor-top-column elementor-element elementor-element-d35e256\" data-id=\"d35e256\" data-element_type=\"column\" data-e-type=\"column\">\n\t\t\t<div class=\"elementor-widget-wrap elementor-element-populated\">\n\t\t\t\t\t\t<div class=\"elementor-element elementor-element-44cd402 elementor-widget elementor-widget-heading\" data-id=\"44cd402\" data-element_type=\"widget\" data-e-type=\"widget\" data-widget_type=\"heading.default\">\n\t\t\t\t<div class=\"elementor-widget-container\">\n\t\t\t\t\t<h1 class=\"elementor-heading-title elementor-size-default\">News ed informazioni<\/h1>\t\t\t\t<\/div>\n\t\t\t\t<\/div>\n\t\t\t\t\t<\/div>\n\t\t<\/div>\n\t\t\t\t<div class=\"elementor-column elementor-col-25 elementor-top-column elementor-element elementor-element-d71fa28\" data-id=\"d71fa28\" data-element_type=\"column\" data-e-type=\"column\">\n\t\t\t<div class=\"elementor-widget-wrap elementor-element-populated\">\n\t\t\t\t\t\t<div class=\"elementor-element elementor-element-abc5747 elementor-align-justify elementor-widget elementor-widget-button\" data-id=\"abc5747\" data-element_type=\"widget\" data-e-type=\"widget\" data-widget_type=\"button.default\">\n\t\t\t\t<div class=\"elementor-widget-container\">\n\t\t\t\t\t\t\t\t\t<div class=\"elementor-button-wrapper\">\n\t\t\t\t\t<a class=\"elementor-button elementor-button-link elementor-size-sm\" href=\"https:\/\/vsa-aas.ch\/agenda\">\n\t\t\t\t\t\t<span class=\"elementor-button-content-wrapper\">\n\t\t\t\t\t\t\t\t\t<span class=\"elementor-button-text\">Eventi<\/span>\n\t\t\t\t\t<\/span>\n\t\t\t\t\t<\/a>\n\t\t\t\t<\/div>\n\t\t\t\t\t\t\t\t<\/div>\n\t\t\t\t<\/div>\n\t\t\t\t\t<\/div>\n\t\t<\/div>\n\t\t\t\t<div class=\"elementor-column elementor-col-25 elementor-top-column elementor-element elementor-element-3be7788\" data-id=\"3be7788\" data-element_type=\"column\" data-e-type=\"column\">\n\t\t\t<div class=\"elementor-widget-wrap elementor-element-populated\">\n\t\t\t\t\t\t<div class=\"elementor-element elementor-element-c76d5ca elementor-align-justify elementor-widget elementor-widget-button\" data-id=\"c76d5ca\" data-element_type=\"widget\" data-e-type=\"widget\" data-widget_type=\"button.default\">\n\t\t\t\t<div class=\"elementor-widget-container\">\n\t\t\t\t\t\t\t\t\t<div class=\"elementor-button-wrapper\">\n\t\t\t\t\t<a class=\"elementor-button elementor-button-link elementor-size-sm\" href=\"https:\/\/vsa-aas.ch\/it\/lavori\/\">\n\t\t\t\t\t\t<span class=\"elementor-button-content-wrapper\">\n\t\t\t\t\t\t\t\t\t<span class=\"elementor-button-text\">Offerte d'impiego<\/span>\n\t\t\t\t\t<\/span>\n\t\t\t\t\t<\/a>\n\t\t\t\t<\/div>\n\t\t\t\t\t\t\t\t<\/div>\n\t\t\t\t<\/div>\n\t\t\t\t\t<\/div>\n\t\t<\/div>\n\t\t\t\t\t<\/div>\n\t\t<\/section>\n\t\t\t\t<section class=\"elementor-section elementor-top-section elementor-element elementor-element-a5eb6cb elementor-section-boxed elementor-section-height-default elementor-section-height-default\" data-id=\"a5eb6cb\" data-element_type=\"section\" data-e-type=\"section\">\n\t\t\t\t\t\t<div class=\"elementor-container elementor-column-gap-default\">\n\t\t\t\t\t<div class=\"elementor-column elementor-col-100 elementor-top-column elementor-element elementor-element-829e9fc\" data-id=\"829e9fc\" data-element_type=\"column\" data-e-type=\"column\">\n\t\t\t<div class=\"elementor-widget-wrap elementor-element-populated\">\n\t\t\t\t\t\t<div class=\"elementor-element elementor-element-93d7e16 elementor-grid-1 elementor-posts--thumbnail-left elementor-grid-tablet-1 elementor-grid-mobile-1 elementor-widget elementor-widget-posts\" data-id=\"93d7e16\" data-element_type=\"widget\" data-e-type=\"widget\" data-settings=\"{&quot;classic_columns&quot;:&quot;1&quot;,&quot;pagination_type&quot;:&quot;numbers&quot;,&quot;classic_columns_tablet&quot;:&quot;1&quot;,&quot;classic_row_gap&quot;:{&quot;unit&quot;:&quot;px&quot;,&quot;size&quot;:&quot;&quot;,&quot;sizes&quot;:[]},&quot;classic_columns_mobile&quot;:&quot;1&quot;,&quot;classic_row_gap_tablet&quot;:{&quot;unit&quot;:&quot;px&quot;,&quot;size&quot;:&quot;&quot;,&quot;sizes&quot;:[]},&quot;classic_row_gap_mobile&quot;:{&quot;unit&quot;:&quot;px&quot;,&quot;size&quot;:&quot;&quot;,&quot;sizes&quot;:[]}}\" data-widget_type=\"posts.classic\">\n\t\t\t\t<div class=\"elementor-widget-container\">\n\t\t\t\t\t\t\t<div class=\"elementor-posts-container elementor-posts elementor-posts--skin-classic elementor-grid\" role=\"list\">\n\t\t\t\t<article class=\"elementor-post elementor-grid-item post-31368 post type-post status-publish format-standard has-post-thumbnail hentry category-angebote-des-vsa category-offres-de-formation-de-laas tag-featured-it-2\" role=\"listitem\">\n\t\t\t\t<a class=\"elementor-post__thumbnail__link\" href=\"https:\/\/vsa-aas.ch\/it\/offerte-dellaas\/ciclo-pratica-archivistica-svizzera\/\" tabindex=\"-1\" >\n\t\t\t<div class=\"elementor-post__thumbnail\"><img fetchpriority=\"high\" decoding=\"async\" width=\"568\" height=\"379\" src=\"https:\/\/vsa-aas.ch\/wp-content\/uploads\/2022\/03\/Angebote-VSA-Zyklus-Archivpraxis-Schweiz.png\" class=\"attachment-full size-full wp-image-26522\" alt=\"\" srcset=\"https:\/\/vsa-aas.ch\/wp-content\/uploads\/2022\/03\/Angebote-VSA-Zyklus-Archivpraxis-Schweiz.png 568w, https:\/\/vsa-aas.ch\/wp-content\/uploads\/2022\/03\/Angebote-VSA-Zyklus-Archivpraxis-Schweiz-300x200.png 300w\" sizes=\"(max-width: 568px) 100vw, 568px\" \/><\/div>\n\t\t<\/a>\n\t\t\t\t<div class=\"elementor-post__text\">\n\t\t\t\t<h2 class=\"elementor-post__title\">\n\t\t\t<a href=\"https:\/\/vsa-aas.ch\/it\/offerte-dellaas\/ciclo-pratica-archivistica-svizzera\/\" >\n\t\t\t\tCiclo \u00abPratica archivistica svizzera\u00bb\t\t\t<\/a>\n\t\t<\/h2>\n\t\t\t\t<div class=\"elementor-post__meta-data\">\n\t\t\t\t\t<span class=\"elementor-post-date\">\n\t\t\t17 Febbraio 2026\t\t<\/span>\n\t\t\t\t<\/div>\n\t\t\t\t<div class=\"elementor-post__excerpt\">\n\t\t\t<p>I moduli del ciclo \u00abPratica archivistica svizzera\u00bb sono organizzati in stretta collaborazione con i singoli archivi e sono quindi particolarmente orientati alla pratica. La serie di incontri ha luogo ogni due anni e punta alla formazione continua del personale archivistico operante a tutti i livelli. I concetti base non rientrano<\/p>\n\t\t<\/div>\n\t\t\n\t\t<a class=\"elementor-post__read-more\" href=\"https:\/\/vsa-aas.ch\/it\/offerte-dellaas\/ciclo-pratica-archivistica-svizzera\/\" aria-label=\"Leggi tutto Ciclo \u00abPratica archivistica svizzera\u00bb\" tabindex=\"-1\" >\n\t\t\tPer saperne di pi\u00f9\t\t<\/a>\n\n\t\t\t\t<\/div>\n\t\t\t\t<\/article>\n\t\t\t\t<article class=\"elementor-post elementor-grid-item post-72266 post type-post status-publish format-standard has-post-thumbnail hentry category-offerte-dellaas tag-featured-it-2\" role=\"listitem\">\n\t\t\t\t<a class=\"elementor-post__thumbnail__link\" href=\"https:\/\/vsa-aas.ch\/it\/offerte-dellaas\/co-direzione-del-corso-base-dellaas\/\" tabindex=\"-1\" >\n\t\t\t<div class=\"elementor-post__thumbnail\"><img decoding=\"async\" width=\"568\" height=\"379\" src=\"https:\/\/vsa-aas.ch\/wp-content\/uploads\/2022\/03\/Grundkurs.png\" class=\"attachment-full size-full wp-image-26524\" alt=\"\" srcset=\"https:\/\/vsa-aas.ch\/wp-content\/uploads\/2022\/03\/Grundkurs.png 568w, https:\/\/vsa-aas.ch\/wp-content\/uploads\/2022\/03\/Grundkurs-300x200.png 300w\" sizes=\"(max-width: 568px) 100vw, 568px\" \/><\/div>\n\t\t<\/a>\n\t\t\t\t<div class=\"elementor-post__text\">\n\t\t\t\t<h2 class=\"elementor-post__title\">\n\t\t\t<a href=\"https:\/\/vsa-aas.ch\/it\/offerte-dellaas\/co-direzione-del-corso-base-dellaas\/\" >\n\t\t\t\tCo-direzione del corso base dell\u2019AAS\t\t\t<\/a>\n\t\t<\/h2>\n\t\t\t\t<div class=\"elementor-post__meta-data\">\n\t\t\t\t\t<span class=\"elementor-post-date\">\n\t\t\t26 Novembre 2025\t\t<\/span>\n\t\t\t\t<\/div>\n\t\t\t\t<div class=\"elementor-post__excerpt\">\n\t\t\t<p>L\u2019AAS cerca una Co-direzione del corso base dell\u2019AAS per l\u2019organizzazione e la conduzione congiunta del corso base dell\u2019AAS a partire dal 2026. Per maggiori informazioni, consultare il PDF.<\/p>\n\t\t<\/div>\n\t\t\n\t\t<a class=\"elementor-post__read-more\" href=\"https:\/\/vsa-aas.ch\/it\/offerte-dellaas\/co-direzione-del-corso-base-dellaas\/\" aria-label=\"Leggi tutto Co-direzione del corso base dell\u2019AAS\" tabindex=\"-1\" >\n\t\t\tPer saperne di pi\u00f9\t\t<\/a>\n\n\t\t\t\t<\/div>\n\t\t\t\t<\/article>\n\t\t\t\t<article class=\"elementor-post elementor-grid-item post-59984 post type-post status-publish format-standard has-post-thumbnail hentry category-associazione tag-featured-it-2\" role=\"listitem\">\n\t\t\t\t<a class=\"elementor-post__thumbnail__link\" href=\"https:\/\/vsa-aas.ch\/it\/associazione\/102-jahresversammlung-des-vsa-brwechsel-im-praesidium-und-neue-vorstandsmitglieder\/\" tabindex=\"-1\" >\n\t\t\t<div class=\"elementor-post__thumbnail\"><img decoding=\"async\" width=\"577\" height=\"384\" src=\"https:\/\/vsa-aas.ch\/wp-content\/uploads\/2022\/03\/Angebote-VSA-Weitere-Angebote-der-SVA.png\" class=\"attachment-full size-full wp-image-26520\" alt=\"\" srcset=\"https:\/\/vsa-aas.ch\/wp-content\/uploads\/2022\/03\/Angebote-VSA-Weitere-Angebote-der-SVA.png 577w, https:\/\/vsa-aas.ch\/wp-content\/uploads\/2022\/03\/Angebote-VSA-Weitere-Angebote-der-SVA-300x200.png 300w\" sizes=\"(max-width: 577px) 100vw, 577px\" \/><\/div>\n\t\t<\/a>\n\t\t\t\t<div class=\"elementor-post__text\">\n\t\t\t\t<h2 class=\"elementor-post__title\">\n\t\t\t<a href=\"https:\/\/vsa-aas.ch\/it\/associazione\/102-jahresversammlung-des-vsa-brwechsel-im-praesidium-und-neue-vorstandsmitglieder\/\" >\n\t\t\t\t102. Jahresversammlung des VSA <br>Wechsel im Pr\u00e4sidium und neue Vorstandsmitglieder\t\t\t<\/a>\n\t\t<\/h2>\n\t\t\t\t<div class=\"elementor-post__meta-data\">\n\t\t\t\t\t<span class=\"elementor-post-date\">\n\t\t\t8 Ottobre 2025\t\t<\/span>\n\t\t\t\t<\/div>\n\t\t\t\t<div class=\"elementor-post__excerpt\">\n\t\t\t<p>Am 18. September 2025 hat die 102. Jahresversammlung des VSA im Kanton Basel-Landschaft stattgefunden. An der Versammlung in der spektakul\u00e4ren Kulisse der Fachhochschule Nordwestschweiz in Muttenz nahmen 194 Mitglieder teil \u2013 ein neuer Rekord, der das Interesse am VSA und seine Bedeutung f\u00fcr die Schweizer Archive unterstreicht. Alle Antr\u00e4ge des<\/p>\n\t\t<\/div>\n\t\t\n\t\t<a class=\"elementor-post__read-more\" href=\"https:\/\/vsa-aas.ch\/it\/associazione\/102-jahresversammlung-des-vsa-brwechsel-im-praesidium-und-neue-vorstandsmitglieder\/\" aria-label=\"Leggi tutto 102. Jahresversammlung des VSA &lt;br&gt;Wechsel im Pr\u00e4sidium und neue Vorstandsmitglieder\" tabindex=\"-1\" >\n\t\t\tPer saperne di pi\u00f9\t\t<\/a>\n\n\t\t\t\t<\/div>\n\t\t\t\t<\/article>\n\t\t\t\t<article class=\"elementor-post elementor-grid-item post-38644 post type-post status-publish format-standard has-post-thumbnail hentry category-simposio\" role=\"listitem\">\n\t\t\t\t<a class=\"elementor-post__thumbnail__link\" href=\"https:\/\/vsa-aas.ch\/it\/simposio\/assemblea-generale-giornata-professionale\/\" tabindex=\"-1\" >\n\t\t\t<div class=\"elementor-post__thumbnail\"><img decoding=\"async\" width=\"577\" height=\"384\" src=\"https:\/\/vsa-aas.ch\/wp-content\/uploads\/2022\/03\/Angebote-VSA-Weitere-Angebote-der-SVA.png\" class=\"attachment-full size-full wp-image-26520\" alt=\"\" srcset=\"https:\/\/vsa-aas.ch\/wp-content\/uploads\/2022\/03\/Angebote-VSA-Weitere-Angebote-der-SVA.png 577w, https:\/\/vsa-aas.ch\/wp-content\/uploads\/2022\/03\/Angebote-VSA-Weitere-Angebote-der-SVA-300x200.png 300w\" sizes=\"(max-width: 577px) 100vw, 577px\" \/><\/div>\n\t\t<\/a>\n\t\t\t\t<div class=\"elementor-post__text\">\n\t\t\t\t<h2 class=\"elementor-post__title\">\n\t\t\t<a href=\"https:\/\/vsa-aas.ch\/it\/simposio\/assemblea-generale-giornata-professionale\/\" >\n\t\t\t\tassemblea generale &#8211; giornata professionale\t\t\t<\/a>\n\t\t<\/h2>\n\t\t\t\t<div class=\"elementor-post__meta-data\">\n\t\t\t\t\t<span class=\"elementor-post-date\">\n\t\t\t23 Settembre 2025\t\t<\/span>\n\t\t\t\t<\/div>\n\t\t\t\t<div class=\"elementor-post__excerpt\">\n\t\t\t<p>La 103\u00aa Assemblea Generale Annuale e il simposio si terranno il 17\/18 settembre 2026 a Stans.<\/p>\n\t\t<\/div>\n\t\t\n\t\t<a class=\"elementor-post__read-more\" href=\"https:\/\/vsa-aas.ch\/it\/simposio\/assemblea-generale-giornata-professionale\/\" aria-label=\"Leggi tutto assemblea generale &#8211; giornata professionale\" tabindex=\"-1\" >\n\t\t\tPer saperne di pi\u00f9\t\t<\/a>\n\n\t\t\t\t<\/div>\n\t\t\t\t<\/article>\n\t\t\t\t<article class=\"elementor-post elementor-grid-item post-59955 post type-post status-publish format-standard hentry category-simposio\" role=\"listitem\">\n\t\t\t\t<div class=\"elementor-post__text\">\n\t\t\t\t<h2 class=\"elementor-post__title\">\n\t\t\t<a href=\"https:\/\/vsa-aas.ch\/it\/simposio\/gli-archivi-come-terzo-luogo-idee-esperienze-e-prospettive\/\" >\n\t\t\t\t&#8220;Gli archivi come terzo luogo? Idee, esperienze e prospettive&#8221;\t\t\t<\/a>\n\t\t<\/h2>\n\t\t\t\t<div class=\"elementor-post__meta-data\">\n\t\t\t\t\t<span class=\"elementor-post-date\">\n\t\t\t19 Settembre 2025\t\t<\/span>\n\t\t\t\t<\/div>\n\t\t\t\t<div class=\"elementor-post__excerpt\">\n\t\t\t<p>Il 19 settembre 2025 si \u00e8 tenuta la giornata professionale dell\u2019AAS presso l\u2019aula della FHNW di Muttenz. Con il titolo \u00abGli archivi come terzo luogo? Idee, esperienze e prospettive\u00bb, esperti di archivi, biblioteche e musei hanno discusso su come le istituzioni della memoria possano diventare spazi di incontro e scambio.<\/p>\n\t\t<\/div>\n\t\t\n\t\t<a class=\"elementor-post__read-more\" href=\"https:\/\/vsa-aas.ch\/it\/simposio\/gli-archivi-come-terzo-luogo-idee-esperienze-e-prospettive\/\" aria-label=\"Leggi tutto &#8220;Gli archivi come terzo luogo? Idee, esperienze e prospettive&#8221;\" tabindex=\"-1\" >\n\t\t\tPer saperne di pi\u00f9\t\t<\/a>\n\n\t\t\t\t<\/div>\n\t\t\t\t<\/article>\n\t\t\t\t<article class=\"elementor-post elementor-grid-item post-59540 post type-post status-publish format-standard has-post-thumbnail hentry category-lavoro-dellassociazione tag-featured-it-2\" role=\"listitem\">\n\t\t\t\t<a class=\"elementor-post__thumbnail__link\" href=\"https:\/\/vsa-aas.ch\/it\/associazione\/lavoro-dellassociazione\/rapporti-annuali-2024\/\" tabindex=\"-1\" >\n\t\t\t<div class=\"elementor-post__thumbnail\"><img loading=\"lazy\" decoding=\"async\" width=\"1400\" height=\"934\" src=\"https:\/\/vsa-aas.ch\/wp-content\/uploads\/2024\/01\/Bild_Arbeiten_Pferd_Heu.jpg\" class=\"attachment-full size-full wp-image-39359\" alt=\"\" srcset=\"https:\/\/vsa-aas.ch\/wp-content\/uploads\/2024\/01\/Bild_Arbeiten_Pferd_Heu.jpg 1400w, https:\/\/vsa-aas.ch\/wp-content\/uploads\/2024\/01\/Bild_Arbeiten_Pferd_Heu-300x200.jpg 300w, https:\/\/vsa-aas.ch\/wp-content\/uploads\/2024\/01\/Bild_Arbeiten_Pferd_Heu-1024x683.jpg 1024w, https:\/\/vsa-aas.ch\/wp-content\/uploads\/2024\/01\/Bild_Arbeiten_Pferd_Heu-768x512.jpg 768w, https:\/\/vsa-aas.ch\/wp-content\/uploads\/2024\/01\/Bild_Arbeiten_Pferd_Heu-930x620.jpg 930w\" sizes=\"(max-width: 1400px) 100vw, 1400px\" \/><\/div>\n\t\t<\/a>\n\t\t\t\t<div class=\"elementor-post__text\">\n\t\t\t\t<h2 class=\"elementor-post__title\">\n\t\t\t<a href=\"https:\/\/vsa-aas.ch\/it\/associazione\/lavoro-dellassociazione\/rapporti-annuali-2024\/\" >\n\t\t\t\tRapporti annuali dell\u2019AAS 2024\t\t\t<\/a>\n\t\t<\/h2>\n\t\t\t\t<div class=\"elementor-post__meta-data\">\n\t\t\t\t\t<span class=\"elementor-post-date\">\n\t\t\t19 Agosto 2025\t\t<\/span>\n\t\t\t\t<\/div>\n\t\t\t\t<div class=\"elementor-post__excerpt\">\n\t\t\t<p>Il rapporto annuale 2024 dell&#8217;Associazione degli Archivisti svizzeri \u00e8 pubblicato sul sito web. Il rapporto annuale non sar\u00e0 pi\u00f9 inviato in versione stampata. Relazione annuale VSA 2024 (09.09.2025 versione corretta)<\/p>\n\t\t<\/div>\n\t\t\n\t\t<a class=\"elementor-post__read-more\" href=\"https:\/\/vsa-aas.ch\/it\/associazione\/lavoro-dellassociazione\/rapporti-annuali-2024\/\" aria-label=\"Leggi tutto Rapporti annuali dell\u2019AAS 2024\" tabindex=\"-1\" >\n\t\t\tPer saperne di pi\u00f9\t\t<\/a>\n\n\t\t\t\t<\/div>\n\t\t\t\t<\/article>\n\t\t\t\t<\/div>\n\t\t\n\t\t\t\t<div class=\"e-load-more-anchor\" data-page=\"1\" data-max-page=\"2\" data-next-page=\"https:\/\/vsa-aas.ch\/it\/wp-json\/wp\/v2\/pages\/30139\/page\/2\/\"><\/div>\n\t\t\t\t<nav class=\"elementor-pagination\" aria-label=\"Paginazione\">\n\t\t\t<span aria-current=\"page\" class=\"page-numbers current\"><span class=\"elementor-screen-only\">Pagina<\/span>1<\/span>\n<a class=\"page-numbers\" href=\"https:\/\/vsa-aas.ch\/it\/wp-json\/wp\/v2\/pages\/30139\/page\/2\/\"><span class=\"elementor-screen-only\">Pagina<\/span>2<\/a>\t\t<\/nav>\n\t\t\t\t\t\t<\/div>\n\t\t\t\t<\/div>\n\t\t\t\t\t<\/div>\n\t\t<\/div>\n\t\t\t\t\t<\/div>\n\t\t<\/section>\n\t\t\t\t<section class=\"elementor-section elementor-top-section elementor-element elementor-element-f120907 elementor-section-boxed elementor-section-height-default elementor-section-height-default\" data-id=\"f120907\" data-element_type=\"section\" data-e-type=\"section\">\n\t\t\t\t\t\t<div class=\"elementor-container elementor-column-gap-default\">\n\t\t\t\t\t<div class=\"elementor-column elementor-col-100 elementor-top-column elementor-element elementor-element-4fa9309\" data-id=\"4fa9309\" data-element_type=\"column\" data-e-type=\"column\">\n\t\t\t<div class=\"elementor-widget-wrap elementor-element-populated\">\n\t\t\t\t\t\t<div class=\"elementor-element elementor-element-8abbb70 elementor-widget elementor-widget-shortcode\" data-id=\"8abbb70\" data-element_type=\"widget\" data-e-type=\"widget\" data-widget_type=\"shortcode.default\">\n\t\t\t\t<div class=\"elementor-widget-container\">\n\t\t\t\t\t\t\t<div class=\"elementor-shortcode\">\t\t<div data-elementor-type=\"section\" data-elementor-id=\"31195\" class=\"elementor elementor-31195 elementor-28795 elementor-28795\" data-elementor-post-type=\"elementor_library\">\n\t\t\t\t\t<section class=\"elementor-section elementor-top-section elementor-element elementor-element-fdd86c1 three-buttons elementor-section-boxed elementor-section-height-default elementor-section-height-default\" data-id=\"fdd86c1\" data-element_type=\"section\" data-e-type=\"section\">\n\t\t\t\t\t\t<div class=\"elementor-container elementor-column-gap-extended\">\n\t\t\t\t\t<div class=\"elementor-column elementor-col-33 elementor-top-column elementor-element elementor-element-0054a38\" data-id=\"0054a38\" data-element_type=\"column\" data-e-type=\"column\">\n\t\t\t<div class=\"elementor-widget-wrap elementor-element-populated\">\n\t\t\t\t\t\t<div class=\"elementor-element elementor-element-62c2893 elementor-position-left elementor-vertical-align-middle elementor-widget elementor-widget-image-box\" data-id=\"62c2893\" data-element_type=\"widget\" data-e-type=\"widget\" data-widget_type=\"image-box.default\">\n\t\t\t\t<div class=\"elementor-widget-container\">\n\t\t\t\t\t<div class=\"elementor-image-box-wrapper\"><figure class=\"elementor-image-box-img\"><a href=\"https:\/\/vsa-aas.ch\/it\/archivi-svizzeri\/\" tabindex=\"-1\"><img loading=\"lazy\" decoding=\"async\" width=\"135\" height=\"135\" src=\"https:\/\/vsa-aas.ch\/wp-content\/uploads\/2022\/05\/Quicklink_Archive-Schweiz.png\" class=\"attachment-full size-full wp-image-28744\" alt=\"\" \/><\/a><\/figure><div class=\"elementor-image-box-content\"><h5 class=\"elementor-image-box-title\"><a href=\"https:\/\/vsa-aas.ch\/it\/archivi-svizzeri\/\">Archivi svizzeri<\/a><\/h5><p class=\"elementor-image-box-description\">Panoramica degli archivi svizzeri e dei portali online<\/p><\/div><\/div>\t\t\t\t<\/div>\n\t\t\t\t<\/div>\n\t\t\t\t\t<\/div>\n\t\t<\/div>\n\t\t\t\t<div class=\"elementor-column elementor-col-33 elementor-top-column elementor-element elementor-element-7d8e063\" data-id=\"7d8e063\" data-element_type=\"column\" data-e-type=\"column\">\n\t\t\t<div class=\"elementor-widget-wrap elementor-element-populated\">\n\t\t\t\t\t\t<div class=\"elementor-element elementor-element-ce20cba elementor-position-left elementor-vertical-align-middle elementor-widget elementor-widget-image-box\" data-id=\"ce20cba\" data-element_type=\"widget\" data-e-type=\"widget\" data-widget_type=\"image-box.default\">\n\t\t\t\t<div class=\"elementor-widget-container\">\n\t\t\t\t\t<div class=\"elementor-image-box-wrapper\"><figure class=\"elementor-image-box-img\"><a href=\"https:\/\/vsa-aas.ch\/it\/la-professione-di-archivista\/\" tabindex=\"-1\"><img loading=\"lazy\" decoding=\"async\" width=\"135\" height=\"135\" src=\"https:\/\/vsa-aas.ch\/wp-content\/uploads\/2022\/03\/Quicklink-Beruf.png\" class=\"attachment-full size-full wp-image-26207\" alt=\"\" \/><\/a><\/figure><div class=\"elementor-image-box-content\"><h5 class=\"elementor-image-box-title\"><a href=\"https:\/\/vsa-aas.ch\/it\/la-professione-di-archivista\/\">Occupazione archivista<\/a><\/h5><p class=\"elementor-image-box-description\">Ambito di lavoro archivista? Quali formazioni? <\/p><\/div><\/div>\t\t\t\t<\/div>\n\t\t\t\t<\/div>\n\t\t\t\t\t<\/div>\n\t\t<\/div>\n\t\t\t\t<div class=\"elementor-column elementor-col-33 elementor-top-column elementor-element elementor-element-54bd45c\" data-id=\"54bd45c\" data-element_type=\"column\" data-e-type=\"column\">\n\t\t\t<div class=\"elementor-widget-wrap elementor-element-populated\">\n\t\t\t\t\t\t<div class=\"elementor-element elementor-element-ed75bce elementor-position-left elementor-vertical-align-middle elementor-widget elementor-widget-image-box\" data-id=\"ed75bce\" data-element_type=\"widget\" data-e-type=\"widget\" data-widget_type=\"image-box.default\">\n\t\t\t\t<div class=\"elementor-widget-container\">\n\t\t\t\t\t<div class=\"elementor-image-box-wrapper\"><figure class=\"elementor-image-box-img\"><a href=\"https:\/\/vsa-aas.ch\/it\/associazione\/\" tabindex=\"-1\"><img loading=\"lazy\" decoding=\"async\" width=\"135\" height=\"135\" src=\"https:\/\/vsa-aas.ch\/wp-content\/uploads\/2022\/03\/Quicklink-Verein.png\" class=\"attachment-full size-full wp-image-26206\" alt=\"\" \/><\/a><\/figure><div class=\"elementor-image-box-content\"><h5 class=\"elementor-image-box-title\"><a href=\"https:\/\/vsa-aas.ch\/it\/associazione\/\">L'associazione VSA-AAS<\/a><\/h5><p class=\"elementor-image-box-description\">L'AAS mette in contatto e sviluppa risorse<\/p><\/div><\/div>\t\t\t\t<\/div>\n\t\t\t\t<\/div>\n\t\t\t\t\t<\/div>\n\t\t<\/div>\n\t\t\t\t\t<\/div>\n\t\t<\/section>\n\t\t\t\t<\/div>\n\t\t<\/div>\n\t\t\t\t\t\t<\/div>\n\t\t\t\t<\/div>\n\t\t\t\t\t<\/div>\n\t\t<\/div>\n\t\t\t\t\t<\/div>\n\t\t<\/section>\n\t\t\t\t<\/div>\n\t\t","protected":false},"excerpt":{"rendered":"<p>News ed informazioni Eventi Offerte d&#8217;impiego<\/p>\n","protected":false},"author":5,"featured_media":0,"parent":0,"menu_order":0,"comment_status":"closed","ping_status":"closed","template":"page-templates\/template-pagebuilder-full-width.php","meta":{"neve_meta_sidebar":"","neve_meta_container":"","neve_meta_enable_content_width":"","neve_meta_content_width":0,"neve_meta_title_alignment":"","neve_meta_author_avatar":"","neve_post_elements_order":"","neve_meta_disable_header":"","neve_meta_disable_footer":"","neve_meta_disable_title":"","neve_meta_reading_time":"","_price":"","_stock":"","_tribe_ticket_header":"","_tribe_default_ticket_provider":"","_tribe_ticket_capacity":"0","_ticket_start_date":"","_ticket_end_date":"","_tribe_ticket_show_description":"","_tribe_ticket_show_not_going":false,"_tribe_ticket_use_global_stock":"","_tribe_ticket_global_stock_level":"","_global_stock_mode":"","_global_stock_cap":"","_tribe_rsvp_for_event":"","_tribe_ticket_going_count":"","_tribe_ticket_not_going_count":"","_tribe_tickets_list":"[]","_tribe_ticket_has_attendee_info_fields":false,"footnotes":"","_tec_slr_enabled":"","_tec_slr_layout":""},"folder":[152],"class_list":["post-30139","page","type-page","status-publish","hentry"],"ticketed":false,"_links":{"self":[{"href":"https:\/\/vsa-aas.ch\/it\/wp-json\/wp\/v2\/pages\/30139","targetHints":{"allow":["GET"]}}],"collection":[{"href":"https:\/\/vsa-aas.ch\/it\/wp-json\/wp\/v2\/pages"}],"about":[{"href":"https:\/\/vsa-aas.ch\/it\/wp-json\/wp\/v2\/types\/page"}],"author":[{"embeddable":true,"href":"https:\/\/vsa-aas.ch\/it\/wp-json\/wp\/v2\/users\/5"}],"replies":[{"embeddable":true,"href":"https:\/\/vsa-aas.ch\/it\/wp-json\/wp\/v2\/comments?post=30139"}],"version-history":[{"count":5,"href":"https:\/\/vsa-aas.ch\/it\/wp-json\/wp\/v2\/pages\/30139\/revisions"}],"predecessor-version":[{"id":58039,"href":"https:\/\/vsa-aas.ch\/it\/wp-json\/wp\/v2\/pages\/30139\/revisions\/58039"}],"wp:attachment":[{"href":"https:\/\/vsa-aas.ch\/it\/wp-json\/wp\/v2\/media?parent=30139"}],"wp:term":[{"taxonomy":"folder","embeddable":true,"href":"https:\/\/vsa-aas.ch\/it\/wp-json\/wp\/v2\/folder?post=30139"}],"curies":[{"name":"wp","href":"https:\/\/api.w.org\/{rel}","templated":true}]}}