{"id":72012,"date":"2025-11-24T16:57:23","date_gmt":"2025-11-24T15:57:23","guid":{"rendered":"https:\/\/vsa-aas.ch\/?page_id=72012"},"modified":"2026-02-16T10:03:36","modified_gmt":"2026-02-16T09:03:36","slug":"guida-wikidata","status":"publish","type":"page","link":"https:\/\/vsa-aas.ch\/it\/archivi-svizzeri\/il-paesaggio-archivistico-svizzero\/guida-wikidata\/","title":{"rendered":"Guida Wikidata"},"content":{"rendered":"\n<h2 class=\"wp-block-heading\"><strong>Procedura da seguire per una mappa delle istituzioni archivistiche della Svizzera e del Liechtenstein<\/strong><\/h2>\n\n\n\n<div class=\"wp-block-buttons is-layout-flex wp-block-buttons-is-layout-flex\" style=\"padding-top:var(--wp--preset--spacing--40);padding-right:var(--wp--preset--spacing--40);padding-bottom:var(--wp--preset--spacing--40);padding-left:var(--wp--preset--spacing--40)\">\n<div class=\"wp-block-button\"><a class=\"wp-block-button__link has-nv-site-bg-color has-text-color has-link-color wp-element-button\" href=\"https:\/\/vsa-aas.ch\/wp-content\/uploads\/2025\/11\/MAS_PaysageArchivistiqueSuisse-Wikidata_Finale_IT.pdf\" target=\"_blank\" rel=\"noreferrer noopener\">Scaricare il PDF<\/a><\/div>\n<\/div>\n\n\n\n<h2 class=\"wp-block-heading\">1. Contesto e obiettivi di questa procedura<\/h2>\n\n\n\n<p>Nell\u2019ambito del centenario dell\u2019AAS nel 2022 e del rifacimento del sito web, il comitato ha deciso di utilizzare i dati liberi di Wikidata per documentare il panorama archivistico svizzero e renderlo una <a href=\"https:\/\/vsa-aas.ch\/it\/archivi-svizzeri\/il-paesaggio-archivistico-svizzero\/\" data-type=\"page\" data-id=\"25548\">mappa interattiva e consultabile<\/a> tramite ricerca testuale a disposizione della comunit\u00e0 e del grande pubblico.<\/p>\n\n\n\n<p>Questa procedura si propone di fornire una prima panoramica della banca dati Wikidata e di consentire alla comunit\u00e0 archivistica di utilizzare questo strumento per contribuire al panorama archivistico svizzero. In questo modo, l\u2019AAS offre ai propri membri la possibilit\u00e0 di tenere aggiornati i dati che fanno riferimento alla loro istituzione.  <\/p>\n\n\n\n<p>I dati sulla mappa PAS provengono da Wikidata e vengono aggiornati regolarmente. Come minimo, le istituzioni archivistiche possono inserire gli elementi di base necessari per apparire automaticamente sulla mappa. Tuttavia, l\u2019associazione esorta i propri membri a fornire maggiori dettagli relativamente alla \u00abloro\u00bb voce di autorit\u00e0, il che offre l\u2019opportunit\u00e0 di apparire nel panorama archivistico svizzero in modo pi\u00f9 ricco di quanto fosse possibile fino ad allora.   <\/p>\n\n\n\n<h2 class=\"wp-block-heading\">2. Wikidata, un database collaborativo e multilingue<\/h2>\n\n\n\n<p><a href=\"http:\/\/www.wikidata.org\" data-type=\"link\" data-id=\"www.wikidata.org\" target=\"_blank\" rel=\"noopener\">Wikidata<\/a> \u00e8 una base di conoscenza liberamente aggiornabile progettata per centralizzare i dati utilizzati da tutti i progetti Wikimedia. Essa \u00e8 destinata a fornire una fonte comune di dati oggettivi e multilingue. Wikidata pu\u00f2 quindi essere considerata una base di voci di autorit\u00e0 che consente anche di interconnettere gli identificatori di molte altre basi di autorit\u00e0 o cataloghi di riferimento (es. <a href=\"https:\/\/www.nb.admin.ch\/snl\/fr\/home\/informations-professionnels\/isil.html\" data-type=\"link\" data-id=\"https:\/\/www.nb.admin.ch\/snl\/de\/home\/fachinformationen\/isil.html\" target=\"_blank\" rel=\"noopener\">ISIL<\/a>, <a href=\"https:\/\/viaf.org\/fr\" data-type=\"link\" data-id=\"https:\/\/viaf.org\/de\" target=\"_blank\" rel=\"noopener\">VIAF<\/a>, <a href=\"https:\/\/explore.gnd.network\/\" data-type=\"link\" data-id=\"https:\/\/explore.gnd.network\/\" target=\"_blank\" rel=\"noopener\">GND<\/a>, <a href=\"https:\/\/www.idref.fr\/\" data-type=\"link\" data-id=\"https:\/\/www.idref.fr\/\" target=\"_blank\" rel=\"noopener\">IdRef<\/a>, <a href=\"https:\/\/hls-dhs-dss.ch\/fr\/\" type=\"link\" id=\"https:\/\/hls-dhs-dss.ch\/de\/\" target=\"_blank\" rel=\"noopener\">HDS\/HLS\/DHS\/DSS<\/a>, ecc.). \u00c8 possibile contribuire a Wikidata con o senza un account Wikimedia (Tuttavia, ti consigliamo vivamente di creare un account per seguire le tue modifiche e interagire con la community.)<\/p>\n\n\n\n<p>I vari elementi di Wikidata sono identificati da un identificatore univoco (il \u00abQID\u00bb) che si trova negli URL. I dati di Wikidata sono rilasciati sotto licenza <g id=\"gid_0\"><a href=\"https:\/\/creativecommons.org\/public-domain\/cc0\/\" data-type=\"link\" data-id=\"https:\/\/creativecommons.org\/public-domain\/cc0\/\" target=\"_blank\" rel=\"noreferrer noopener\"><strong>CC0<\/strong><\/a><\/g> e sono quindi liberamente riutilizzabili. La struttura dell\u2019informazione consente una lettura nativa di questi dati sia da parte degli esseri umani che delle macchine.<\/p>\n\n\n\n<h2 class=\"wp-block-heading\">3. Descrizione di un elemento Wikidata (voce di autorit\u00e0)<\/h2>\n\n\n\n<p>Esempio con l\u2019elemento <a href=\"http:\/\/www.wikidata.org\/entity\/Q787796\" data-type=\"link\" data-id=\"http:\/\/www.wikidata.org\/entity\/Q787796\" target=\"_blank\" rel=\"noopener\">Q787796 (Associazione degli archivisti svizzeri)<\/a><br><\/p>\n\n\n\n<figure class=\"wp-block-image size-full\"><img decoding=\"async\" src=\"https:\/\/vsa-aas.ch\/wp-content\/uploads\/2025\/11\/Wikidata-AAS_itFINAL.png\" alt=\"\" class=\"wp-image-71857\"\/><\/figure>\n\n\n\n<h2 class=\"wp-block-heading\">4. Visualizzazione delle informazioni nel panorama archivistico svizzero<\/h2>\n\n\n\n<p>Le informazioni visualizzate nel panorama archivistico svizzero provengono da Wikidata e vengono aggiornate regolarmente. Per aggiungere la tua istituzione o modificare le informazioni, \u00e8 necessario aggiornare Wikidata.  <\/p>\n\n\n\n<p>Il risultato viene mostrato sul sito dell\u2019AAS sotto forma di mappa.<\/p>\n\n\n\n<figure class=\"wp-block-image size-full is-resized\"><img fetchpriority=\"high\" decoding=\"async\" width=\"462\" height=\"470\" src=\"https:\/\/vsa-aas.ch\/wp-content\/uploads\/2025\/10\/Picture-2.png\" alt=\"\" class=\"wp-image-60094\" style=\"width:520px;height:auto\" srcset=\"https:\/\/vsa-aas.ch\/wp-content\/uploads\/2025\/10\/Picture-2.png 462w, https:\/\/vsa-aas.ch\/wp-content\/uploads\/2025\/10\/Picture-2-295x300.png 295w\" sizes=\"(max-width: 462px) 100vw, 462px\" \/><\/figure>\n\n\n\n<p>Le istituzioni sono contrassegnate da punti cliccabili. Ulteriori dettagli sono forniti sotto forma di elenco.  <\/p>\n\n\n\n<div class=\"wp-block-columns is-layout-flex wp-container-core-columns-is-layout-9d6595d7 wp-block-columns-is-layout-flex\">\n<div class=\"wp-block-column is-layout-flow wp-block-column-is-layout-flow\">\n<figure class=\"wp-block-image size-full\"><img decoding=\"async\" width=\"410\" height=\"300\" src=\"https:\/\/vsa-aas.ch\/wp-content\/uploads\/2025\/10\/Picture-3.png\" alt=\"\" class=\"wp-image-60091\" srcset=\"https:\/\/vsa-aas.ch\/wp-content\/uploads\/2025\/10\/Picture-3.png 410w, https:\/\/vsa-aas.ch\/wp-content\/uploads\/2025\/10\/Picture-3-300x220.png 300w\" sizes=\"(max-width: 410px) 100vw, 410px\" \/><\/figure>\n<\/div>\n\n\n\n<div class=\"wp-block-column is-layout-flow wp-block-column-is-layout-flow\">\n<figure class=\"wp-block-image size-full\"><img decoding=\"async\" width=\"402\" height=\"294\" src=\"https:\/\/vsa-aas.ch\/wp-content\/uploads\/2025\/10\/Picture-4.png\" alt=\"\" class=\"wp-image-60088\" style=\"object-fit:cover\" srcset=\"https:\/\/vsa-aas.ch\/wp-content\/uploads\/2025\/10\/Picture-4.png 402w, https:\/\/vsa-aas.ch\/wp-content\/uploads\/2025\/10\/Picture-4-300x219.png 300w\" sizes=\"(max-width: 402px) 100vw, 402px\" \/><\/figure>\n<\/div>\n<\/div>\n\n\n\n<h2 class=\"wp-block-heading\">5. Campi Wikidata gestiti nel panorama archivistico svizzero<\/h2>\n\n\n\n<p>L\u2019aggiornamento e l\u2019arricchimento dei dati in Wikidata spetta a tutti\/e (comunit\u00e0 archivistica e Wikimedia).<\/p>\n\n\n\n<p>Affinch\u00e9 l\u2019istituto di vostra scelta appaia nella mappa PAS, abbiamo specificato nella 1a tabella seguente i campi (propriet\u00e0) che \u00e8 obbligatorio compilare e abbiamo indicato dei valori consigliati. <\/p>\n\n\n\n<figure class=\"wp-block-table\"><table class=\"has-fixed-layout\" style=\"border-width:1px\"><thead><tr><th><\/th><th><strong>Valori da compilare obbligatoriamente per apparire nel panorama archivistico svizzero<\/strong><\/th><\/tr><\/thead><tbody><tr><td colspan=\"2\"><strong>Description area<\/strong><strong><\/strong><\/td><\/tr><tr><td><strong><em>Label<\/em><\/strong><strong><em><\/em><\/strong><\/td><td>Nome dell\u2019istituzione<\/td><\/tr><tr><td><strong><em>Description<\/em><\/strong><strong><em><\/em><\/strong><\/td><td>Descrizione dell\u2019istituzione in poche parole (contesto e disambiguit\u00e0)<\/td><\/tr><tr><td><strong><em>Also known as<\/em><\/strong><strong><em><\/em><\/strong><\/td><td>Altri nomi dell\u2019istituzione (se presenti)<\/td><\/tr><tr><td colspan=\"2\"><strong>Statement area<\/strong><strong><\/strong><\/td><\/tr><tr><td><strong><em>Instance of (P31)<\/em><\/strong><strong><em><\/em><\/strong><\/td><td>O un valore generico<br>\u00b7 archives (Q166118)<br><br>Oppure un valore pi\u00f9 preciso (consigliato):<br><br>\u00b7 archives nationales (Q2122214)<br><br>\u00b7 archives communales (Q604177)<br><br>\u00b7 archives eccl\u00e9siastiques (Q2877653)<br><br>\u00b7 archives sp\u00e9cialis\u00e9es (Q27030941)<br> <\/td><\/tr><tr><td><strong><em>Country (P17)<\/em><\/strong><strong><em><\/em><\/strong><\/td><td>Svizzera (Q39) o Liechtenstein (Q347)<\/td><\/tr><tr><td><strong><em>Coordinate location (P625)<\/em><\/strong><strong><em><\/em><\/strong><\/td><td>Coordinate geografiche (GPS) dell\u2019istituzione<\/td><\/tr><\/tbody><\/table><\/figure>\n\n\n\n<p>La mappa PAS raccoglie anche altre propriet\u00e0. Se inserite, esse vengono visualizzate in modo rilevante nel PAS.  <\/p>\n\n\n\n<figure class=\"wp-block-table\"><table class=\"has-fixed-layout\" style=\"border-width:1px\"><thead><tr><th><\/th><th><strong>Valori che si consiglia di inserire in Wikidata<\/strong><\/th><\/tr><\/thead><tbody><tr><td><em>Image (P18)<\/em><\/td><td>Immagine dell\u2019istituzione (file multimediale di Wikimedia Commons, nome del file senza File:)<\/td><\/tr><tr><td><em>Street adress (P6375)<\/em><em><\/em><\/td><td>Indirizzo completo dell\u2019istituzione (nome via, numero civico, codice postale, localit\u00e0)<\/td><\/tr><tr><td><em>Postal Code (P281)<\/em><em><\/em><\/td><td>Codice postale dell\u2019istituzione (stringa di caratteri)<\/td><\/tr><tr><td><em>Phone number (P1329)<\/em><em><\/em><\/td><td>Numero di telefono in formato standard (RFC3966)<\/td><\/tr><tr><td><em>Email adress (P968)<\/em><em><\/em><\/td><td>Indirizzo e-mail dell\u2019istituzione (con prefisso mailto:)<\/td><\/tr><tr><td><em>Official website (P856)<\/em><em><\/em><\/td><td>URL della home page del sito web ufficiale dell\u2019istituziones<\/td><\/tr><tr><td><em>Online catalog URL (P8768)<\/em><em><\/em><\/td><td>URL del catalogo online o portale di archivio<\/td><\/tr><tr><td><em>Heritage designation (P1435)<\/em><em><\/em><\/td><td>Stato patrimoniale<\/td><\/tr><tr><td colspan=\"2\"><strong>Identifiers area (se esistenti)<\/strong><\/td><\/tr><tr><td><em>ISIL (P213)<\/em><strong><\/strong><\/td><td>Identificatore internazionale standardizzato dell\u2019istituzione (secondo ISO 15511)<\/td><\/tr><tr><td><em>ISNI (P213)<\/em><em><\/em><\/td><td>Identificatore ISNI (ISO 27729)<\/td><\/tr><tr><td><em>PCP reference number (P381)<\/em><em><\/em><\/td><td>Identificatore PBC per i beni culturali d\u2019importanza nazionale e regionale in Svizzera<\/td><\/tr><tr><td><em>Archives Portal Europe ID (P7764)<\/em><em><\/em><\/td><td>Identificatore dell\u2019istituzione nel Portale europeo degli archivi<\/td><\/tr><tr><td><em>GLAM ID (P3066)<\/em><em><\/em><\/td><td>Identificatore unico per le istituzioni che custodiscono patrimonio culturale (OpenGLAM)<\/td><\/tr><tr><td><em>HDS ID (P902)<\/em><em><\/em><\/td><td>Identificatore dell\u2019istituzione nel Dizionario storico della Svizzera (DSS)<\/td><\/tr><\/tbody><\/table><\/figure>\n","protected":false},"excerpt":{"rendered":"<p>Procedura da seguire per una mappa delle istituzioni archivistiche della Svizzera e del Liechtenstein 1. Contesto e obiettivi di questa procedura Nell\u2019ambito del centenario dell\u2019AAS nel 2022 e del rifacimento&hellip;&nbsp;<a href=\"https:\/\/vsa-aas.ch\/it\/archivi-svizzeri\/il-paesaggio-archivistico-svizzero\/guida-wikidata\/\" rel=\"bookmark\">Read More &raquo;<span class=\"screen-reader-text\">Guida Wikidata<\/span><\/a><\/p>\n","protected":false},"author":5,"featured_media":0,"parent":30005,"menu_order":0,"comment_status":"closed","ping_status":"closed","template":"","meta":{"neve_meta_sidebar":"","neve_meta_container":"","neve_meta_enable_content_width":"","neve_meta_content_width":0,"neve_meta_title_alignment":"","neve_meta_author_avatar":"","neve_post_elements_order":"","neve_meta_disable_header":"","neve_meta_disable_footer":"","neve_meta_disable_title":"","neve_meta_reading_time":"","_price":"","_stock":"","_tribe_ticket_header":"","_tribe_default_ticket_provider":"","_tribe_ticket_capacity":"0","_ticket_start_date":"","_ticket_end_date":"","_tribe_ticket_show_description":"","_tribe_ticket_show_not_going":false,"_tribe_ticket_use_global_stock":"","_tribe_ticket_global_stock_level":"","_global_stock_mode":"","_global_stock_cap":"","_tribe_rsvp_for_event":"","_tribe_ticket_going_count":"","_tribe_ticket_not_going_count":"","_tribe_tickets_list":"[]","_tribe_ticket_has_attendee_info_fields":false,"footnotes":"","_tec_slr_enabled":"","_tec_slr_layout":""},"folder":[],"class_list":["post-72012","page","type-page","status-publish","hentry"],"ticketed":false,"_links":{"self":[{"href":"https:\/\/vsa-aas.ch\/it\/wp-json\/wp\/v2\/pages\/72012","targetHints":{"allow":["GET"]}}],"collection":[{"href":"https:\/\/vsa-aas.ch\/it\/wp-json\/wp\/v2\/pages"}],"about":[{"href":"https:\/\/vsa-aas.ch\/it\/wp-json\/wp\/v2\/types\/page"}],"author":[{"embeddable":true,"href":"https:\/\/vsa-aas.ch\/it\/wp-json\/wp\/v2\/users\/5"}],"replies":[{"embeddable":true,"href":"https:\/\/vsa-aas.ch\/it\/wp-json\/wp\/v2\/comments?post=72012"}],"version-history":[{"count":15,"href":"https:\/\/vsa-aas.ch\/it\/wp-json\/wp\/v2\/pages\/72012\/revisions"}],"predecessor-version":[{"id":72806,"href":"https:\/\/vsa-aas.ch\/it\/wp-json\/wp\/v2\/pages\/72012\/revisions\/72806"}],"up":[{"embeddable":true,"href":"https:\/\/vsa-aas.ch\/it\/wp-json\/wp\/v2\/pages\/30005"}],"wp:attachment":[{"href":"https:\/\/vsa-aas.ch\/it\/wp-json\/wp\/v2\/media?parent=72012"}],"wp:term":[{"taxonomy":"folder","embeddable":true,"href":"https:\/\/vsa-aas.ch\/it\/wp-json\/wp\/v2\/folder?post=72012"}],"curies":[{"name":"wp","href":"https:\/\/api.w.org\/{rel}","templated":true}]}}